{"id":109,"date":"2024-02-16T18:17:22","date_gmt":"2024-02-16T16:17:22","guid":{"rendered":"https:\/\/pumpuruvsk.jurmala.lv\/wordpress\/?page_id=109"},"modified":"2025-10-24T11:53:19","modified_gmt":"2025-10-24T09:53:19","slug":"pamatsaraksts","status":"publish","type":"page","link":"https:\/\/pumpuruvsk.jurmala.lv\/?page_id=109","title":{"rendered":"PAMATSARAKSTS"},"content":{"rendered":"\t\t<div data-elementor-type=\"wp-page\" data-elementor-id=\"109\" class=\"elementor elementor-109\">\n\t\t\t\t<div class=\"elementor-element elementor-element-90c5fe5 e-flex e-con-boxed e-con e-parent\" data-id=\"90c5fe5\" data-element_type=\"container\">\n\t\t\t\t\t<div class=\"e-con-inner\">\n\t\t\t\t<div class=\"elementor-element elementor-element-5ef1e83 elementor-widget elementor-widget-text-editor\" data-id=\"5ef1e83\" data-element_type=\"widget\" data-widget_type=\"text-editor.default\">\n\t\t\t\t<div class=\"elementor-widget-container\">\n\t\t\t\t\t\t\t\t\t<p>Stundu saraksts 2025.\/2026. m\u0101c\u012bbu gadam<\/p>\t\t\t\t\t\t\t\t<\/div>\n\t\t\t\t<\/div>\n\t\t\t\t\t<\/div>\n\t\t\t\t<\/div>\n\t\t<div class=\"elementor-element elementor-element-49ff002 e-flex e-con-boxed e-con e-parent\" data-id=\"49ff002\" data-element_type=\"container\">\n\t\t\t\t\t<div class=\"e-con-inner\">\n\t\t\t\t<div class=\"elementor-element elementor-element-c1e5f7b elementor-align-center elementor-widget elementor-widget-button\" data-id=\"c1e5f7b\" data-element_type=\"widget\" data-widget_type=\"button.default\">\n\t\t\t\t<div class=\"elementor-widget-container\">\n\t\t\t\t\t\t\t\t\t<div class=\"elementor-button-wrapper\">\n\t\t\t\t\t<a class=\"elementor-button elementor-button-link elementor-size-sm\" href=\"https:\/\/docs.google.com\/spreadsheets\/d\/1TvkKk62AP1wKu4xisvlFEMzT4U0VBq234gZnlk2wGrE\/edit?usp=sharing\">\n\t\t\t\t\t\t<span class=\"elementor-button-content-wrapper\">\n\t\t\t\t\t\t\t\t\t<span class=\"elementor-button-text\">STUNDU SARAKSTS KRONVALDA IEL\u0100 8 (5. - 12.KL.)<\/span>\n\t\t\t\t\t<\/span>\n\t\t\t\t\t<\/a>\n\t\t\t\t<\/div>\n\t\t\t\t\t\t\t\t<\/div>\n\t\t\t\t<\/div>\n\t\t\t\t\t<\/div>\n\t\t\t\t<\/div>\n\t\t<div class=\"elementor-element elementor-element-334b794 e-flex e-con-boxed e-con e-parent\" data-id=\"334b794\" data-element_type=\"container\">\n\t\t\t\t\t<div class=\"e-con-inner\">\n\t\t\t\t<div class=\"elementor-element elementor-element-78e93d0 elementor-align-center elementor-widget elementor-widget-button\" data-id=\"78e93d0\" data-element_type=\"widget\" data-widget_type=\"button.default\">\n\t\t\t\t<div class=\"elementor-widget-container\">\n\t\t\t\t\t\t\t\t\t<div class=\"elementor-button-wrapper\">\n\t\t\t\t\t<a class=\"elementor-button elementor-button-link elementor-size-sm\" href=\"https:\/\/docs.google.com\/spreadsheets\/d\/1k9uTfkosG1wjPWZa-dLeZ959S2OREotPdzKbliuta2M\/edit?gid=0#gid=0\">\n\t\t\t\t\t\t<span class=\"elementor-button-content-wrapper\">\n\t\t\t\t\t\t\t\t\t<span class=\"elementor-button-text\">STUNDU SARAKSTS LIELUPES IEL\u0100 21 (5. - 9 .KL.)<\/span>\n\t\t\t\t\t<\/span>\n\t\t\t\t\t<\/a>\n\t\t\t\t<\/div>\n\t\t\t\t\t\t\t\t<\/div>\n\t\t\t\t<\/div>\n\t\t\t\t\t<\/div>\n\t\t\t\t<\/div>\n\t\t<div class=\"elementor-element elementor-element-43f8954 e-flex e-con-boxed e-con e-parent\" data-id=\"43f8954\" data-element_type=\"container\">\n\t\t\t\t\t<div class=\"e-con-inner\">\n\t\t\t\t<div class=\"elementor-element elementor-element-c6da48d elementor-align-center elementor-widget elementor-widget-button\" data-id=\"c6da48d\" data-element_type=\"widget\" data-widget_type=\"button.default\">\n\t\t\t\t<div class=\"elementor-widget-container\">\n\t\t\t\t\t\t\t\t\t<div class=\"elementor-button-wrapper\">\n\t\t\t\t\t<a class=\"elementor-button elementor-button-link elementor-size-sm\" href=\"https:\/\/jurmalalv-my.sharepoint.com\/:x:\/g\/personal\/julija_morgunova_edu_jurmala_lv\/EYiVn7zEtlNDvXT1W7AQXCgBSPBlw5nUQvlPNPt7TCCEXg?e=qOu2L1\">\n\t\t\t\t\t\t<span class=\"elementor-button-content-wrapper\">\n\t\t\t\t\t\t\t\t\t<span class=\"elementor-button-text\">STUNDU SARAKSTS LIELUPES IEL\u0100 21 (1. - 4.KL.)<\/span>\n\t\t\t\t\t<\/span>\n\t\t\t\t\t<\/a>\n\t\t\t\t<\/div>\n\t\t\t\t\t\t\t\t<\/div>\n\t\t\t\t<\/div>\n\t\t\t\t\t<\/div>\n\t\t\t\t<\/div>\n\t\t\t\t<\/div>\n\t\t","protected":false},"excerpt":{"rendered":"<p>Stundu saraksts 2025.\/2026. m\u0101c\u012bbu gadam STUNDU SARAKSTS KRONVALDA IEL\u0100 8 (5. &#8211; 12.KL.) STUNDU SARAKSTS LIELUPES IEL\u0100 21 (5. &#8211; 9 .KL.) STUNDU SARAKSTS LIELUPES IEL\u0100 21 (1. &#8211; 4.KL.)<\/p>\n","protected":false},"author":1,"featured_media":0,"parent":0,"menu_order":0,"comment_status":"closed","ping_status":"closed","template":"","meta":{"footnotes":""},"class_list":["post-109","page","type-page","status-publish","hentry"],"yoast_head":"<!-- This site is optimized with the Yoast SEO plugin v23.1 - https:\/\/yoast.com\/wordpress\/plugins\/seo\/ -->\n<title>PAMATSARAKSTS - J\u016aRMALAS VALSTSPILS\u0112TAS PUMPURU VIDUSSKOLA<\/title>\n<meta name=\"robots\" content=\"index, follow, max-snippet:-1, max-image-preview:large, max-video-preview:-1\" \/>\n<link rel=\"canonical\" href=\"https:\/\/pumpuruvsk.jurmala.lv\/?page_id=109\" \/>\n<meta property=\"og:locale\" content=\"lv_LV\" \/>\n<meta property=\"og:type\" content=\"article\" \/>\n<meta property=\"og:title\" content=\"PAMATSARAKSTS - J\u016aRMALAS VALSTSPILS\u0112TAS PUMPURU VIDUSSKOLA\" \/>\n<meta property=\"og:description\" content=\"Stundu saraksts 2025.\/2026. m\u0101c\u012bbu gadam STUNDU SARAKSTS KRONVALDA IEL\u0100 8 (5. &#8211; 12.KL.) STUNDU SARAKSTS LIELUPES IEL\u0100 21 (5. &#8211; 9 .KL.) STUNDU SARAKSTS LIELUPES IEL\u0100 21 (1. &#8211; 4.KL.)\" \/>\n<meta property=\"og:url\" content=\"https:\/\/pumpuruvsk.jurmala.lv\/?page_id=109\" \/>\n<meta property=\"og:site_name\" content=\"J\u016aRMALAS VALSTSPILS\u0112TAS PUMPURU VIDUSSKOLA\" \/>\n<meta property=\"article:publisher\" content=\"https:\/\/www.facebook.com\/people\/Jrmalas-valstspilstas-Pumpuru-vidusskola\/61565829730579\/\" \/>\n<meta property=\"article:modified_time\" content=\"2025-10-24T09:53:19+00:00\" \/>\n<meta name=\"twitter:card\" content=\"summary_large_image\" \/>\n<meta name=\"twitter:label1\" content=\"Est. reading time\" \/>\n\t<meta name=\"twitter:data1\" content=\"1 min\u016bte\" \/>\n<script type=\"application\/ld+json\" class=\"yoast-schema-graph\">{\"@context\":\"https:\/\/schema.org\",\"@graph\":[{\"@type\":\"WebPage\",\"@id\":\"https:\/\/pumpuruvsk.jurmala.lv\/?page_id=109\",\"url\":\"https:\/\/pumpuruvsk.jurmala.lv\/?page_id=109\",\"name\":\"PAMATSARAKSTS - J\u016aRMALAS VALSTSPILS\u0112TAS PUMPURU VIDUSSKOLA\",\"isPartOf\":{\"@id\":\"https:\/\/pumpuruvsk.jurmala.lv\/#website\"},\"datePublished\":\"2024-02-16T16:17:22+00:00\",\"dateModified\":\"2025-10-24T09:53:19+00:00\",\"breadcrumb\":{\"@id\":\"https:\/\/pumpuruvsk.jurmala.lv\/?page_id=109#breadcrumb\"},\"inLanguage\":\"lv-LV\",\"potentialAction\":[{\"@type\":\"ReadAction\",\"target\":[\"https:\/\/pumpuruvsk.jurmala.lv\/?page_id=109\"]}]},{\"@type\":\"BreadcrumbList\",\"@id\":\"https:\/\/pumpuruvsk.jurmala.lv\/?page_id=109#breadcrumb\",\"itemListElement\":[{\"@type\":\"ListItem\",\"position\":1,\"name\":\"Home\",\"item\":\"https:\/\/pumpuruvsk.jurmala.lv\/\"},{\"@type\":\"ListItem\",\"position\":2,\"name\":\"PAMATSARAKSTS\"}]},{\"@type\":\"WebSite\",\"@id\":\"https:\/\/pumpuruvsk.jurmala.lv\/#website\",\"url\":\"https:\/\/pumpuruvsk.jurmala.lv\/\",\"name\":\"J\u016aRMALAS VALSTSPILS\u0112TAS PUMPURU VIDUSSKOLA.\",\"description\":\"SKOLA IZAUGSMEI\",\"publisher\":{\"@id\":\"https:\/\/pumpuruvsk.jurmala.lv\/#organization\"},\"potentialAction\":[{\"@type\":\"SearchAction\",\"target\":{\"@type\":\"EntryPoint\",\"urlTemplate\":\"https:\/\/pumpuruvsk.jurmala.lv\/?s={search_term_string}\"},\"query-input\":\"required name=search_term_string\"}],\"inLanguage\":\"lv-LV\"},{\"@type\":\"Organization\",\"@id\":\"https:\/\/pumpuruvsk.jurmala.lv\/#organization\",\"name\":\"J\u016aRMALAS VALSTSPILS\u0112TAS PUMPURU VIDUSSKOLA\",\"url\":\"https:\/\/pumpuruvsk.jurmala.lv\/\",\"logo\":{\"@type\":\"ImageObject\",\"inLanguage\":\"lv-LV\",\"@id\":\"https:\/\/pumpuruvsk.jurmala.lv\/#\/schema\/logo\/image\/\",\"url\":\"https:\/\/pumpuruvsk.jurmala.lv\/wp-content\/uploads\/2024\/02\/cropped-cropped-JPV-mazais-1-2.png\",\"contentUrl\":\"https:\/\/pumpuruvsk.jurmala.lv\/wp-content\/uploads\/2024\/02\/cropped-cropped-JPV-mazais-1-2.png\",\"width\":4500,\"height\":4500,\"caption\":\"J\u016aRMALAS VALSTSPILS\u0112TAS PUMPURU VIDUSSKOLA\"},\"image\":{\"@id\":\"https:\/\/pumpuruvsk.jurmala.lv\/#\/schema\/logo\/image\/\"},\"sameAs\":[\"https:\/\/www.facebook.com\/people\/Jrmalas-valstspilstas-Pumpuru-vidusskola\/61565829730579\/\"]}]}<\/script>\n<!-- \/ Yoast SEO plugin. -->","yoast_head_json":{"title":"PAMATSARAKSTS - J\u016aRMALAS VALSTSPILS\u0112TAS PUMPURU VIDUSSKOLA","robots":{"index":"index","follow":"follow","max-snippet":"max-snippet:-1","max-image-preview":"max-image-preview:large","max-video-preview":"max-video-preview:-1"},"canonical":"https:\/\/pumpuruvsk.jurmala.lv\/?page_id=109","og_locale":"lv_LV","og_type":"article","og_title":"PAMATSARAKSTS - J\u016aRMALAS VALSTSPILS\u0112TAS PUMPURU VIDUSSKOLA","og_description":"Stundu saraksts 2025.\/2026. m\u0101c\u012bbu gadam STUNDU SARAKSTS KRONVALDA IEL\u0100 8 (5. &#8211; 12.KL.) STUNDU SARAKSTS LIELUPES IEL\u0100 21 (5. &#8211; 9 .KL.) STUNDU SARAKSTS LIELUPES IEL\u0100 21 (1. &#8211; 4.KL.)","og_url":"https:\/\/pumpuruvsk.jurmala.lv\/?page_id=109","og_site_name":"J\u016aRMALAS VALSTSPILS\u0112TAS PUMPURU VIDUSSKOLA","article_publisher":"https:\/\/www.facebook.com\/people\/Jrmalas-valstspilstas-Pumpuru-vidusskola\/61565829730579\/","article_modified_time":"2025-10-24T09:53:19+00:00","twitter_card":"summary_large_image","twitter_misc":{"Est. reading time":"1 min\u016bte"},"schema":{"@context":"https:\/\/schema.org","@graph":[{"@type":"WebPage","@id":"https:\/\/pumpuruvsk.jurmala.lv\/?page_id=109","url":"https:\/\/pumpuruvsk.jurmala.lv\/?page_id=109","name":"PAMATSARAKSTS - J\u016aRMALAS VALSTSPILS\u0112TAS PUMPURU VIDUSSKOLA","isPartOf":{"@id":"https:\/\/pumpuruvsk.jurmala.lv\/#website"},"datePublished":"2024-02-16T16:17:22+00:00","dateModified":"2025-10-24T09:53:19+00:00","breadcrumb":{"@id":"https:\/\/pumpuruvsk.jurmala.lv\/?page_id=109#breadcrumb"},"inLanguage":"lv-LV","potentialAction":[{"@type":"ReadAction","target":["https:\/\/pumpuruvsk.jurmala.lv\/?page_id=109"]}]},{"@type":"BreadcrumbList","@id":"https:\/\/pumpuruvsk.jurmala.lv\/?page_id=109#breadcrumb","itemListElement":[{"@type":"ListItem","position":1,"name":"Home","item":"https:\/\/pumpuruvsk.jurmala.lv\/"},{"@type":"ListItem","position":2,"name":"PAMATSARAKSTS"}]},{"@type":"WebSite","@id":"https:\/\/pumpuruvsk.jurmala.lv\/#website","url":"https:\/\/pumpuruvsk.jurmala.lv\/","name":"J\u016aRMALAS VALSTSPILS\u0112TAS PUMPURU VIDUSSKOLA.","description":"SKOLA IZAUGSMEI","publisher":{"@id":"https:\/\/pumpuruvsk.jurmala.lv\/#organization"},"potentialAction":[{"@type":"SearchAction","target":{"@type":"EntryPoint","urlTemplate":"https:\/\/pumpuruvsk.jurmala.lv\/?s={search_term_string}"},"query-input":"required name=search_term_string"}],"inLanguage":"lv-LV"},{"@type":"Organization","@id":"https:\/\/pumpuruvsk.jurmala.lv\/#organization","name":"J\u016aRMALAS VALSTSPILS\u0112TAS PUMPURU VIDUSSKOLA","url":"https:\/\/pumpuruvsk.jurmala.lv\/","logo":{"@type":"ImageObject","inLanguage":"lv-LV","@id":"https:\/\/pumpuruvsk.jurmala.lv\/#\/schema\/logo\/image\/","url":"https:\/\/pumpuruvsk.jurmala.lv\/wp-content\/uploads\/2024\/02\/cropped-cropped-JPV-mazais-1-2.png","contentUrl":"https:\/\/pumpuruvsk.jurmala.lv\/wp-content\/uploads\/2024\/02\/cropped-cropped-JPV-mazais-1-2.png","width":4500,"height":4500,"caption":"J\u016aRMALAS VALSTSPILS\u0112TAS PUMPURU VIDUSSKOLA"},"image":{"@id":"https:\/\/pumpuruvsk.jurmala.lv\/#\/schema\/logo\/image\/"},"sameAs":["https:\/\/www.facebook.com\/people\/Jrmalas-valstspilstas-Pumpuru-vidusskola\/61565829730579\/"]}]}},"_links":{"self":[{"href":"https:\/\/pumpuruvsk.jurmala.lv\/index.php?rest_route=\/wp\/v2\/pages\/109","targetHints":{"allow":["GET"]}}],"collection":[{"href":"https:\/\/pumpuruvsk.jurmala.lv\/index.php?rest_route=\/wp\/v2\/pages"}],"about":[{"href":"https:\/\/pumpuruvsk.jurmala.lv\/index.php?rest_route=\/wp\/v2\/types\/page"}],"author":[{"embeddable":true,"href":"https:\/\/pumpuruvsk.jurmala.lv\/index.php?rest_route=\/wp\/v2\/users\/1"}],"replies":[{"embeddable":true,"href":"https:\/\/pumpuruvsk.jurmala.lv\/index.php?rest_route=%2Fwp%2Fv2%2Fcomments&post=109"}],"version-history":[{"count":91,"href":"https:\/\/pumpuruvsk.jurmala.lv\/index.php?rest_route=\/wp\/v2\/pages\/109\/revisions"}],"predecessor-version":[{"id":5663,"href":"https:\/\/pumpuruvsk.jurmala.lv\/index.php?rest_route=\/wp\/v2\/pages\/109\/revisions\/5663"}],"wp:attachment":[{"href":"https:\/\/pumpuruvsk.jurmala.lv\/index.php?rest_route=%2Fwp%2Fv2%2Fmedia&parent=109"}],"curies":[{"name":"wp","href":"https:\/\/api.w.org\/{rel}","templated":true}]}}