{"id":115,"date":"2024-02-16T18:18:12","date_gmt":"2024-02-16T16:18:12","guid":{"rendered":"https:\/\/pumpuruvsk.jurmala.lv\/wordpress\/?page_id=115"},"modified":"2025-09-05T15:45:47","modified_gmt":"2025-09-05T13:45:47","slug":"stundu-laiki","status":"publish","type":"page","link":"https:\/\/pumpuruvsk.jurmala.lv\/?page_id=115","title":{"rendered":"STUNDU LAIKI"},"content":{"rendered":"\t\t<div data-elementor-type=\"wp-page\" data-elementor-id=\"115\" class=\"elementor elementor-115\">\n\t\t\t\t<div class=\"elementor-element elementor-element-54025c7e e-flex e-con-boxed e-con e-parent\" data-id=\"54025c7e\" data-element_type=\"container\">\n\t\t\t\t\t<div class=\"e-con-inner\">\n\t\t\t\t<div class=\"elementor-element elementor-element-7c3b1cf4 elementor-widget elementor-widget-text-editor\" data-id=\"7c3b1cf4\" data-element_type=\"widget\" data-widget_type=\"text-editor.default\">\n\t\t\t\t<div class=\"elementor-widget-container\">\n\t\t\t\t\t\t\t\t\t<figure class=\"wp-block-table aligncenter is-style-regular\">\n<table>\n<thead>\n<tr>\n<th class=\"has-text-align-center\" data-align=\"center\">STUNDAS<\/th>\n<th>LAIKS<\/th>\n<th>KRONVALDA \u0112KA<\/th>\n<th>LIELUPES \u0112KA<\/th>\n<\/tr>\n<\/thead>\n<tbody>\n<tr>\n<td class=\"has-text-align-center\" data-align=\"center\"><strong>0.<\/strong><\/td>\n<td>8.00 &#8211; 8.40<\/td>\n<td>\u00a0<\/td>\n<td>\u00a0<\/td>\n<\/tr>\n<tr>\n<td class=\"has-text-align-center\" data-align=\"center\">\u00a0<\/td>\n<td>8.40 &#8211; 8.45<\/td>\n<td>Starpbr\u012bdis<\/td>\n<td>Starpbr\u012bdis<\/td>\n<\/tr>\n<tr>\n<td class=\"has-text-align-center\" data-align=\"center\"><strong>1.<\/strong><\/td>\n<td>8.45 &#8211; 9.25<\/td>\n<td>\u00a0<\/td>\n<td>\u00a0<\/td>\n<\/tr>\n<tr>\n<td class=\"has-text-align-center\" data-align=\"center\">\u00a0<\/td>\n<td>9.25 &#8211; 9.35<\/td>\n<td>Starpbr\u012bdis<\/td>\n<td>Starpbr\u012bdis<\/td>\n<\/tr>\n<tr>\n<td class=\"has-text-align-center\" data-align=\"center\"><strong>2.<\/strong><\/td>\n<td>9.35 &#8211; 10.15<\/td>\n<td>\u00a0<\/td>\n<td>\u00a0<\/td>\n<\/tr>\n<tr>\n<td class=\"has-text-align-center\" data-align=\"center\">\u00a0<\/td>\n<td>10.15 &#8211; 10.25<\/td>\n<td>Starpbr\u012bdis<\/td>\n<td>Starpbr\u012bdis<\/td>\n<\/tr>\n<tr>\n<td class=\"has-text-align-center\" data-align=\"center\"><strong>3.<\/strong><\/td>\n<td>10.25 &#8211; 11.05<\/td>\n<td>\u00a0<\/td>\n<td>\u00a0<\/td>\n<\/tr>\n<tr>\n<td class=\"has-text-align-center\" data-align=\"center\">\u00a0<\/td>\n<td>11.05 &#8211; 11.35<\/td>\n<td>Pusdieno 5.-6.klases (pie galdiem)<br \/>12.klase (rind\u0101)<\/td>\n<td>1.-2.klases<\/td>\n<\/tr>\n<tr>\n<td class=\"has-text-align-center\" data-align=\"center\"><strong>4.<\/strong><\/td>\n<td>11.35 &#8211; 12.15<\/td>\n<td>\u00a0<\/td>\n<td>\u00a0<\/td>\n<\/tr>\n<tr>\n<td class=\"has-text-align-center\" data-align=\"center\">\u00a0<\/td>\n<td>12.15 &#8211; 12.40<\/td>\n<td>Pusdieno 7.-8.klases (pie galdiem)<br \/>11.klase (rind\u0101)<\/td>\n<td>3.-4.klases<\/td>\n<\/tr>\n<tr>\n<td class=\"has-text-align-center\" data-align=\"center\"><strong>5. <\/strong><\/td>\n<td>12.40 &#8211; 13.20<\/td>\n<td>\u00a0<\/td>\n<td>\u00a0<\/td>\n<\/tr>\n<tr>\n<td class=\"has-text-align-center\" data-align=\"center\">\u00a0<\/td>\n<td>13.20 &#8211; 13.45<\/td>\n<td>Pusdieno 9.klases (pie galdiem)<br \/>10.klase (rind\u0101)<\/td>\n<td>5.d, 5.e, 6.e, 7.d, 7.e, 8.d, 9.d<\/td>\n<\/tr>\n<tr>\n<td class=\"has-text-align-center\" data-align=\"center\"><strong>6.<\/strong><\/td>\n<td>13.45 &#8211; 14.25<\/td>\n<td>\u00a0<\/td>\n<td>\u00a0<\/td>\n<\/tr>\n<tr>\n<td class=\"has-text-align-center\" data-align=\"center\">\u00a0<\/td>\n<td>14.25 &#8211; 14.30<\/td>\n<td>Starpbr\u012bdis<\/td>\n<td>\u00a0<\/td>\n<\/tr>\n<tr>\n<td class=\"has-text-align-center\" data-align=\"center\"><strong>7.<\/strong><\/td>\n<td>14.30 &#8211; 15.10<\/td>\n<td>\u00a0<\/td>\n<td>\u00a0<\/td>\n<\/tr>\n<tr>\n<td class=\"has-text-align-center\" data-align=\"center\">\u00a0<\/td>\n<td>15.10 &#8211; 15.15<\/td>\n<td>Starpbr\u012bdis<\/td>\n<td>Launags 1.-3.klasei<\/td>\n<\/tr>\n<tr>\n<td class=\"has-text-align-center\" data-align=\"center\"><strong>8.<\/strong><\/td>\n<td>15.15 &#8211; 15.55<\/td>\n<td>\u00a0<\/td>\n<td>\u00a0<\/td>\n<\/tr>\n<tr>\n<td class=\"has-text-align-center\" data-align=\"center\">\u00a0<\/td>\n<td>\u00a0<\/td>\n<td>\u00a0<\/td>\n<td>\u00a0<\/td>\n<\/tr>\n<tr>\n<td class=\"has-text-align-center\" data-align=\"center\">\u00a0<\/td>\n<td>\u00a0<\/td>\n<td>\u00a0<\/td>\n<td>\u00a0<\/td>\n<\/tr>\n<\/tbody>\n<\/table>\n<\/figure>\n<p><!-- \/wp:table --><\/p>\n<p><!-- wp:image {\"id\":2706,\"sizeSlug\":\"large\",\"linkDestination\":\"none\"} --><\/p>\n<figure class=\"wp-block-image size-large\"><\/figure>\n<p><!-- \/wp:image --><\/p>\n<p><!-- wp:paragraph --><\/p>\n<p><!-- \/wp:paragraph --><\/p>\t\t\t\t\t\t\t\t<\/div>\n\t\t\t\t<\/div>\n\t\t\t\t\t<\/div>\n\t\t\t\t<\/div>\n\t\t\t\t<\/div>\n\t\t","protected":false},"excerpt":{"rendered":"<p>STUNDAS LAIKS KRONVALDA \u0112KA LIELUPES \u0112KA 0. 8.00 &#8211; 8.40 \u00a0 \u00a0 \u00a0 8.40 &#8211; 8.45 Starpbr\u012bdis Starpbr\u012bdis 1. 8.45 &#8211; 9.25 \u00a0 \u00a0 \u00a0 9.25 &#8211; 9.35 Starpbr\u012bdis Starpbr\u012bdis 2. 9.35 &#8211; 10.15 \u00a0 \u00a0 \u00a0 10.15 &#8211; 10.25 Starpbr\u012bdis Starpbr\u012bdis 3. 10.25 &#8211; 11.05 \u00a0 \u00a0 \u00a0 11.05 &#8211; 11.35 Pusdieno 5.-6.klases (pie&#8230;<\/p>\n","protected":false},"author":1,"featured_media":0,"parent":0,"menu_order":0,"comment_status":"closed","ping_status":"closed","template":"","meta":{"footnotes":""},"class_list":["post-115","page","type-page","status-publish","hentry"],"yoast_head":"<!-- This site is optimized with the Yoast SEO plugin v23.1 - https:\/\/yoast.com\/wordpress\/plugins\/seo\/ -->\n<title>STUNDU LAIKI - J\u016aRMALAS VALSTSPILS\u0112TAS PUMPURU VIDUSSKOLA<\/title>\n<meta name=\"robots\" content=\"index, follow, max-snippet:-1, max-image-preview:large, max-video-preview:-1\" \/>\n<link rel=\"canonical\" href=\"https:\/\/pumpuruvsk.jurmala.lv\/?page_id=115\" \/>\n<meta property=\"og:locale\" content=\"lv_LV\" \/>\n<meta property=\"og:type\" content=\"article\" \/>\n<meta property=\"og:title\" content=\"STUNDU LAIKI - J\u016aRMALAS VALSTSPILS\u0112TAS PUMPURU VIDUSSKOLA\" \/>\n<meta property=\"og:description\" content=\"STUNDAS LAIKS KRONVALDA \u0112KA LIELUPES \u0112KA 0. 8.00 &#8211; 8.40 \u00a0 \u00a0 \u00a0 8.40 &#8211; 8.45 Starpbr\u012bdis Starpbr\u012bdis 1. 8.45 &#8211; 9.25 \u00a0 \u00a0 \u00a0 9.25 &#8211; 9.35 Starpbr\u012bdis Starpbr\u012bdis 2. 9.35 &#8211; 10.15 \u00a0 \u00a0 \u00a0 10.15 &#8211; 10.25 Starpbr\u012bdis Starpbr\u012bdis 3. 10.25 &#8211; 11.05 \u00a0 \u00a0 \u00a0 11.05 &#8211; 11.35 Pusdieno 5.-6.klases (pie...\" \/>\n<meta property=\"og:url\" content=\"https:\/\/pumpuruvsk.jurmala.lv\/?page_id=115\" \/>\n<meta property=\"og:site_name\" content=\"J\u016aRMALAS VALSTSPILS\u0112TAS PUMPURU VIDUSSKOLA\" \/>\n<meta property=\"article:publisher\" content=\"https:\/\/www.facebook.com\/people\/Jrmalas-valstspilstas-Pumpuru-vidusskola\/61565829730579\/\" \/>\n<meta property=\"article:modified_time\" content=\"2025-09-05T13:45:47+00:00\" \/>\n<meta name=\"twitter:card\" content=\"summary_large_image\" \/>\n<meta name=\"twitter:label1\" content=\"Est. reading time\" \/>\n\t<meta name=\"twitter:data1\" content=\"1 min\u016bte\" \/>\n<script type=\"application\/ld+json\" class=\"yoast-schema-graph\">{\"@context\":\"https:\/\/schema.org\",\"@graph\":[{\"@type\":\"WebPage\",\"@id\":\"https:\/\/pumpuruvsk.jurmala.lv\/?page_id=115\",\"url\":\"https:\/\/pumpuruvsk.jurmala.lv\/?page_id=115\",\"name\":\"STUNDU LAIKI - J\u016aRMALAS VALSTSPILS\u0112TAS PUMPURU VIDUSSKOLA\",\"isPartOf\":{\"@id\":\"https:\/\/pumpuruvsk.jurmala.lv\/#website\"},\"datePublished\":\"2024-02-16T16:18:12+00:00\",\"dateModified\":\"2025-09-05T13:45:47+00:00\",\"breadcrumb\":{\"@id\":\"https:\/\/pumpuruvsk.jurmala.lv\/?page_id=115#breadcrumb\"},\"inLanguage\":\"lv-LV\",\"potentialAction\":[{\"@type\":\"ReadAction\",\"target\":[\"https:\/\/pumpuruvsk.jurmala.lv\/?page_id=115\"]}]},{\"@type\":\"BreadcrumbList\",\"@id\":\"https:\/\/pumpuruvsk.jurmala.lv\/?page_id=115#breadcrumb\",\"itemListElement\":[{\"@type\":\"ListItem\",\"position\":1,\"name\":\"Home\",\"item\":\"https:\/\/pumpuruvsk.jurmala.lv\/\"},{\"@type\":\"ListItem\",\"position\":2,\"name\":\"STUNDU LAIKI\"}]},{\"@type\":\"WebSite\",\"@id\":\"https:\/\/pumpuruvsk.jurmala.lv\/#website\",\"url\":\"https:\/\/pumpuruvsk.jurmala.lv\/\",\"name\":\"J\u016aRMALAS VALSTSPILS\u0112TAS PUMPURU VIDUSSKOLA.\",\"description\":\"SKOLA IZAUGSMEI\",\"publisher\":{\"@id\":\"https:\/\/pumpuruvsk.jurmala.lv\/#organization\"},\"potentialAction\":[{\"@type\":\"SearchAction\",\"target\":{\"@type\":\"EntryPoint\",\"urlTemplate\":\"https:\/\/pumpuruvsk.jurmala.lv\/?s={search_term_string}\"},\"query-input\":\"required name=search_term_string\"}],\"inLanguage\":\"lv-LV\"},{\"@type\":\"Organization\",\"@id\":\"https:\/\/pumpuruvsk.jurmala.lv\/#organization\",\"name\":\"J\u016aRMALAS VALSTSPILS\u0112TAS PUMPURU VIDUSSKOLA\",\"url\":\"https:\/\/pumpuruvsk.jurmala.lv\/\",\"logo\":{\"@type\":\"ImageObject\",\"inLanguage\":\"lv-LV\",\"@id\":\"https:\/\/pumpuruvsk.jurmala.lv\/#\/schema\/logo\/image\/\",\"url\":\"https:\/\/pumpuruvsk.jurmala.lv\/wp-content\/uploads\/2024\/02\/cropped-cropped-JPV-mazais-1-2.png\",\"contentUrl\":\"https:\/\/pumpuruvsk.jurmala.lv\/wp-content\/uploads\/2024\/02\/cropped-cropped-JPV-mazais-1-2.png\",\"width\":4500,\"height\":4500,\"caption\":\"J\u016aRMALAS VALSTSPILS\u0112TAS PUMPURU VIDUSSKOLA\"},\"image\":{\"@id\":\"https:\/\/pumpuruvsk.jurmala.lv\/#\/schema\/logo\/image\/\"},\"sameAs\":[\"https:\/\/www.facebook.com\/people\/Jrmalas-valstspilstas-Pumpuru-vidusskola\/61565829730579\/\"]}]}<\/script>\n<!-- \/ Yoast SEO plugin. -->","yoast_head_json":{"title":"STUNDU LAIKI - J\u016aRMALAS VALSTSPILS\u0112TAS PUMPURU VIDUSSKOLA","robots":{"index":"index","follow":"follow","max-snippet":"max-snippet:-1","max-image-preview":"max-image-preview:large","max-video-preview":"max-video-preview:-1"},"canonical":"https:\/\/pumpuruvsk.jurmala.lv\/?page_id=115","og_locale":"lv_LV","og_type":"article","og_title":"STUNDU LAIKI - J\u016aRMALAS VALSTSPILS\u0112TAS PUMPURU VIDUSSKOLA","og_description":"STUNDAS LAIKS KRONVALDA \u0112KA LIELUPES \u0112KA 0. 8.00 &#8211; 8.40 \u00a0 \u00a0 \u00a0 8.40 &#8211; 8.45 Starpbr\u012bdis Starpbr\u012bdis 1. 8.45 &#8211; 9.25 \u00a0 \u00a0 \u00a0 9.25 &#8211; 9.35 Starpbr\u012bdis Starpbr\u012bdis 2. 9.35 &#8211; 10.15 \u00a0 \u00a0 \u00a0 10.15 &#8211; 10.25 Starpbr\u012bdis Starpbr\u012bdis 3. 10.25 &#8211; 11.05 \u00a0 \u00a0 \u00a0 11.05 &#8211; 11.35 Pusdieno 5.-6.klases (pie...","og_url":"https:\/\/pumpuruvsk.jurmala.lv\/?page_id=115","og_site_name":"J\u016aRMALAS VALSTSPILS\u0112TAS PUMPURU VIDUSSKOLA","article_publisher":"https:\/\/www.facebook.com\/people\/Jrmalas-valstspilstas-Pumpuru-vidusskola\/61565829730579\/","article_modified_time":"2025-09-05T13:45:47+00:00","twitter_card":"summary_large_image","twitter_misc":{"Est. reading time":"1 min\u016bte"},"schema":{"@context":"https:\/\/schema.org","@graph":[{"@type":"WebPage","@id":"https:\/\/pumpuruvsk.jurmala.lv\/?page_id=115","url":"https:\/\/pumpuruvsk.jurmala.lv\/?page_id=115","name":"STUNDU LAIKI - J\u016aRMALAS VALSTSPILS\u0112TAS PUMPURU VIDUSSKOLA","isPartOf":{"@id":"https:\/\/pumpuruvsk.jurmala.lv\/#website"},"datePublished":"2024-02-16T16:18:12+00:00","dateModified":"2025-09-05T13:45:47+00:00","breadcrumb":{"@id":"https:\/\/pumpuruvsk.jurmala.lv\/?page_id=115#breadcrumb"},"inLanguage":"lv-LV","potentialAction":[{"@type":"ReadAction","target":["https:\/\/pumpuruvsk.jurmala.lv\/?page_id=115"]}]},{"@type":"BreadcrumbList","@id":"https:\/\/pumpuruvsk.jurmala.lv\/?page_id=115#breadcrumb","itemListElement":[{"@type":"ListItem","position":1,"name":"Home","item":"https:\/\/pumpuruvsk.jurmala.lv\/"},{"@type":"ListItem","position":2,"name":"STUNDU LAIKI"}]},{"@type":"WebSite","@id":"https:\/\/pumpuruvsk.jurmala.lv\/#website","url":"https:\/\/pumpuruvsk.jurmala.lv\/","name":"J\u016aRMALAS VALSTSPILS\u0112TAS PUMPURU VIDUSSKOLA.","description":"SKOLA IZAUGSMEI","publisher":{"@id":"https:\/\/pumpuruvsk.jurmala.lv\/#organization"},"potentialAction":[{"@type":"SearchAction","target":{"@type":"EntryPoint","urlTemplate":"https:\/\/pumpuruvsk.jurmala.lv\/?s={search_term_string}"},"query-input":"required name=search_term_string"}],"inLanguage":"lv-LV"},{"@type":"Organization","@id":"https:\/\/pumpuruvsk.jurmala.lv\/#organization","name":"J\u016aRMALAS VALSTSPILS\u0112TAS PUMPURU VIDUSSKOLA","url":"https:\/\/pumpuruvsk.jurmala.lv\/","logo":{"@type":"ImageObject","inLanguage":"lv-LV","@id":"https:\/\/pumpuruvsk.jurmala.lv\/#\/schema\/logo\/image\/","url":"https:\/\/pumpuruvsk.jurmala.lv\/wp-content\/uploads\/2024\/02\/cropped-cropped-JPV-mazais-1-2.png","contentUrl":"https:\/\/pumpuruvsk.jurmala.lv\/wp-content\/uploads\/2024\/02\/cropped-cropped-JPV-mazais-1-2.png","width":4500,"height":4500,"caption":"J\u016aRMALAS VALSTSPILS\u0112TAS PUMPURU VIDUSSKOLA"},"image":{"@id":"https:\/\/pumpuruvsk.jurmala.lv\/#\/schema\/logo\/image\/"},"sameAs":["https:\/\/www.facebook.com\/people\/Jrmalas-valstspilstas-Pumpuru-vidusskola\/61565829730579\/"]}]}},"_links":{"self":[{"href":"https:\/\/pumpuruvsk.jurmala.lv\/index.php?rest_route=\/wp\/v2\/pages\/115","targetHints":{"allow":["GET"]}}],"collection":[{"href":"https:\/\/pumpuruvsk.jurmala.lv\/index.php?rest_route=\/wp\/v2\/pages"}],"about":[{"href":"https:\/\/pumpuruvsk.jurmala.lv\/index.php?rest_route=\/wp\/v2\/types\/page"}],"author":[{"embeddable":true,"href":"https:\/\/pumpuruvsk.jurmala.lv\/index.php?rest_route=\/wp\/v2\/users\/1"}],"replies":[{"embeddable":true,"href":"https:\/\/pumpuruvsk.jurmala.lv\/index.php?rest_route=%2Fwp%2Fv2%2Fcomments&post=115"}],"version-history":[{"count":54,"href":"https:\/\/pumpuruvsk.jurmala.lv\/index.php?rest_route=\/wp\/v2\/pages\/115\/revisions"}],"predecessor-version":[{"id":5232,"href":"https:\/\/pumpuruvsk.jurmala.lv\/index.php?rest_route=\/wp\/v2\/pages\/115\/revisions\/5232"}],"wp:attachment":[{"href":"https:\/\/pumpuruvsk.jurmala.lv\/index.php?rest_route=%2Fwp%2Fv2%2Fmedia&parent=115"}],"curies":[{"name":"wp","href":"https:\/\/api.w.org\/{rel}","templated":true}]}}