{"id":1155,"date":"2024-07-28T17:31:14","date_gmt":"2024-07-28T15:31:14","guid":{"rendered":"https:\/\/pumpuruvsk.jurmala.lv\/wordpress\/?page_id=1155"},"modified":"2025-08-28T14:11:54","modified_gmt":"2025-08-28T12:11:54","slug":"skolas-kontakti","status":"publish","type":"page","link":"https:\/\/pumpuruvsk.jurmala.lv\/?page_id=1155","title":{"rendered":"SKOLAS KONTAKTI"},"content":{"rendered":"\t\t<div data-elementor-type=\"wp-page\" data-elementor-id=\"1155\" class=\"elementor elementor-1155\">\n\t\t\t\t<div class=\"elementor-element elementor-element-688e4ae e-flex e-con-boxed e-con e-parent\" data-id=\"688e4ae\" data-element_type=\"container\">\n\t\t\t\t\t<div class=\"e-con-inner\">\n\t\t<div class=\"elementor-element elementor-element-cc0eec0 e-con-full e-flex e-con e-child\" data-id=\"cc0eec0\" data-element_type=\"container\">\n\t\t\t\t<div class=\"elementor-element elementor-element-2b3916e elementor-widget elementor-widget-text-editor\" data-id=\"2b3916e\" data-element_type=\"widget\" data-widget_type=\"text-editor.default\">\n\t\t\t\t<div class=\"elementor-widget-container\">\n\t\t\t\t\t\t\t\t\t<div><b>Re\u0123istr\u0101cijas numurs:\u00a0<\/b>40900041010<\/div><div><b>Skolas adrese:<\/b><\/div><div>Kronvalda iel\u0101 8, J\u016brmala, LV-2008<\/div><div><b>Dokumentu p\u0101rvald\u012bbas kabineta t\u0101lrunis: <\/b>+371 67767312\u00a0\u00a0<\/div><div><b>E-pasts:\u00a0<\/b><span style=\"color: #333399;\"><strong>pumpuruvsk@edu.jurmala.lv<\/strong><\/span><br \/><strong>Person\u0101la speci\u0101liste Dzintra \u010cvjagina (Kronvalda \u0113ka)<\/strong><br \/><strong>Vec\u0101k\u0101 lietvede Madara Ieva Briede\u00a0<br \/>Lietvede Ligita Pl\u012bse\u00a0\u00a0<\/strong><\/div><p><span style=\"font-weight: bold;\">Dokumentu p\u0101rvald\u012bbas kabineta t\u0101lrunis Lielupes iela 21, J\u016brmala &#8211;\u00a0<\/span><strong><span style=\"color: var( --e-global-color-text ); text-align: var(--text-align); background-color: var(--inner-container-bk);\">\u00a0+371 67760865<br \/><\/span><\/strong><\/p><p>Skolas de\u017eurants (Kronvalda iela 8, J\u016brmala) &#8211; t\u0101lrunis +371 62905220<br \/>Skolas de\u017eurants (Lielupes iela 21, J\u016brmala) &#8211; t\u0101lrunis +371 67760865<\/p><div>\u00a0<strong style=\"color: var( --e-global-color-text ); font-family: var( --e-global-typography-text-font-family ), Sans-serif; text-align: var(--text-align); background-color: var(--inner-container-bk);\"><em>M\u0101c\u012bbas notiek\u00a0Kronvalda iel\u0101 8 un Lielupes iel\u0101 21, J\u016brmal\u0101<\/em><\/strong><\/div>\t\t\t\t\t\t\t\t<\/div>\n\t\t\t\t<\/div>\n\t\t\t\t<\/div>\n\t\t<div class=\"elementor-element elementor-element-865e904 e-con-full e-flex e-con e-child\" data-id=\"865e904\" data-element_type=\"container\">\n\t\t\t\t<div class=\"elementor-element elementor-element-ac8b1fb elementor-widget elementor-widget-image\" data-id=\"ac8b1fb\" data-element_type=\"widget\" data-widget_type=\"image.default\">\n\t\t\t\t<div class=\"elementor-widget-container\">\n\t\t\t\t\t\t\t\t\t\t\t\t\t\t\t<img fetchpriority=\"high\" decoding=\"async\" width=\"640\" height=\"640\" src=\"https:\/\/pumpuruvsk.jurmala.lv\/wp-content\/uploads\/2024\/08\/qr-code-1024x1024.png\" class=\"attachment-large size-large wp-image-1952\" alt=\"\" srcset=\"https:\/\/pumpuruvsk.jurmala.lv\/wp-content\/uploads\/2024\/08\/qr-code-1024x1024.png 1024w, https:\/\/pumpuruvsk.jurmala.lv\/wp-content\/uploads\/2024\/08\/qr-code-300x300.png 300w, https:\/\/pumpuruvsk.jurmala.lv\/wp-content\/uploads\/2024\/08\/qr-code-150x150.png 150w, https:\/\/pumpuruvsk.jurmala.lv\/wp-content\/uploads\/2024\/08\/qr-code-768x768.png 768w, https:\/\/pumpuruvsk.jurmala.lv\/wp-content\/uploads\/2024\/08\/qr-code.png 1105w\" sizes=\"(max-width: 640px) 100vw, 640px\" \/>\t\t\t\t\t\t\t\t\t\t\t\t\t\t\t<\/div>\n\t\t\t\t<\/div>\n\t\t\t\t<\/div>\n\t\t<div class=\"elementor-element elementor-element-b16b25f e-con-full e-flex e-con e-child\" data-id=\"b16b25f\" data-element_type=\"container\">\n\t\t\t\t<\/div>\n\t\t<div class=\"elementor-element elementor-element-f62bd38 e-con-full e-flex e-con e-child\" data-id=\"f62bd38\" data-element_type=\"container\">\n\t\t\t\t<div class=\"elementor-element elementor-element-7d91628 elementor-widget elementor-widget-google_maps\" data-id=\"7d91628\" data-element_type=\"widget\" data-widget_type=\"google_maps.default\">\n\t\t\t\t<div class=\"elementor-widget-container\">\n\t\t\t\t\t\t\t<div class=\"elementor-custom-embed\">\n\t\t\t<iframe loading=\"lazy\"\n\t\t\t\t\tsrc=\"https:\/\/maps.google.com\/maps?q=J%C5%ABrmalas%20Pumpuru%20vidusskola&#038;t=m&#038;z=6&#038;output=embed&#038;iwloc=near\"\n\t\t\t\t\ttitle=\"J\u016brmalas Pumpuru vidusskola\"\n\t\t\t\t\taria-label=\"J\u016brmalas Pumpuru vidusskola\"\n\t\t\t><\/iframe>\n\t\t<\/div>\n\t\t\t\t\t\t<\/div>\n\t\t\t\t<\/div>\n\t\t\t\t<\/div>\n\t\t\t\t\t<\/div>\n\t\t\t\t<\/div>\n\t\t\t\t<\/div>\n\t\t","protected":false},"excerpt":{"rendered":"<p>Re\u0123istr\u0101cijas numurs:\u00a040900041010Skolas adrese:Kronvalda iel\u0101 8, J\u016brmala, LV-2008Dokumentu p\u0101rvald\u012bbas kabineta t\u0101lrunis: +371 67767312\u00a0\u00a0E-pasts:\u00a0pumpuruvsk@edu.jurmala.lvPerson\u0101la speci\u0101liste Dzintra \u010cvjagina (Kronvalda \u0113ka)Vec\u0101k\u0101 lietvede Madara Ieva Briede\u00a0Lietvede Ligita Pl\u012bse\u00a0\u00a0 Dokumentu p\u0101rvald\u012bbas kabineta t\u0101lrunis Lielupes iela 21, J\u016brmala &#8211;\u00a0\u00a0+371 67760865 Skolas de\u017eurants (Kronvalda iela 8, J\u016brmala) &#8211; t\u0101lrunis +371 62905220Skolas de\u017eurants (Lielupes iela 21, J\u016brmala) &#8211; t\u0101lrunis +371 67760865 \u00a0M\u0101c\u012bbas notiek\u00a0Kronvalda iel\u0101&#8230;<\/p>\n","protected":false},"author":1,"featured_media":0,"parent":0,"menu_order":0,"comment_status":"closed","ping_status":"closed","template":"","meta":{"footnotes":""},"class_list":["post-1155","page","type-page","status-publish","hentry"],"yoast_head":"<!-- This site is optimized with the Yoast SEO plugin v23.1 - https:\/\/yoast.com\/wordpress\/plugins\/seo\/ -->\n<title>SKOLAS KONTAKTI - J\u016aRMALAS VALSTSPILS\u0112TAS PUMPURU VIDUSSKOLA<\/title>\n<meta name=\"robots\" content=\"index, follow, max-snippet:-1, max-image-preview:large, max-video-preview:-1\" \/>\n<link rel=\"canonical\" href=\"https:\/\/pumpuruvsk.jurmala.lv\/?page_id=1155\" \/>\n<meta property=\"og:locale\" content=\"lv_LV\" \/>\n<meta property=\"og:type\" content=\"article\" \/>\n<meta property=\"og:title\" content=\"SKOLAS KONTAKTI - J\u016aRMALAS VALSTSPILS\u0112TAS PUMPURU VIDUSSKOLA\" \/>\n<meta property=\"og:description\" content=\"Re\u0123istr\u0101cijas numurs:\u00a040900041010Skolas adrese:Kronvalda iel\u0101 8, J\u016brmala, LV-2008Dokumentu p\u0101rvald\u012bbas kabineta t\u0101lrunis: +371 67767312\u00a0\u00a0E-pasts:\u00a0pumpuruvsk@edu.jurmala.lvPerson\u0101la speci\u0101liste Dzintra \u010cvjagina (Kronvalda \u0113ka)Vec\u0101k\u0101 lietvede Madara Ieva Briede\u00a0Lietvede Ligita Pl\u012bse\u00a0\u00a0 Dokumentu p\u0101rvald\u012bbas kabineta t\u0101lrunis Lielupes iela 21, J\u016brmala &#8211;\u00a0\u00a0+371 67760865 Skolas de\u017eurants (Kronvalda iela 8, J\u016brmala) &#8211; t\u0101lrunis +371 62905220Skolas de\u017eurants (Lielupes iela 21, J\u016brmala) &#8211; t\u0101lrunis +371 67760865 \u00a0M\u0101c\u012bbas notiek\u00a0Kronvalda iel\u0101...\" \/>\n<meta property=\"og:url\" content=\"https:\/\/pumpuruvsk.jurmala.lv\/?page_id=1155\" \/>\n<meta property=\"og:site_name\" content=\"J\u016aRMALAS VALSTSPILS\u0112TAS PUMPURU VIDUSSKOLA\" \/>\n<meta property=\"article:publisher\" content=\"https:\/\/www.facebook.com\/people\/Jrmalas-valstspilstas-Pumpuru-vidusskola\/61565829730579\/\" \/>\n<meta property=\"article:modified_time\" content=\"2025-08-28T12:11:54+00:00\" \/>\n<meta property=\"og:image\" content=\"https:\/\/pumpuruvsk.jurmala.lv\/wp-content\/uploads\/2024\/08\/qr-code-1024x1024.png\" \/>\n<meta name=\"twitter:card\" content=\"summary_large_image\" \/>\n<meta name=\"twitter:label1\" content=\"Est. reading time\" \/>\n\t<meta name=\"twitter:data1\" content=\"1 min\u016bte\" \/>\n<script type=\"application\/ld+json\" class=\"yoast-schema-graph\">{\"@context\":\"https:\/\/schema.org\",\"@graph\":[{\"@type\":\"WebPage\",\"@id\":\"https:\/\/pumpuruvsk.jurmala.lv\/?page_id=1155\",\"url\":\"https:\/\/pumpuruvsk.jurmala.lv\/?page_id=1155\",\"name\":\"SKOLAS KONTAKTI - J\u016aRMALAS VALSTSPILS\u0112TAS PUMPURU VIDUSSKOLA\",\"isPartOf\":{\"@id\":\"https:\/\/pumpuruvsk.jurmala.lv\/#website\"},\"primaryImageOfPage\":{\"@id\":\"https:\/\/pumpuruvsk.jurmala.lv\/?page_id=1155#primaryimage\"},\"image\":{\"@id\":\"https:\/\/pumpuruvsk.jurmala.lv\/?page_id=1155#primaryimage\"},\"thumbnailUrl\":\"https:\/\/pumpuruvsk.jurmala.lv\/wp-content\/uploads\/2024\/08\/qr-code-1024x1024.png\",\"datePublished\":\"2024-07-28T15:31:14+00:00\",\"dateModified\":\"2025-08-28T12:11:54+00:00\",\"breadcrumb\":{\"@id\":\"https:\/\/pumpuruvsk.jurmala.lv\/?page_id=1155#breadcrumb\"},\"inLanguage\":\"lv-LV\",\"potentialAction\":[{\"@type\":\"ReadAction\",\"target\":[\"https:\/\/pumpuruvsk.jurmala.lv\/?page_id=1155\"]}]},{\"@type\":\"ImageObject\",\"inLanguage\":\"lv-LV\",\"@id\":\"https:\/\/pumpuruvsk.jurmala.lv\/?page_id=1155#primaryimage\",\"url\":\"https:\/\/pumpuruvsk.jurmala.lv\/wp-content\/uploads\/2024\/08\/qr-code.png\",\"contentUrl\":\"https:\/\/pumpuruvsk.jurmala.lv\/wp-content\/uploads\/2024\/08\/qr-code.png\",\"width\":1105,\"height\":1105},{\"@type\":\"BreadcrumbList\",\"@id\":\"https:\/\/pumpuruvsk.jurmala.lv\/?page_id=1155#breadcrumb\",\"itemListElement\":[{\"@type\":\"ListItem\",\"position\":1,\"name\":\"Home\",\"item\":\"https:\/\/pumpuruvsk.jurmala.lv\/\"},{\"@type\":\"ListItem\",\"position\":2,\"name\":\"SKOLAS KONTAKTI\"}]},{\"@type\":\"WebSite\",\"@id\":\"https:\/\/pumpuruvsk.jurmala.lv\/#website\",\"url\":\"https:\/\/pumpuruvsk.jurmala.lv\/\",\"name\":\"J\u016aRMALAS VALSTSPILS\u0112TAS PUMPURU VIDUSSKOLA.\",\"description\":\"SKOLA IZAUGSMEI\",\"publisher\":{\"@id\":\"https:\/\/pumpuruvsk.jurmala.lv\/#organization\"},\"potentialAction\":[{\"@type\":\"SearchAction\",\"target\":{\"@type\":\"EntryPoint\",\"urlTemplate\":\"https:\/\/pumpuruvsk.jurmala.lv\/?s={search_term_string}\"},\"query-input\":\"required name=search_term_string\"}],\"inLanguage\":\"lv-LV\"},{\"@type\":\"Organization\",\"@id\":\"https:\/\/pumpuruvsk.jurmala.lv\/#organization\",\"name\":\"J\u016aRMALAS VALSTSPILS\u0112TAS PUMPURU VIDUSSKOLA\",\"url\":\"https:\/\/pumpuruvsk.jurmala.lv\/\",\"logo\":{\"@type\":\"ImageObject\",\"inLanguage\":\"lv-LV\",\"@id\":\"https:\/\/pumpuruvsk.jurmala.lv\/#\/schema\/logo\/image\/\",\"url\":\"https:\/\/pumpuruvsk.jurmala.lv\/wp-content\/uploads\/2024\/02\/cropped-cropped-JPV-mazais-1-2.png\",\"contentUrl\":\"https:\/\/pumpuruvsk.jurmala.lv\/wp-content\/uploads\/2024\/02\/cropped-cropped-JPV-mazais-1-2.png\",\"width\":4500,\"height\":4500,\"caption\":\"J\u016aRMALAS VALSTSPILS\u0112TAS PUMPURU VIDUSSKOLA\"},\"image\":{\"@id\":\"https:\/\/pumpuruvsk.jurmala.lv\/#\/schema\/logo\/image\/\"},\"sameAs\":[\"https:\/\/www.facebook.com\/people\/Jrmalas-valstspilstas-Pumpuru-vidusskola\/61565829730579\/\"]}]}<\/script>\n<!-- \/ Yoast SEO plugin. -->","yoast_head_json":{"title":"SKOLAS KONTAKTI - J\u016aRMALAS VALSTSPILS\u0112TAS PUMPURU VIDUSSKOLA","robots":{"index":"index","follow":"follow","max-snippet":"max-snippet:-1","max-image-preview":"max-image-preview:large","max-video-preview":"max-video-preview:-1"},"canonical":"https:\/\/pumpuruvsk.jurmala.lv\/?page_id=1155","og_locale":"lv_LV","og_type":"article","og_title":"SKOLAS KONTAKTI - J\u016aRMALAS VALSTSPILS\u0112TAS PUMPURU VIDUSSKOLA","og_description":"Re\u0123istr\u0101cijas numurs:\u00a040900041010Skolas adrese:Kronvalda iel\u0101 8, J\u016brmala, LV-2008Dokumentu p\u0101rvald\u012bbas kabineta t\u0101lrunis: +371 67767312\u00a0\u00a0E-pasts:\u00a0pumpuruvsk@edu.jurmala.lvPerson\u0101la speci\u0101liste Dzintra \u010cvjagina (Kronvalda \u0113ka)Vec\u0101k\u0101 lietvede Madara Ieva Briede\u00a0Lietvede Ligita Pl\u012bse\u00a0\u00a0 Dokumentu p\u0101rvald\u012bbas kabineta t\u0101lrunis Lielupes iela 21, J\u016brmala &#8211;\u00a0\u00a0+371 67760865 Skolas de\u017eurants (Kronvalda iela 8, J\u016brmala) &#8211; t\u0101lrunis +371 62905220Skolas de\u017eurants (Lielupes iela 21, J\u016brmala) &#8211; t\u0101lrunis +371 67760865 \u00a0M\u0101c\u012bbas notiek\u00a0Kronvalda iel\u0101...","og_url":"https:\/\/pumpuruvsk.jurmala.lv\/?page_id=1155","og_site_name":"J\u016aRMALAS VALSTSPILS\u0112TAS PUMPURU VIDUSSKOLA","article_publisher":"https:\/\/www.facebook.com\/people\/Jrmalas-valstspilstas-Pumpuru-vidusskola\/61565829730579\/","article_modified_time":"2025-08-28T12:11:54+00:00","og_image":[{"url":"https:\/\/pumpuruvsk.jurmala.lv\/wp-content\/uploads\/2024\/08\/qr-code-1024x1024.png"}],"twitter_card":"summary_large_image","twitter_misc":{"Est. reading time":"1 min\u016bte"},"schema":{"@context":"https:\/\/schema.org","@graph":[{"@type":"WebPage","@id":"https:\/\/pumpuruvsk.jurmala.lv\/?page_id=1155","url":"https:\/\/pumpuruvsk.jurmala.lv\/?page_id=1155","name":"SKOLAS KONTAKTI - J\u016aRMALAS VALSTSPILS\u0112TAS PUMPURU VIDUSSKOLA","isPartOf":{"@id":"https:\/\/pumpuruvsk.jurmala.lv\/#website"},"primaryImageOfPage":{"@id":"https:\/\/pumpuruvsk.jurmala.lv\/?page_id=1155#primaryimage"},"image":{"@id":"https:\/\/pumpuruvsk.jurmala.lv\/?page_id=1155#primaryimage"},"thumbnailUrl":"https:\/\/pumpuruvsk.jurmala.lv\/wp-content\/uploads\/2024\/08\/qr-code-1024x1024.png","datePublished":"2024-07-28T15:31:14+00:00","dateModified":"2025-08-28T12:11:54+00:00","breadcrumb":{"@id":"https:\/\/pumpuruvsk.jurmala.lv\/?page_id=1155#breadcrumb"},"inLanguage":"lv-LV","potentialAction":[{"@type":"ReadAction","target":["https:\/\/pumpuruvsk.jurmala.lv\/?page_id=1155"]}]},{"@type":"ImageObject","inLanguage":"lv-LV","@id":"https:\/\/pumpuruvsk.jurmala.lv\/?page_id=1155#primaryimage","url":"https:\/\/pumpuruvsk.jurmala.lv\/wp-content\/uploads\/2024\/08\/qr-code.png","contentUrl":"https:\/\/pumpuruvsk.jurmala.lv\/wp-content\/uploads\/2024\/08\/qr-code.png","width":1105,"height":1105},{"@type":"BreadcrumbList","@id":"https:\/\/pumpuruvsk.jurmala.lv\/?page_id=1155#breadcrumb","itemListElement":[{"@type":"ListItem","position":1,"name":"Home","item":"https:\/\/pumpuruvsk.jurmala.lv\/"},{"@type":"ListItem","position":2,"name":"SKOLAS KONTAKTI"}]},{"@type":"WebSite","@id":"https:\/\/pumpuruvsk.jurmala.lv\/#website","url":"https:\/\/pumpuruvsk.jurmala.lv\/","name":"J\u016aRMALAS VALSTSPILS\u0112TAS PUMPURU VIDUSSKOLA.","description":"SKOLA IZAUGSMEI","publisher":{"@id":"https:\/\/pumpuruvsk.jurmala.lv\/#organization"},"potentialAction":[{"@type":"SearchAction","target":{"@type":"EntryPoint","urlTemplate":"https:\/\/pumpuruvsk.jurmala.lv\/?s={search_term_string}"},"query-input":"required name=search_term_string"}],"inLanguage":"lv-LV"},{"@type":"Organization","@id":"https:\/\/pumpuruvsk.jurmala.lv\/#organization","name":"J\u016aRMALAS VALSTSPILS\u0112TAS PUMPURU VIDUSSKOLA","url":"https:\/\/pumpuruvsk.jurmala.lv\/","logo":{"@type":"ImageObject","inLanguage":"lv-LV","@id":"https:\/\/pumpuruvsk.jurmala.lv\/#\/schema\/logo\/image\/","url":"https:\/\/pumpuruvsk.jurmala.lv\/wp-content\/uploads\/2024\/02\/cropped-cropped-JPV-mazais-1-2.png","contentUrl":"https:\/\/pumpuruvsk.jurmala.lv\/wp-content\/uploads\/2024\/02\/cropped-cropped-JPV-mazais-1-2.png","width":4500,"height":4500,"caption":"J\u016aRMALAS VALSTSPILS\u0112TAS PUMPURU VIDUSSKOLA"},"image":{"@id":"https:\/\/pumpuruvsk.jurmala.lv\/#\/schema\/logo\/image\/"},"sameAs":["https:\/\/www.facebook.com\/people\/Jrmalas-valstspilstas-Pumpuru-vidusskola\/61565829730579\/"]}]}},"_links":{"self":[{"href":"https:\/\/pumpuruvsk.jurmala.lv\/index.php?rest_route=\/wp\/v2\/pages\/1155","targetHints":{"allow":["GET"]}}],"collection":[{"href":"https:\/\/pumpuruvsk.jurmala.lv\/index.php?rest_route=\/wp\/v2\/pages"}],"about":[{"href":"https:\/\/pumpuruvsk.jurmala.lv\/index.php?rest_route=\/wp\/v2\/types\/page"}],"author":[{"embeddable":true,"href":"https:\/\/pumpuruvsk.jurmala.lv\/index.php?rest_route=\/wp\/v2\/users\/1"}],"replies":[{"embeddable":true,"href":"https:\/\/pumpuruvsk.jurmala.lv\/index.php?rest_route=%2Fwp%2Fv2%2Fcomments&post=1155"}],"version-history":[{"count":85,"href":"https:\/\/pumpuruvsk.jurmala.lv\/index.php?rest_route=\/wp\/v2\/pages\/1155\/revisions"}],"predecessor-version":[{"id":5177,"href":"https:\/\/pumpuruvsk.jurmala.lv\/index.php?rest_route=\/wp\/v2\/pages\/1155\/revisions\/5177"}],"wp:attachment":[{"href":"https:\/\/pumpuruvsk.jurmala.lv\/index.php?rest_route=%2Fwp%2Fv2%2Fmedia&parent=1155"}],"curies":[{"name":"wp","href":"https:\/\/api.w.org\/{rel}","templated":true}]}}