{"id":1167,"date":"2024-07-28T17:37:25","date_gmt":"2024-07-28T15:37:25","guid":{"rendered":"https:\/\/pumpuruvsk.jurmala.lv\/wordpress\/?page_id=1167"},"modified":"2026-01-27T18:09:31","modified_gmt":"2026-01-27T16:09:31","slug":"atbalsta-komanda","status":"publish","type":"page","link":"https:\/\/pumpuruvsk.jurmala.lv\/?page_id=1167","title":{"rendered":"ATBALSTA KOMANDA"},"content":{"rendered":"\n<figure class=\"wp-block-table is-style-stripes\"><table><thead><tr><th>Amats<\/th><th>V\u0101rds, uzv\u0101rds<\/th><th>E-pasts<\/th><\/tr><\/thead><tbody><tr><td>Atbalsta komandas vad\u012bt\u0101ja<\/td><td>Reg\u012bna Boldireva<\/td><td>regina.boldireva@edu.jurmal.lv<\/td><\/tr><tr><td>Soci\u0101lais pedagogs (Kronvalda ielas \u0113k\u0101)<\/td><td>L\u012bga S\u012bpola<\/td><td>liga.sipola@edu.jurmala.lv<\/td><\/tr><tr><td>Soci\u0101lais pedagogs (Lielupes ielas \u0113k\u0101)<\/td><td>Ineta Lud\u0101ne<\/td><td>ineta.ludane@edu.jurmala.lv<\/td><\/tr><tr><td>Izgl\u012bt\u012bbas psihologs (Kronvalda ielas \u0113k\u0101)<\/td><td>Alla Plaude &#8211; Demidova<\/td><td>alla.plaudedemidova@edu.jurmala.lv<\/td><\/tr><tr><td>Speci\u0101lais pedagogs<\/td><td>L\u012bga Stempere<\/td><td>liga.stempere@edu.jurmala.lv<\/td><\/tr><tr><td>Speci\u0101lais pedagogs (Lielupes ielas \u0113k\u0101)<\/td><td>Gunta U\u0161\u0137e<\/td><td>gunta.uske@edu.jurmala.lv<\/td><\/tr><tr><td>Logop\u0113de<\/td><td>V\u0113sma \u0160leinere<\/td><td>vesma.sleinere@edu.jurmala.lv<\/td><\/tr><tr><td>Izgl\u012bt\u012bbas metodi\u0137is<\/td><td>Laura Pakse<\/td><td>laura.pakse@edu.jurmala.lv<\/td><\/tr><tr><td>Bibliotek\u0101re (Kronvalda ielas \u0113k\u0101)<\/td><td>Krist\u012bne Melne<\/td><td>kristine.melne@edu.jurmala.lv<\/td><\/tr><tr><td>Bibliotek\u0101re (Lielupes ielas \u0113k\u0101)<\/td><td>Agija Vainovska<\/td><td>agija.vainovska@edu.jurmala.lv<\/td><\/tr><tr><td>Visp\u0101r\u0113j\u0101s apr\u016bpes m\u0101sa\/m\u0101sa b\u0113rnu apr\u016bp\u0113 <\/td><td>Santa Ciekure<\/td><td>santa.ciekure@edu.jurmala.lv<\/td><\/tr><tr><td>Pedagoga pal\u012bgs<\/td><td>Evija Ozola<\/td><td>evija.ozola@edu.jurmala.lv<\/td><\/tr><tr><td>Pedagoga pal\u012bgs<\/td><td>Ieva Kn\u0101\u0137e<\/td><td>ieva.knake@edu.jurmala.lv<\/td><\/tr><tr><td>Pedagoga pal\u012bgs<\/td><td>Elita M\u0113rniece<\/td><td>elita.merniece@edu.jurmala.lv<\/td><\/tr><tr><td>Pedagoga pal\u012bgs<\/td><td>Alise Rug\u0101ja<\/td><td>alise.rugaja@edu.jurmala.lv<\/td><\/tr><tr><td>Pedagoga pal\u012bgs<\/td><td>Gunta U\u0161\u0137e<\/td><td>gunta.uske@edu.jurmala.lv<\/td><\/tr><tr><td>Pedagoga pal\u012bgs<\/td><td>Daiga Liepa<\/td><td>daiga.liepa@edu.jurmala.lv<\/td><\/tr><tr><td>Pedagoga pal\u012bgs<\/td><td>Nata\u013cja Avsejenkova<\/td><td>natalja.avsejenkova@edu.jurmala.lv<\/td><\/tr><tr><td>Pedagoga pal\u012bgs<\/td><td>Je\u013cena Rozen\u0161teina<\/td><td>jelena.rozensteina@edu.jurmala.lv<\/td><\/tr><tr><td>Pedagoga pal\u012bgs<\/td><td>Tatjana Rudakovska<\/td><td>tatjana.rudakovska@edu.jurmala.lv<\/td><\/tr><\/tbody><tfoot><tr><td><\/td><td><\/td><td><\/td><\/tr><\/tfoot><\/table><\/figure>\n","protected":false},"excerpt":{"rendered":"<p>Amats V\u0101rds, uzv\u0101rds E-pasts Atbalsta komandas vad\u012bt\u0101ja Reg\u012bna Boldireva regina.boldireva@edu.jurmal.lv Soci\u0101lais pedagogs (Kronvalda ielas \u0113k\u0101) L\u012bga S\u012bpola liga.sipola@edu.jurmala.lv Soci\u0101lais pedagogs (Lielupes ielas \u0113k\u0101) Ineta Lud\u0101ne ineta.ludane@edu.jurmala.lv Izgl\u012bt\u012bbas psihologs (Kronvalda ielas \u0113k\u0101) Alla Plaude &#8211; Demidova alla.plaudedemidova@edu.jurmala.lv Speci\u0101lais pedagogs L\u012bga Stempere liga.stempere@edu.jurmala.lv Speci\u0101lais pedagogs (Lielupes ielas \u0113k\u0101) Gunta U\u0161\u0137e gunta.uske@edu.jurmala.lv Logop\u0113de V\u0113sma \u0160leinere vesma.sleinere@edu.jurmala.lv Izgl\u012bt\u012bbas metodi\u0137is&#8230;<\/p>\n","protected":false},"author":1,"featured_media":0,"parent":0,"menu_order":0,"comment_status":"closed","ping_status":"closed","template":"","meta":{"footnotes":""},"class_list":["post-1167","page","type-page","status-publish","hentry"],"yoast_head":"<!-- This site is optimized with the Yoast SEO plugin v23.1 - https:\/\/yoast.com\/wordpress\/plugins\/seo\/ -->\n<title>ATBALSTA KOMANDA - J\u016aRMALAS VALSTSPILS\u0112TAS PUMPURU VIDUSSKOLA<\/title>\n<meta name=\"robots\" content=\"index, follow, max-snippet:-1, max-image-preview:large, max-video-preview:-1\" \/>\n<link rel=\"canonical\" href=\"https:\/\/pumpuruvsk.jurmala.lv\/?page_id=1167\" \/>\n<meta property=\"og:locale\" content=\"lv_LV\" \/>\n<meta property=\"og:type\" content=\"article\" \/>\n<meta property=\"og:title\" content=\"ATBALSTA KOMANDA - J\u016aRMALAS VALSTSPILS\u0112TAS PUMPURU VIDUSSKOLA\" \/>\n<meta property=\"og:description\" content=\"Amats V\u0101rds, uzv\u0101rds E-pasts Atbalsta komandas vad\u012bt\u0101ja Reg\u012bna Boldireva regina.boldireva@edu.jurmal.lv Soci\u0101lais pedagogs (Kronvalda ielas \u0113k\u0101) L\u012bga S\u012bpola liga.sipola@edu.jurmala.lv Soci\u0101lais pedagogs (Lielupes ielas \u0113k\u0101) Ineta Lud\u0101ne ineta.ludane@edu.jurmala.lv Izgl\u012bt\u012bbas psihologs (Kronvalda ielas \u0113k\u0101) Alla Plaude &#8211; Demidova alla.plaudedemidova@edu.jurmala.lv Speci\u0101lais pedagogs L\u012bga Stempere liga.stempere@edu.jurmala.lv Speci\u0101lais pedagogs (Lielupes ielas \u0113k\u0101) Gunta U\u0161\u0137e gunta.uske@edu.jurmala.lv Logop\u0113de V\u0113sma \u0160leinere vesma.sleinere@edu.jurmala.lv Izgl\u012bt\u012bbas metodi\u0137is...\" \/>\n<meta property=\"og:url\" content=\"https:\/\/pumpuruvsk.jurmala.lv\/?page_id=1167\" \/>\n<meta property=\"og:site_name\" content=\"J\u016aRMALAS VALSTSPILS\u0112TAS PUMPURU VIDUSSKOLA\" \/>\n<meta property=\"article:publisher\" content=\"https:\/\/www.facebook.com\/people\/Jrmalas-valstspilstas-Pumpuru-vidusskola\/61565829730579\/\" \/>\n<meta property=\"article:modified_time\" content=\"2026-01-27T16:09:31+00:00\" \/>\n<meta name=\"twitter:card\" content=\"summary_large_image\" \/>\n<meta name=\"twitter:label1\" content=\"Est. reading time\" \/>\n\t<meta name=\"twitter:data1\" content=\"1 min\u016bte\" \/>\n<script type=\"application\/ld+json\" class=\"yoast-schema-graph\">{\"@context\":\"https:\/\/schema.org\",\"@graph\":[{\"@type\":\"WebPage\",\"@id\":\"https:\/\/pumpuruvsk.jurmala.lv\/?page_id=1167\",\"url\":\"https:\/\/pumpuruvsk.jurmala.lv\/?page_id=1167\",\"name\":\"ATBALSTA KOMANDA - J\u016aRMALAS VALSTSPILS\u0112TAS PUMPURU VIDUSSKOLA\",\"isPartOf\":{\"@id\":\"https:\/\/pumpuruvsk.jurmala.lv\/#website\"},\"datePublished\":\"2024-07-28T15:37:25+00:00\",\"dateModified\":\"2026-01-27T16:09:31+00:00\",\"breadcrumb\":{\"@id\":\"https:\/\/pumpuruvsk.jurmala.lv\/?page_id=1167#breadcrumb\"},\"inLanguage\":\"lv-LV\",\"potentialAction\":[{\"@type\":\"ReadAction\",\"target\":[\"https:\/\/pumpuruvsk.jurmala.lv\/?page_id=1167\"]}]},{\"@type\":\"BreadcrumbList\",\"@id\":\"https:\/\/pumpuruvsk.jurmala.lv\/?page_id=1167#breadcrumb\",\"itemListElement\":[{\"@type\":\"ListItem\",\"position\":1,\"name\":\"Home\",\"item\":\"https:\/\/pumpuruvsk.jurmala.lv\/\"},{\"@type\":\"ListItem\",\"position\":2,\"name\":\"ATBALSTA KOMANDA\"}]},{\"@type\":\"WebSite\",\"@id\":\"https:\/\/pumpuruvsk.jurmala.lv\/#website\",\"url\":\"https:\/\/pumpuruvsk.jurmala.lv\/\",\"name\":\"J\u016aRMALAS VALSTSPILS\u0112TAS PUMPURU VIDUSSKOLA.\",\"description\":\"SKOLA IZAUGSMEI\",\"publisher\":{\"@id\":\"https:\/\/pumpuruvsk.jurmala.lv\/#organization\"},\"potentialAction\":[{\"@type\":\"SearchAction\",\"target\":{\"@type\":\"EntryPoint\",\"urlTemplate\":\"https:\/\/pumpuruvsk.jurmala.lv\/?s={search_term_string}\"},\"query-input\":\"required name=search_term_string\"}],\"inLanguage\":\"lv-LV\"},{\"@type\":\"Organization\",\"@id\":\"https:\/\/pumpuruvsk.jurmala.lv\/#organization\",\"name\":\"J\u016aRMALAS VALSTSPILS\u0112TAS PUMPURU VIDUSSKOLA\",\"url\":\"https:\/\/pumpuruvsk.jurmala.lv\/\",\"logo\":{\"@type\":\"ImageObject\",\"inLanguage\":\"lv-LV\",\"@id\":\"https:\/\/pumpuruvsk.jurmala.lv\/#\/schema\/logo\/image\/\",\"url\":\"https:\/\/pumpuruvsk.jurmala.lv\/wp-content\/uploads\/2024\/02\/cropped-cropped-JPV-mazais-1-2.png\",\"contentUrl\":\"https:\/\/pumpuruvsk.jurmala.lv\/wp-content\/uploads\/2024\/02\/cropped-cropped-JPV-mazais-1-2.png\",\"width\":4500,\"height\":4500,\"caption\":\"J\u016aRMALAS VALSTSPILS\u0112TAS PUMPURU VIDUSSKOLA\"},\"image\":{\"@id\":\"https:\/\/pumpuruvsk.jurmala.lv\/#\/schema\/logo\/image\/\"},\"sameAs\":[\"https:\/\/www.facebook.com\/people\/Jrmalas-valstspilstas-Pumpuru-vidusskola\/61565829730579\/\"]}]}<\/script>\n<!-- \/ Yoast SEO plugin. -->","yoast_head_json":{"title":"ATBALSTA KOMANDA - J\u016aRMALAS VALSTSPILS\u0112TAS PUMPURU VIDUSSKOLA","robots":{"index":"index","follow":"follow","max-snippet":"max-snippet:-1","max-image-preview":"max-image-preview:large","max-video-preview":"max-video-preview:-1"},"canonical":"https:\/\/pumpuruvsk.jurmala.lv\/?page_id=1167","og_locale":"lv_LV","og_type":"article","og_title":"ATBALSTA KOMANDA - J\u016aRMALAS VALSTSPILS\u0112TAS PUMPURU VIDUSSKOLA","og_description":"Amats V\u0101rds, uzv\u0101rds E-pasts Atbalsta komandas vad\u012bt\u0101ja Reg\u012bna Boldireva regina.boldireva@edu.jurmal.lv Soci\u0101lais pedagogs (Kronvalda ielas \u0113k\u0101) L\u012bga S\u012bpola liga.sipola@edu.jurmala.lv Soci\u0101lais pedagogs (Lielupes ielas \u0113k\u0101) Ineta Lud\u0101ne ineta.ludane@edu.jurmala.lv Izgl\u012bt\u012bbas psihologs (Kronvalda ielas \u0113k\u0101) Alla Plaude &#8211; Demidova alla.plaudedemidova@edu.jurmala.lv Speci\u0101lais pedagogs L\u012bga Stempere liga.stempere@edu.jurmala.lv Speci\u0101lais pedagogs (Lielupes ielas \u0113k\u0101) Gunta U\u0161\u0137e gunta.uske@edu.jurmala.lv Logop\u0113de V\u0113sma \u0160leinere vesma.sleinere@edu.jurmala.lv Izgl\u012bt\u012bbas metodi\u0137is...","og_url":"https:\/\/pumpuruvsk.jurmala.lv\/?page_id=1167","og_site_name":"J\u016aRMALAS VALSTSPILS\u0112TAS PUMPURU VIDUSSKOLA","article_publisher":"https:\/\/www.facebook.com\/people\/Jrmalas-valstspilstas-Pumpuru-vidusskola\/61565829730579\/","article_modified_time":"2026-01-27T16:09:31+00:00","twitter_card":"summary_large_image","twitter_misc":{"Est. reading time":"1 min\u016bte"},"schema":{"@context":"https:\/\/schema.org","@graph":[{"@type":"WebPage","@id":"https:\/\/pumpuruvsk.jurmala.lv\/?page_id=1167","url":"https:\/\/pumpuruvsk.jurmala.lv\/?page_id=1167","name":"ATBALSTA KOMANDA - J\u016aRMALAS VALSTSPILS\u0112TAS PUMPURU VIDUSSKOLA","isPartOf":{"@id":"https:\/\/pumpuruvsk.jurmala.lv\/#website"},"datePublished":"2024-07-28T15:37:25+00:00","dateModified":"2026-01-27T16:09:31+00:00","breadcrumb":{"@id":"https:\/\/pumpuruvsk.jurmala.lv\/?page_id=1167#breadcrumb"},"inLanguage":"lv-LV","potentialAction":[{"@type":"ReadAction","target":["https:\/\/pumpuruvsk.jurmala.lv\/?page_id=1167"]}]},{"@type":"BreadcrumbList","@id":"https:\/\/pumpuruvsk.jurmala.lv\/?page_id=1167#breadcrumb","itemListElement":[{"@type":"ListItem","position":1,"name":"Home","item":"https:\/\/pumpuruvsk.jurmala.lv\/"},{"@type":"ListItem","position":2,"name":"ATBALSTA KOMANDA"}]},{"@type":"WebSite","@id":"https:\/\/pumpuruvsk.jurmala.lv\/#website","url":"https:\/\/pumpuruvsk.jurmala.lv\/","name":"J\u016aRMALAS VALSTSPILS\u0112TAS PUMPURU VIDUSSKOLA.","description":"SKOLA IZAUGSMEI","publisher":{"@id":"https:\/\/pumpuruvsk.jurmala.lv\/#organization"},"potentialAction":[{"@type":"SearchAction","target":{"@type":"EntryPoint","urlTemplate":"https:\/\/pumpuruvsk.jurmala.lv\/?s={search_term_string}"},"query-input":"required name=search_term_string"}],"inLanguage":"lv-LV"},{"@type":"Organization","@id":"https:\/\/pumpuruvsk.jurmala.lv\/#organization","name":"J\u016aRMALAS VALSTSPILS\u0112TAS PUMPURU VIDUSSKOLA","url":"https:\/\/pumpuruvsk.jurmala.lv\/","logo":{"@type":"ImageObject","inLanguage":"lv-LV","@id":"https:\/\/pumpuruvsk.jurmala.lv\/#\/schema\/logo\/image\/","url":"https:\/\/pumpuruvsk.jurmala.lv\/wp-content\/uploads\/2024\/02\/cropped-cropped-JPV-mazais-1-2.png","contentUrl":"https:\/\/pumpuruvsk.jurmala.lv\/wp-content\/uploads\/2024\/02\/cropped-cropped-JPV-mazais-1-2.png","width":4500,"height":4500,"caption":"J\u016aRMALAS VALSTSPILS\u0112TAS PUMPURU VIDUSSKOLA"},"image":{"@id":"https:\/\/pumpuruvsk.jurmala.lv\/#\/schema\/logo\/image\/"},"sameAs":["https:\/\/www.facebook.com\/people\/Jrmalas-valstspilstas-Pumpuru-vidusskola\/61565829730579\/"]}]}},"_links":{"self":[{"href":"https:\/\/pumpuruvsk.jurmala.lv\/index.php?rest_route=\/wp\/v2\/pages\/1167","targetHints":{"allow":["GET"]}}],"collection":[{"href":"https:\/\/pumpuruvsk.jurmala.lv\/index.php?rest_route=\/wp\/v2\/pages"}],"about":[{"href":"https:\/\/pumpuruvsk.jurmala.lv\/index.php?rest_route=\/wp\/v2\/types\/page"}],"author":[{"embeddable":true,"href":"https:\/\/pumpuruvsk.jurmala.lv\/index.php?rest_route=\/wp\/v2\/users\/1"}],"replies":[{"embeddable":true,"href":"https:\/\/pumpuruvsk.jurmala.lv\/index.php?rest_route=%2Fwp%2Fv2%2Fcomments&post=1167"}],"version-history":[{"count":40,"href":"https:\/\/pumpuruvsk.jurmala.lv\/index.php?rest_route=\/wp\/v2\/pages\/1167\/revisions"}],"predecessor-version":[{"id":6506,"href":"https:\/\/pumpuruvsk.jurmala.lv\/index.php?rest_route=\/wp\/v2\/pages\/1167\/revisions\/6506"}],"wp:attachment":[{"href":"https:\/\/pumpuruvsk.jurmala.lv\/index.php?rest_route=%2Fwp%2Fv2%2Fmedia&parent=1167"}],"curies":[{"name":"wp","href":"https:\/\/api.w.org\/{rel}","templated":true}]}}