{"id":1586,"date":"2024-08-08T12:38:18","date_gmt":"2024-08-08T10:38:18","guid":{"rendered":"https:\/\/pumpuruvsk.jurmala.lv\/wordpress\/?page_id=1586"},"modified":"2024-12-20T19:58:58","modified_gmt":"2024-12-20T17:58:58","slug":"jurmalas-jaundubultu-pamatskola","status":"publish","type":"page","link":"https:\/\/pumpuruvsk.jurmala.lv\/?page_id=1586","title":{"rendered":"J\u016aRMALAS JAUNDUBULTU PAMATSKOLA"},"content":{"rendered":"\t\t<div data-elementor-type=\"wp-page\" data-elementor-id=\"1586\" class=\"elementor elementor-1586\">\n\t\t\t\t<div class=\"elementor-element elementor-element-22ea870 e-flex e-con-boxed e-con e-parent\" data-id=\"22ea870\" data-element_type=\"container\">\n\t\t\t\t\t<div class=\"e-con-inner\">\n\t\t\t\t<div class=\"elementor-element elementor-element-6c42a93 elementor-widget-divider--view-line_text elementor-widget-divider--element-align-center elementor-widget elementor-widget-divider\" data-id=\"6c42a93\" data-element_type=\"widget\" data-widget_type=\"divider.default\">\n\t\t\t\t<div class=\"elementor-widget-container\">\n\t\t\t\t\t\t\t<div class=\"elementor-divider\">\n\t\t\t<span class=\"elementor-divider-separator\">\n\t\t\t\t\t\t\t<span class=\"elementor-divider__text elementor-divider__element\">\n\t\t\t\tJ\u016aRMALAS VALSTSPILS\u0112TAS PUMPURU VIDUSSKOLAS IZVEIDE\t\t\t\t<\/span>\n\t\t\t\t\t\t<\/span>\n\t\t<\/div>\n\t\t\t\t\t\t<\/div>\n\t\t\t\t<\/div>\n\t\t\t\t\t<\/div>\n\t\t\t\t<\/div>\n\t\t<div class=\"elementor-element elementor-element-00ead9b e-flex e-con-boxed e-con e-parent\" data-id=\"00ead9b\" data-element_type=\"container\">\n\t\t\t\t\t<div class=\"e-con-inner\">\n\t\t\t\t<div class=\"elementor-element elementor-element-95fc034 elementor-widget elementor-widget-text-editor\" data-id=\"95fc034\" data-element_type=\"widget\" data-widget_type=\"text-editor.default\">\n\t\t\t\t<div class=\"elementor-widget-container\">\n\t\t\t\t\t\t\t\t\t<p>2024. gada 1. septembr\u012b izveidota J\u016brmalas valstspils\u0113tas Pumpuru vidusskola, reorganiz\u0113jot J\u016brmalas Pumpuru vidusskolu un J\u016brmalas Jaundubultu pamatskolu.<\/p>\t\t\t\t\t\t\t\t<\/div>\n\t\t\t\t<\/div>\n\t\t\t\t\t<\/div>\n\t\t\t\t<\/div>\n\t\t<div class=\"elementor-element elementor-element-d41c7ff e-flex e-con-boxed e-con e-parent\" data-id=\"d41c7ff\" data-element_type=\"container\">\n\t\t\t\t\t<div class=\"e-con-inner\">\n\t\t\t\t<div class=\"elementor-element elementor-element-1e1022a elementor-widget-divider--view-line_text elementor-widget-divider--element-align-center elementor-widget elementor-widget-divider\" data-id=\"1e1022a\" data-element_type=\"widget\" data-widget_type=\"divider.default\">\n\t\t\t\t<div class=\"elementor-widget-container\">\n\t\t\t\t\t\t\t<div class=\"elementor-divider\">\n\t\t\t<span class=\"elementor-divider-separator\">\n\t\t\t\t\t\t\t<span class=\"elementor-divider__text elementor-divider__element\">\n\t\t\t\tJ\u016aRMALAS JAUNDUBULTU PAMATSKOLAS V\u0112STURE\t\t\t\t<\/span>\n\t\t\t\t\t\t<\/span>\n\t\t<\/div>\n\t\t\t\t\t\t<\/div>\n\t\t\t\t<\/div>\n\t\t\t\t\t<\/div>\n\t\t\t\t<\/div>\n\t\t<div class=\"elementor-element elementor-element-ddb01c2 e-flex e-con-boxed e-con e-parent\" data-id=\"ddb01c2\" data-element_type=\"container\">\n\t\t\t\t\t<div class=\"e-con-inner\">\n\t\t\t\t<div class=\"elementor-element elementor-element-57850de elementor-widget elementor-widget-text-editor\" data-id=\"57850de\" data-element_type=\"widget\" data-widget_type=\"text-editor.default\">\n\t\t\t\t<div class=\"elementor-widget-container\">\n\t\t\t\t\t\t\t\t\t<p>1992. gad\u0101 toreiz\u0113j\u0101 J\u016brmalas 5. vidusskola tika p\u0101rd\u0113v\u0113ta par J\u016brmalas pils\u0113tas Jaundubultu vidusskolu.<br>Skolu ir absolv\u0113ju\u0161i daudzi slaveni cilv\u0113ki, starp tiem t\u0101di k\u0101&nbsp;vien\u012bgais kosmonauts, kas dzimis J\u016brmal\u0101, Aleksandrs Kaleri.<br>1969. gad\u0101&nbsp;tika pabeigta pa\u0161reiz\u0113j\u0101s skolas \u0113kas celtniec\u012bba.<br>1969. gad\u0101&nbsp;skola tika uzcelta no jauna.<br>60. gadu beig\u0101s skolas \u0113ka tika nojaukta. \u0112kas projekts tika p\u0101rcelts no Dubultu piej\u016bras laukuma uz Lielupes ielu 21.<br>J\u016brmalas Jaundubultu vidusskolas pirms\u0101kumi mekl\u0113jami 1870. gad\u0101, kad p\u0113c arhitekta I.Felsko projekta tika uzcelta vec\u0101 skolas \u0113ka, kura l\u012bdz m\u016bsdien\u0101m nav saglab\u0101jusies.<\/p>\t\t\t\t\t\t\t\t<\/div>\n\t\t\t\t<\/div>\n\t\t\t\t\t<\/div>\n\t\t\t\t<\/div>\n\t\t<div class=\"elementor-element elementor-element-fa1eb6c e-flex e-con-boxed e-con e-parent\" data-id=\"fa1eb6c\" data-element_type=\"container\">\n\t\t\t\t\t<div class=\"e-con-inner\">\n\t\t<div class=\"elementor-element elementor-element-8911b17 e-con-full e-flex e-con e-child\" data-id=\"8911b17\" data-element_type=\"container\">\n\t\t\t\t<div class=\"elementor-element elementor-element-e96fe11 elementor-widget elementor-widget-image\" data-id=\"e96fe11\" data-element_type=\"widget\" data-widget_type=\"image.default\">\n\t\t\t\t<div class=\"elementor-widget-container\">\n\t\t\t\t\t\t\t\t\t\t\t\t\t\t\t<img fetchpriority=\"high\" decoding=\"async\" width=\"400\" height=\"266\" src=\"https:\/\/pumpuruvsk.jurmala.lv\/wp-content\/uploads\/2024\/07\/jaundubultu_vidusskola.jpg\" class=\"attachment-large size-large wp-image-1017\" alt=\"Lielupes iela 21\" srcset=\"https:\/\/pumpuruvsk.jurmala.lv\/wp-content\/uploads\/2024\/07\/jaundubultu_vidusskola.jpg 400w, https:\/\/pumpuruvsk.jurmala.lv\/wp-content\/uploads\/2024\/07\/jaundubultu_vidusskola-300x200.jpg 300w\" sizes=\"(max-width: 400px) 100vw, 400px\" \/>\t\t\t\t\t\t\t\t\t\t\t\t\t\t\t<\/div>\n\t\t\t\t<\/div>\n\t\t\t\t<\/div>\n\t\t<div class=\"elementor-element elementor-element-139460c e-con-full e-flex e-con e-child\" data-id=\"139460c\" data-element_type=\"container\">\n\t\t\t\t<div class=\"elementor-element elementor-element-2227250 elementor-widget elementor-widget-image\" data-id=\"2227250\" data-element_type=\"widget\" data-widget_type=\"image.default\">\n\t\t\t\t<div class=\"elementor-widget-container\">\n\t\t\t\t\t\t\t\t\t\t\t\t\t\t\t<img decoding=\"async\" width=\"438\" height=\"325\" src=\"https:\/\/pumpuruvsk.jurmala.lv\/wp-content\/uploads\/2024\/07\/skola256.png\" class=\"attachment-large size-large wp-image-1079\" alt=\"Lielupes iela 21\" srcset=\"https:\/\/pumpuruvsk.jurmala.lv\/wp-content\/uploads\/2024\/07\/skola256.png 438w, https:\/\/pumpuruvsk.jurmala.lv\/wp-content\/uploads\/2024\/07\/skola256-300x223.png 300w\" sizes=\"(max-width: 438px) 100vw, 438px\" \/>\t\t\t\t\t\t\t\t\t\t\t\t\t\t\t<\/div>\n\t\t\t\t<\/div>\n\t\t\t\t<\/div>\n\t\t\t\t\t<\/div>\n\t\t\t\t<\/div>\n\t\t<div class=\"elementor-element elementor-element-6f24b5d e-flex e-con-boxed e-con e-parent\" data-id=\"6f24b5d\" data-element_type=\"container\">\n\t\t\t\t\t<div class=\"e-con-inner\">\n\t\t\t\t<div class=\"elementor-element elementor-element-73ddb5d elementor-widget-divider--view-line_text elementor-widget-divider--element-align-center elementor-widget elementor-widget-divider\" data-id=\"73ddb5d\" data-element_type=\"widget\" data-widget_type=\"divider.default\">\n\t\t\t\t<div class=\"elementor-widget-container\">\n\t\t\t\t\t\t\t<div class=\"elementor-divider\">\n\t\t\t<span class=\"elementor-divider-separator\">\n\t\t\t\t\t\t\t<span class=\"elementor-divider__text elementor-divider__element\">\n\t\t\t\tSKOLAS DIREKTORI\t\t\t\t<\/span>\n\t\t\t\t\t\t<\/span>\n\t\t<\/div>\n\t\t\t\t\t\t<\/div>\n\t\t\t\t<\/div>\n\t\t\t\t\t<\/div>\n\t\t\t\t<\/div>\n\t\t<div class=\"elementor-element elementor-element-f9a728b e-flex e-con-boxed e-con e-parent\" data-id=\"f9a728b\" data-element_type=\"container\">\n\t\t\t\t\t<div class=\"e-con-inner\">\n\t\t\t\t<div class=\"elementor-element elementor-element-4c0c7f8 elementor-widget elementor-widget-text-editor\" data-id=\"4c0c7f8\" data-element_type=\"widget\" data-widget_type=\"text-editor.default\">\n\t\t\t\t<div class=\"elementor-widget-container\">\n\t\t\t\t\t\t\t\t\t<p>No 2005. gada febru\u0101ra l\u012bdz 2024. gada 31. augustam J\u016brmalas Jaundubultu pamatskolas direktors \u0112riks Annu\u0161k\u0101ns.<br>No 1989. gada l\u012bdz 2005. gadam Marija Les\u010dinska.<br>No 1988. gada l\u012bdz 1989. gadam Ga\u013cina Zikuna.<br>Ivans Klimovs.<br>Larisa Fedja\u0161ina.<br>1954. gad\u0101&nbsp;P\u0101vels Tro\u0161kins.<br>Je\u013cena Bla\u017ekova.<br>Svetlana Mo\u0161kanova.<br>Vasilijs Jefremovs &#8211; pirmais toreiz\u0113jas 9. vidusskolas direktors.<\/p>\t\t\t\t\t\t\t\t<\/div>\n\t\t\t\t<\/div>\n\t\t\t\t\t<\/div>\n\t\t\t\t<\/div>\n\t\t\t\t<\/div>\n\t\t","protected":false},"excerpt":{"rendered":"<p>J\u016aRMALAS VALSTSPILS\u0112TAS PUMPURU VIDUSSKOLAS IZVEIDE 2024. gada 1. septembr\u012b izveidota J\u016brmalas valstspils\u0113tas Pumpuru vidusskola, reorganiz\u0113jot J\u016brmalas Pumpuru vidusskolu un J\u016brmalas Jaundubultu pamatskolu. J\u016aRMALAS JAUNDUBULTU PAMATSKOLAS V\u0112STURE 1992. gad\u0101 toreiz\u0113j\u0101 J\u016brmalas 5. vidusskola tika p\u0101rd\u0113v\u0113ta par J\u016brmalas pils\u0113tas Jaundubultu vidusskolu.Skolu ir absolv\u0113ju\u0161i daudzi slaveni cilv\u0113ki, starp tiem t\u0101di k\u0101&nbsp;vien\u012bgais kosmonauts, kas dzimis J\u016brmal\u0101, Aleksandrs Kaleri.1969. gad\u0101&nbsp;tika&#8230;<\/p>\n","protected":false},"author":1,"featured_media":0,"parent":0,"menu_order":0,"comment_status":"closed","ping_status":"closed","template":"","meta":{"footnotes":""},"class_list":["post-1586","page","type-page","status-publish","hentry"],"yoast_head":"<!-- This site is optimized with the Yoast SEO plugin v23.1 - https:\/\/yoast.com\/wordpress\/plugins\/seo\/ -->\n<title>J\u016aRMALAS JAUNDUBULTU PAMATSKOLA - J\u016aRMALAS VALSTSPILS\u0112TAS PUMPURU VIDUSSKOLA<\/title>\n<meta name=\"robots\" content=\"index, follow, max-snippet:-1, max-image-preview:large, max-video-preview:-1\" \/>\n<link rel=\"canonical\" href=\"https:\/\/pumpuruvsk.jurmala.lv\/?page_id=1586\" \/>\n<meta property=\"og:locale\" content=\"lv_LV\" \/>\n<meta property=\"og:type\" content=\"article\" \/>\n<meta property=\"og:title\" content=\"J\u016aRMALAS JAUNDUBULTU PAMATSKOLA - J\u016aRMALAS VALSTSPILS\u0112TAS PUMPURU VIDUSSKOLA\" \/>\n<meta property=\"og:description\" content=\"J\u016aRMALAS VALSTSPILS\u0112TAS PUMPURU VIDUSSKOLAS IZVEIDE 2024. gada 1. septembr\u012b izveidota J\u016brmalas valstspils\u0113tas Pumpuru vidusskola, reorganiz\u0113jot J\u016brmalas Pumpuru vidusskolu un J\u016brmalas Jaundubultu pamatskolu. J\u016aRMALAS JAUNDUBULTU PAMATSKOLAS V\u0112STURE 1992. gad\u0101 toreiz\u0113j\u0101 J\u016brmalas 5. vidusskola tika p\u0101rd\u0113v\u0113ta par J\u016brmalas pils\u0113tas Jaundubultu vidusskolu.Skolu ir absolv\u0113ju\u0161i daudzi slaveni cilv\u0113ki, starp tiem t\u0101di k\u0101&nbsp;vien\u012bgais kosmonauts, kas dzimis J\u016brmal\u0101, Aleksandrs Kaleri.1969. gad\u0101&nbsp;tika...\" \/>\n<meta property=\"og:url\" content=\"https:\/\/pumpuruvsk.jurmala.lv\/?page_id=1586\" \/>\n<meta property=\"og:site_name\" content=\"J\u016aRMALAS VALSTSPILS\u0112TAS PUMPURU VIDUSSKOLA\" \/>\n<meta property=\"article:publisher\" content=\"https:\/\/www.facebook.com\/people\/Jrmalas-valstspilstas-Pumpuru-vidusskola\/61565829730579\/\" \/>\n<meta property=\"article:modified_time\" content=\"2024-12-20T17:58:58+00:00\" \/>\n<meta property=\"og:image\" content=\"https:\/\/pumpuruvsk.jurmala.lv\/wp-content\/uploads\/2024\/07\/jaundubultu_vidusskola.jpg\" \/>\n<meta name=\"twitter:card\" content=\"summary_large_image\" \/>\n<meta name=\"twitter:label1\" content=\"Est. reading time\" \/>\n\t<meta name=\"twitter:data1\" content=\"2 min\u016btes\" \/>\n<script type=\"application\/ld+json\" class=\"yoast-schema-graph\">{\"@context\":\"https:\/\/schema.org\",\"@graph\":[{\"@type\":\"WebPage\",\"@id\":\"https:\/\/pumpuruvsk.jurmala.lv\/?page_id=1586\",\"url\":\"https:\/\/pumpuruvsk.jurmala.lv\/?page_id=1586\",\"name\":\"J\u016aRMALAS JAUNDUBULTU PAMATSKOLA - J\u016aRMALAS VALSTSPILS\u0112TAS PUMPURU VIDUSSKOLA\",\"isPartOf\":{\"@id\":\"https:\/\/pumpuruvsk.jurmala.lv\/#website\"},\"primaryImageOfPage\":{\"@id\":\"https:\/\/pumpuruvsk.jurmala.lv\/?page_id=1586#primaryimage\"},\"image\":{\"@id\":\"https:\/\/pumpuruvsk.jurmala.lv\/?page_id=1586#primaryimage\"},\"thumbnailUrl\":\"https:\/\/pumpuruvsk.jurmala.lv\/wp-content\/uploads\/2024\/07\/jaundubultu_vidusskola.jpg\",\"datePublished\":\"2024-08-08T10:38:18+00:00\",\"dateModified\":\"2024-12-20T17:58:58+00:00\",\"breadcrumb\":{\"@id\":\"https:\/\/pumpuruvsk.jurmala.lv\/?page_id=1586#breadcrumb\"},\"inLanguage\":\"lv-LV\",\"potentialAction\":[{\"@type\":\"ReadAction\",\"target\":[\"https:\/\/pumpuruvsk.jurmala.lv\/?page_id=1586\"]}]},{\"@type\":\"ImageObject\",\"inLanguage\":\"lv-LV\",\"@id\":\"https:\/\/pumpuruvsk.jurmala.lv\/?page_id=1586#primaryimage\",\"url\":\"https:\/\/pumpuruvsk.jurmala.lv\/wp-content\/uploads\/2024\/07\/jaundubultu_vidusskola.jpg\",\"contentUrl\":\"https:\/\/pumpuruvsk.jurmala.lv\/wp-content\/uploads\/2024\/07\/jaundubultu_vidusskola.jpg\",\"width\":400,\"height\":266,\"caption\":\"Lielupes iela 21\"},{\"@type\":\"BreadcrumbList\",\"@id\":\"https:\/\/pumpuruvsk.jurmala.lv\/?page_id=1586#breadcrumb\",\"itemListElement\":[{\"@type\":\"ListItem\",\"position\":1,\"name\":\"Home\",\"item\":\"https:\/\/pumpuruvsk.jurmala.lv\/\"},{\"@type\":\"ListItem\",\"position\":2,\"name\":\"J\u016aRMALAS JAUNDUBULTU PAMATSKOLA\"}]},{\"@type\":\"WebSite\",\"@id\":\"https:\/\/pumpuruvsk.jurmala.lv\/#website\",\"url\":\"https:\/\/pumpuruvsk.jurmala.lv\/\",\"name\":\"J\u016aRMALAS VALSTSPILS\u0112TAS PUMPURU VIDUSSKOLA.\",\"description\":\"SKOLA IZAUGSMEI\",\"publisher\":{\"@id\":\"https:\/\/pumpuruvsk.jurmala.lv\/#organization\"},\"potentialAction\":[{\"@type\":\"SearchAction\",\"target\":{\"@type\":\"EntryPoint\",\"urlTemplate\":\"https:\/\/pumpuruvsk.jurmala.lv\/?s={search_term_string}\"},\"query-input\":\"required name=search_term_string\"}],\"inLanguage\":\"lv-LV\"},{\"@type\":\"Organization\",\"@id\":\"https:\/\/pumpuruvsk.jurmala.lv\/#organization\",\"name\":\"J\u016aRMALAS VALSTSPILS\u0112TAS PUMPURU VIDUSSKOLA\",\"url\":\"https:\/\/pumpuruvsk.jurmala.lv\/\",\"logo\":{\"@type\":\"ImageObject\",\"inLanguage\":\"lv-LV\",\"@id\":\"https:\/\/pumpuruvsk.jurmala.lv\/#\/schema\/logo\/image\/\",\"url\":\"https:\/\/pumpuruvsk.jurmala.lv\/wp-content\/uploads\/2024\/02\/cropped-cropped-JPV-mazais-1-2.png\",\"contentUrl\":\"https:\/\/pumpuruvsk.jurmala.lv\/wp-content\/uploads\/2024\/02\/cropped-cropped-JPV-mazais-1-2.png\",\"width\":4500,\"height\":4500,\"caption\":\"J\u016aRMALAS VALSTSPILS\u0112TAS PUMPURU VIDUSSKOLA\"},\"image\":{\"@id\":\"https:\/\/pumpuruvsk.jurmala.lv\/#\/schema\/logo\/image\/\"},\"sameAs\":[\"https:\/\/www.facebook.com\/people\/Jrmalas-valstspilstas-Pumpuru-vidusskola\/61565829730579\/\"]}]}<\/script>\n<!-- \/ Yoast SEO plugin. -->","yoast_head_json":{"title":"J\u016aRMALAS JAUNDUBULTU PAMATSKOLA - J\u016aRMALAS VALSTSPILS\u0112TAS PUMPURU VIDUSSKOLA","robots":{"index":"index","follow":"follow","max-snippet":"max-snippet:-1","max-image-preview":"max-image-preview:large","max-video-preview":"max-video-preview:-1"},"canonical":"https:\/\/pumpuruvsk.jurmala.lv\/?page_id=1586","og_locale":"lv_LV","og_type":"article","og_title":"J\u016aRMALAS JAUNDUBULTU PAMATSKOLA - J\u016aRMALAS VALSTSPILS\u0112TAS PUMPURU VIDUSSKOLA","og_description":"J\u016aRMALAS VALSTSPILS\u0112TAS PUMPURU VIDUSSKOLAS IZVEIDE 2024. gada 1. septembr\u012b izveidota J\u016brmalas valstspils\u0113tas Pumpuru vidusskola, reorganiz\u0113jot J\u016brmalas Pumpuru vidusskolu un J\u016brmalas Jaundubultu pamatskolu. J\u016aRMALAS JAUNDUBULTU PAMATSKOLAS V\u0112STURE 1992. gad\u0101 toreiz\u0113j\u0101 J\u016brmalas 5. vidusskola tika p\u0101rd\u0113v\u0113ta par J\u016brmalas pils\u0113tas Jaundubultu vidusskolu.Skolu ir absolv\u0113ju\u0161i daudzi slaveni cilv\u0113ki, starp tiem t\u0101di k\u0101&nbsp;vien\u012bgais kosmonauts, kas dzimis J\u016brmal\u0101, Aleksandrs Kaleri.1969. gad\u0101&nbsp;tika...","og_url":"https:\/\/pumpuruvsk.jurmala.lv\/?page_id=1586","og_site_name":"J\u016aRMALAS VALSTSPILS\u0112TAS PUMPURU VIDUSSKOLA","article_publisher":"https:\/\/www.facebook.com\/people\/Jrmalas-valstspilstas-Pumpuru-vidusskola\/61565829730579\/","article_modified_time":"2024-12-20T17:58:58+00:00","og_image":[{"url":"https:\/\/pumpuruvsk.jurmala.lv\/wp-content\/uploads\/2024\/07\/jaundubultu_vidusskola.jpg"}],"twitter_card":"summary_large_image","twitter_misc":{"Est. reading time":"2 min\u016btes"},"schema":{"@context":"https:\/\/schema.org","@graph":[{"@type":"WebPage","@id":"https:\/\/pumpuruvsk.jurmala.lv\/?page_id=1586","url":"https:\/\/pumpuruvsk.jurmala.lv\/?page_id=1586","name":"J\u016aRMALAS JAUNDUBULTU PAMATSKOLA - J\u016aRMALAS VALSTSPILS\u0112TAS PUMPURU VIDUSSKOLA","isPartOf":{"@id":"https:\/\/pumpuruvsk.jurmala.lv\/#website"},"primaryImageOfPage":{"@id":"https:\/\/pumpuruvsk.jurmala.lv\/?page_id=1586#primaryimage"},"image":{"@id":"https:\/\/pumpuruvsk.jurmala.lv\/?page_id=1586#primaryimage"},"thumbnailUrl":"https:\/\/pumpuruvsk.jurmala.lv\/wp-content\/uploads\/2024\/07\/jaundubultu_vidusskola.jpg","datePublished":"2024-08-08T10:38:18+00:00","dateModified":"2024-12-20T17:58:58+00:00","breadcrumb":{"@id":"https:\/\/pumpuruvsk.jurmala.lv\/?page_id=1586#breadcrumb"},"inLanguage":"lv-LV","potentialAction":[{"@type":"ReadAction","target":["https:\/\/pumpuruvsk.jurmala.lv\/?page_id=1586"]}]},{"@type":"ImageObject","inLanguage":"lv-LV","@id":"https:\/\/pumpuruvsk.jurmala.lv\/?page_id=1586#primaryimage","url":"https:\/\/pumpuruvsk.jurmala.lv\/wp-content\/uploads\/2024\/07\/jaundubultu_vidusskola.jpg","contentUrl":"https:\/\/pumpuruvsk.jurmala.lv\/wp-content\/uploads\/2024\/07\/jaundubultu_vidusskola.jpg","width":400,"height":266,"caption":"Lielupes iela 21"},{"@type":"BreadcrumbList","@id":"https:\/\/pumpuruvsk.jurmala.lv\/?page_id=1586#breadcrumb","itemListElement":[{"@type":"ListItem","position":1,"name":"Home","item":"https:\/\/pumpuruvsk.jurmala.lv\/"},{"@type":"ListItem","position":2,"name":"J\u016aRMALAS JAUNDUBULTU PAMATSKOLA"}]},{"@type":"WebSite","@id":"https:\/\/pumpuruvsk.jurmala.lv\/#website","url":"https:\/\/pumpuruvsk.jurmala.lv\/","name":"J\u016aRMALAS VALSTSPILS\u0112TAS PUMPURU VIDUSSKOLA.","description":"SKOLA IZAUGSMEI","publisher":{"@id":"https:\/\/pumpuruvsk.jurmala.lv\/#organization"},"potentialAction":[{"@type":"SearchAction","target":{"@type":"EntryPoint","urlTemplate":"https:\/\/pumpuruvsk.jurmala.lv\/?s={search_term_string}"},"query-input":"required name=search_term_string"}],"inLanguage":"lv-LV"},{"@type":"Organization","@id":"https:\/\/pumpuruvsk.jurmala.lv\/#organization","name":"J\u016aRMALAS VALSTSPILS\u0112TAS PUMPURU VIDUSSKOLA","url":"https:\/\/pumpuruvsk.jurmala.lv\/","logo":{"@type":"ImageObject","inLanguage":"lv-LV","@id":"https:\/\/pumpuruvsk.jurmala.lv\/#\/schema\/logo\/image\/","url":"https:\/\/pumpuruvsk.jurmala.lv\/wp-content\/uploads\/2024\/02\/cropped-cropped-JPV-mazais-1-2.png","contentUrl":"https:\/\/pumpuruvsk.jurmala.lv\/wp-content\/uploads\/2024\/02\/cropped-cropped-JPV-mazais-1-2.png","width":4500,"height":4500,"caption":"J\u016aRMALAS VALSTSPILS\u0112TAS PUMPURU VIDUSSKOLA"},"image":{"@id":"https:\/\/pumpuruvsk.jurmala.lv\/#\/schema\/logo\/image\/"},"sameAs":["https:\/\/www.facebook.com\/people\/Jrmalas-valstspilstas-Pumpuru-vidusskola\/61565829730579\/"]}]}},"_links":{"self":[{"href":"https:\/\/pumpuruvsk.jurmala.lv\/index.php?rest_route=\/wp\/v2\/pages\/1586","targetHints":{"allow":["GET"]}}],"collection":[{"href":"https:\/\/pumpuruvsk.jurmala.lv\/index.php?rest_route=\/wp\/v2\/pages"}],"about":[{"href":"https:\/\/pumpuruvsk.jurmala.lv\/index.php?rest_route=\/wp\/v2\/types\/page"}],"author":[{"embeddable":true,"href":"https:\/\/pumpuruvsk.jurmala.lv\/index.php?rest_route=\/wp\/v2\/users\/1"}],"replies":[{"embeddable":true,"href":"https:\/\/pumpuruvsk.jurmala.lv\/index.php?rest_route=%2Fwp%2Fv2%2Fcomments&post=1586"}],"version-history":[{"count":61,"href":"https:\/\/pumpuruvsk.jurmala.lv\/index.php?rest_route=\/wp\/v2\/pages\/1586\/revisions"}],"predecessor-version":[{"id":4031,"href":"https:\/\/pumpuruvsk.jurmala.lv\/index.php?rest_route=\/wp\/v2\/pages\/1586\/revisions\/4031"}],"wp:attachment":[{"href":"https:\/\/pumpuruvsk.jurmala.lv\/index.php?rest_route=%2Fwp%2Fv2%2Fmedia&parent=1586"}],"curies":[{"name":"wp","href":"https:\/\/api.w.org\/{rel}","templated":true}]}}