{"id":1839,"date":"2024-08-12T11:23:19","date_gmt":"2024-08-12T09:23:19","guid":{"rendered":"https:\/\/pumpuruvsk.jurmala.lv\/wordpress\/?page_id=1839"},"modified":"2026-02-13T09:13:45","modified_gmt":"2026-02-13T07:13:45","slug":"piens-un-augli-skolai","status":"publish","type":"page","link":"https:\/\/pumpuruvsk.jurmala.lv\/?page_id=1839","title":{"rendered":"PIENS UN AUG\u013bI SKOLAI"},"content":{"rendered":"\t\t<div data-elementor-type=\"wp-page\" data-elementor-id=\"1839\" class=\"elementor elementor-1839\">\n\t\t\t\t<div class=\"elementor-element elementor-element-3935687 e-flex e-con-boxed e-con e-parent\" data-id=\"3935687\" data-element_type=\"container\">\n\t\t\t\t\t<div class=\"e-con-inner\">\n\t\t\t\t<div class=\"elementor-element elementor-element-b70c915 elementor-widget elementor-widget-image\" data-id=\"b70c915\" data-element_type=\"widget\" data-widget_type=\"image.default\">\n\t\t\t\t<div class=\"elementor-widget-container\">\n\t\t\t\t\t\t\t\t\t\t\t\t\t\t\t<img fetchpriority=\"high\" decoding=\"async\" width=\"640\" height=\"222\" src=\"https:\/\/pumpuruvsk.jurmala.lv\/wp-content\/uploads\/2024\/08\/PIENS.png\" class=\"attachment-large size-large wp-image-1842\" alt=\"\" srcset=\"https:\/\/pumpuruvsk.jurmala.lv\/wp-content\/uploads\/2024\/08\/PIENS.png 713w, https:\/\/pumpuruvsk.jurmala.lv\/wp-content\/uploads\/2024\/08\/PIENS-300x104.png 300w\" sizes=\"(max-width: 640px) 100vw, 640px\" \/>\t\t\t\t\t\t\t\t\t\t\t\t\t\t\t<\/div>\n\t\t\t\t<\/div>\n\t\t\t\t\t<\/div>\n\t\t\t\t<\/div>\n\t\t<div class=\"elementor-element elementor-element-688b371 e-flex e-con-boxed e-con e-parent\" data-id=\"688b371\" data-element_type=\"container\">\n\t\t\t\t\t<div class=\"e-con-inner\">\n\t\t\t\t<div class=\"elementor-element elementor-element-e30211b elementor-widget elementor-widget-text-editor\" data-id=\"e30211b\" data-element_type=\"widget\" data-widget_type=\"text-editor.default\">\n\t\t\t\t<div class=\"elementor-widget-container\">\n\t\t\t\t\t\t\t\t\t<p>2025.\/2026. m\u0101c\u012bbu gad\u0101 J\u016brmalas valstspils\u0113tas Pumpuru vidusskola piedal\u0101s programm\u0101 \u201cPiens un aug\u013ci skolai\u201d.<\/p>\t\t\t\t\t\t\t\t<\/div>\n\t\t\t\t<\/div>\n\t\t\t\t\t<\/div>\n\t\t\t\t<\/div>\n\t\t<div class=\"elementor-element elementor-element-42ba97e e-flex e-con-boxed e-con e-parent\" data-id=\"42ba97e\" data-element_type=\"container\">\n\t\t\t\t\t<div class=\"e-con-inner\">\n\t\t\t\t<div class=\"elementor-element elementor-element-34f118f elementor-widget elementor-widget-button\" data-id=\"34f118f\" data-element_type=\"widget\" data-widget_type=\"button.default\">\n\t\t\t\t<div class=\"elementor-widget-container\">\n\t\t\t\t\t\t\t\t\t<div class=\"elementor-button-wrapper\">\n\t\t\t\t\t<a class=\"elementor-button elementor-button-link elementor-size-sm\" href=\"https:\/\/piensaugliskolai.lv\/lv\/par-programmu\/jaunumi\/\">\n\t\t\t\t\t\t<span class=\"elementor-button-content-wrapper\">\n\t\t\t\t\t\t\t\t\t<span class=\"elementor-button-text\">VAIR\u0100K INFORM\u0100CIJAS<\/span>\n\t\t\t\t\t<\/span>\n\t\t\t\t\t<\/a>\n\t\t\t\t<\/div>\n\t\t\t\t\t\t\t\t<\/div>\n\t\t\t\t<\/div>\n\t\t\t\t\t<\/div>\n\t\t\t\t<\/div>\n\t\t\t\t<\/div>\n\t\t","protected":false},"excerpt":{"rendered":"<p>2025.\/2026. m\u0101c\u012bbu gad\u0101 J\u016brmalas valstspils\u0113tas Pumpuru vidusskola piedal\u0101s programm\u0101 \u201cPiens un aug\u013ci skolai\u201d. VAIR\u0100K INFORM\u0100CIJAS<\/p>\n","protected":false},"author":1,"featured_media":0,"parent":0,"menu_order":0,"comment_status":"closed","ping_status":"closed","template":"","meta":{"footnotes":""},"class_list":["post-1839","page","type-page","status-publish","hentry"],"yoast_head":"<!-- This site is optimized with the Yoast SEO plugin v23.1 - https:\/\/yoast.com\/wordpress\/plugins\/seo\/ -->\n<title>PIENS UN AUG\u013bI SKOLAI - J\u016aRMALAS VALSTSPILS\u0112TAS PUMPURU VIDUSSKOLA<\/title>\n<meta name=\"robots\" content=\"index, follow, max-snippet:-1, max-image-preview:large, max-video-preview:-1\" \/>\n<link rel=\"canonical\" href=\"https:\/\/pumpuruvsk.jurmala.lv\/?page_id=1839\" \/>\n<meta property=\"og:locale\" content=\"lv_LV\" \/>\n<meta property=\"og:type\" content=\"article\" \/>\n<meta property=\"og:title\" content=\"PIENS UN AUG\u013bI SKOLAI - J\u016aRMALAS VALSTSPILS\u0112TAS PUMPURU VIDUSSKOLA\" \/>\n<meta property=\"og:description\" content=\"2025.\/2026. m\u0101c\u012bbu gad\u0101 J\u016brmalas valstspils\u0113tas Pumpuru vidusskola piedal\u0101s programm\u0101 \u201cPiens un aug\u013ci skolai\u201d. VAIR\u0100K INFORM\u0100CIJAS\" \/>\n<meta property=\"og:url\" content=\"https:\/\/pumpuruvsk.jurmala.lv\/?page_id=1839\" \/>\n<meta property=\"og:site_name\" content=\"J\u016aRMALAS VALSTSPILS\u0112TAS PUMPURU VIDUSSKOLA\" \/>\n<meta property=\"article:publisher\" content=\"https:\/\/www.facebook.com\/people\/Jrmalas-valstspilstas-Pumpuru-vidusskola\/61565829730579\/\" \/>\n<meta property=\"article:modified_time\" content=\"2026-02-13T07:13:45+00:00\" \/>\n<meta property=\"og:image\" content=\"https:\/\/pumpuruvsk.jurmala.lv\/wp-content\/uploads\/2024\/08\/PIENS.png\" \/>\n<meta name=\"twitter:card\" content=\"summary_large_image\" \/>\n<meta name=\"twitter:label1\" content=\"Est. reading time\" \/>\n\t<meta name=\"twitter:data1\" content=\"1 min\u016bte\" \/>\n<script type=\"application\/ld+json\" class=\"yoast-schema-graph\">{\"@context\":\"https:\/\/schema.org\",\"@graph\":[{\"@type\":\"WebPage\",\"@id\":\"https:\/\/pumpuruvsk.jurmala.lv\/?page_id=1839\",\"url\":\"https:\/\/pumpuruvsk.jurmala.lv\/?page_id=1839\",\"name\":\"PIENS UN AUG\u013bI SKOLAI - J\u016aRMALAS VALSTSPILS\u0112TAS PUMPURU VIDUSSKOLA\",\"isPartOf\":{\"@id\":\"https:\/\/pumpuruvsk.jurmala.lv\/#website\"},\"primaryImageOfPage\":{\"@id\":\"https:\/\/pumpuruvsk.jurmala.lv\/?page_id=1839#primaryimage\"},\"image\":{\"@id\":\"https:\/\/pumpuruvsk.jurmala.lv\/?page_id=1839#primaryimage\"},\"thumbnailUrl\":\"https:\/\/pumpuruvsk.jurmala.lv\/wp-content\/uploads\/2024\/08\/PIENS.png\",\"datePublished\":\"2024-08-12T09:23:19+00:00\",\"dateModified\":\"2026-02-13T07:13:45+00:00\",\"breadcrumb\":{\"@id\":\"https:\/\/pumpuruvsk.jurmala.lv\/?page_id=1839#breadcrumb\"},\"inLanguage\":\"lv-LV\",\"potentialAction\":[{\"@type\":\"ReadAction\",\"target\":[\"https:\/\/pumpuruvsk.jurmala.lv\/?page_id=1839\"]}]},{\"@type\":\"ImageObject\",\"inLanguage\":\"lv-LV\",\"@id\":\"https:\/\/pumpuruvsk.jurmala.lv\/?page_id=1839#primaryimage\",\"url\":\"https:\/\/pumpuruvsk.jurmala.lv\/wp-content\/uploads\/2024\/08\/PIENS.png\",\"contentUrl\":\"https:\/\/pumpuruvsk.jurmala.lv\/wp-content\/uploads\/2024\/08\/PIENS.png\",\"width\":713,\"height\":247},{\"@type\":\"BreadcrumbList\",\"@id\":\"https:\/\/pumpuruvsk.jurmala.lv\/?page_id=1839#breadcrumb\",\"itemListElement\":[{\"@type\":\"ListItem\",\"position\":1,\"name\":\"Home\",\"item\":\"https:\/\/pumpuruvsk.jurmala.lv\/\"},{\"@type\":\"ListItem\",\"position\":2,\"name\":\"PIENS UN AUG\u013bI SKOLAI\"}]},{\"@type\":\"WebSite\",\"@id\":\"https:\/\/pumpuruvsk.jurmala.lv\/#website\",\"url\":\"https:\/\/pumpuruvsk.jurmala.lv\/\",\"name\":\"J\u016aRMALAS VALSTSPILS\u0112TAS PUMPURU VIDUSSKOLA.\",\"description\":\"SKOLA IZAUGSMEI\",\"publisher\":{\"@id\":\"https:\/\/pumpuruvsk.jurmala.lv\/#organization\"},\"potentialAction\":[{\"@type\":\"SearchAction\",\"target\":{\"@type\":\"EntryPoint\",\"urlTemplate\":\"https:\/\/pumpuruvsk.jurmala.lv\/?s={search_term_string}\"},\"query-input\":\"required name=search_term_string\"}],\"inLanguage\":\"lv-LV\"},{\"@type\":\"Organization\",\"@id\":\"https:\/\/pumpuruvsk.jurmala.lv\/#organization\",\"name\":\"J\u016aRMALAS VALSTSPILS\u0112TAS PUMPURU VIDUSSKOLA\",\"url\":\"https:\/\/pumpuruvsk.jurmala.lv\/\",\"logo\":{\"@type\":\"ImageObject\",\"inLanguage\":\"lv-LV\",\"@id\":\"https:\/\/pumpuruvsk.jurmala.lv\/#\/schema\/logo\/image\/\",\"url\":\"https:\/\/pumpuruvsk.jurmala.lv\/wp-content\/uploads\/2024\/02\/cropped-cropped-JPV-mazais-1-2.png\",\"contentUrl\":\"https:\/\/pumpuruvsk.jurmala.lv\/wp-content\/uploads\/2024\/02\/cropped-cropped-JPV-mazais-1-2.png\",\"width\":4500,\"height\":4500,\"caption\":\"J\u016aRMALAS VALSTSPILS\u0112TAS PUMPURU VIDUSSKOLA\"},\"image\":{\"@id\":\"https:\/\/pumpuruvsk.jurmala.lv\/#\/schema\/logo\/image\/\"},\"sameAs\":[\"https:\/\/www.facebook.com\/people\/Jrmalas-valstspilstas-Pumpuru-vidusskola\/61565829730579\/\"]}]}<\/script>\n<!-- \/ Yoast SEO plugin. -->","yoast_head_json":{"title":"PIENS UN AUG\u013bI SKOLAI - J\u016aRMALAS VALSTSPILS\u0112TAS PUMPURU VIDUSSKOLA","robots":{"index":"index","follow":"follow","max-snippet":"max-snippet:-1","max-image-preview":"max-image-preview:large","max-video-preview":"max-video-preview:-1"},"canonical":"https:\/\/pumpuruvsk.jurmala.lv\/?page_id=1839","og_locale":"lv_LV","og_type":"article","og_title":"PIENS UN AUG\u013bI SKOLAI - J\u016aRMALAS VALSTSPILS\u0112TAS PUMPURU VIDUSSKOLA","og_description":"2025.\/2026. m\u0101c\u012bbu gad\u0101 J\u016brmalas valstspils\u0113tas Pumpuru vidusskola piedal\u0101s programm\u0101 \u201cPiens un aug\u013ci skolai\u201d. VAIR\u0100K INFORM\u0100CIJAS","og_url":"https:\/\/pumpuruvsk.jurmala.lv\/?page_id=1839","og_site_name":"J\u016aRMALAS VALSTSPILS\u0112TAS PUMPURU VIDUSSKOLA","article_publisher":"https:\/\/www.facebook.com\/people\/Jrmalas-valstspilstas-Pumpuru-vidusskola\/61565829730579\/","article_modified_time":"2026-02-13T07:13:45+00:00","og_image":[{"url":"https:\/\/pumpuruvsk.jurmala.lv\/wp-content\/uploads\/2024\/08\/PIENS.png"}],"twitter_card":"summary_large_image","twitter_misc":{"Est. reading time":"1 min\u016bte"},"schema":{"@context":"https:\/\/schema.org","@graph":[{"@type":"WebPage","@id":"https:\/\/pumpuruvsk.jurmala.lv\/?page_id=1839","url":"https:\/\/pumpuruvsk.jurmala.lv\/?page_id=1839","name":"PIENS UN AUG\u013bI SKOLAI - J\u016aRMALAS VALSTSPILS\u0112TAS PUMPURU VIDUSSKOLA","isPartOf":{"@id":"https:\/\/pumpuruvsk.jurmala.lv\/#website"},"primaryImageOfPage":{"@id":"https:\/\/pumpuruvsk.jurmala.lv\/?page_id=1839#primaryimage"},"image":{"@id":"https:\/\/pumpuruvsk.jurmala.lv\/?page_id=1839#primaryimage"},"thumbnailUrl":"https:\/\/pumpuruvsk.jurmala.lv\/wp-content\/uploads\/2024\/08\/PIENS.png","datePublished":"2024-08-12T09:23:19+00:00","dateModified":"2026-02-13T07:13:45+00:00","breadcrumb":{"@id":"https:\/\/pumpuruvsk.jurmala.lv\/?page_id=1839#breadcrumb"},"inLanguage":"lv-LV","potentialAction":[{"@type":"ReadAction","target":["https:\/\/pumpuruvsk.jurmala.lv\/?page_id=1839"]}]},{"@type":"ImageObject","inLanguage":"lv-LV","@id":"https:\/\/pumpuruvsk.jurmala.lv\/?page_id=1839#primaryimage","url":"https:\/\/pumpuruvsk.jurmala.lv\/wp-content\/uploads\/2024\/08\/PIENS.png","contentUrl":"https:\/\/pumpuruvsk.jurmala.lv\/wp-content\/uploads\/2024\/08\/PIENS.png","width":713,"height":247},{"@type":"BreadcrumbList","@id":"https:\/\/pumpuruvsk.jurmala.lv\/?page_id=1839#breadcrumb","itemListElement":[{"@type":"ListItem","position":1,"name":"Home","item":"https:\/\/pumpuruvsk.jurmala.lv\/"},{"@type":"ListItem","position":2,"name":"PIENS UN AUG\u013bI SKOLAI"}]},{"@type":"WebSite","@id":"https:\/\/pumpuruvsk.jurmala.lv\/#website","url":"https:\/\/pumpuruvsk.jurmala.lv\/","name":"J\u016aRMALAS VALSTSPILS\u0112TAS PUMPURU VIDUSSKOLA.","description":"SKOLA IZAUGSMEI","publisher":{"@id":"https:\/\/pumpuruvsk.jurmala.lv\/#organization"},"potentialAction":[{"@type":"SearchAction","target":{"@type":"EntryPoint","urlTemplate":"https:\/\/pumpuruvsk.jurmala.lv\/?s={search_term_string}"},"query-input":"required name=search_term_string"}],"inLanguage":"lv-LV"},{"@type":"Organization","@id":"https:\/\/pumpuruvsk.jurmala.lv\/#organization","name":"J\u016aRMALAS VALSTSPILS\u0112TAS PUMPURU VIDUSSKOLA","url":"https:\/\/pumpuruvsk.jurmala.lv\/","logo":{"@type":"ImageObject","inLanguage":"lv-LV","@id":"https:\/\/pumpuruvsk.jurmala.lv\/#\/schema\/logo\/image\/","url":"https:\/\/pumpuruvsk.jurmala.lv\/wp-content\/uploads\/2024\/02\/cropped-cropped-JPV-mazais-1-2.png","contentUrl":"https:\/\/pumpuruvsk.jurmala.lv\/wp-content\/uploads\/2024\/02\/cropped-cropped-JPV-mazais-1-2.png","width":4500,"height":4500,"caption":"J\u016aRMALAS VALSTSPILS\u0112TAS PUMPURU VIDUSSKOLA"},"image":{"@id":"https:\/\/pumpuruvsk.jurmala.lv\/#\/schema\/logo\/image\/"},"sameAs":["https:\/\/www.facebook.com\/people\/Jrmalas-valstspilstas-Pumpuru-vidusskola\/61565829730579\/"]}]}},"_links":{"self":[{"href":"https:\/\/pumpuruvsk.jurmala.lv\/index.php?rest_route=\/wp\/v2\/pages\/1839","targetHints":{"allow":["GET"]}}],"collection":[{"href":"https:\/\/pumpuruvsk.jurmala.lv\/index.php?rest_route=\/wp\/v2\/pages"}],"about":[{"href":"https:\/\/pumpuruvsk.jurmala.lv\/index.php?rest_route=\/wp\/v2\/types\/page"}],"author":[{"embeddable":true,"href":"https:\/\/pumpuruvsk.jurmala.lv\/index.php?rest_route=\/wp\/v2\/users\/1"}],"replies":[{"embeddable":true,"href":"https:\/\/pumpuruvsk.jurmala.lv\/index.php?rest_route=%2Fwp%2Fv2%2Fcomments&post=1839"}],"version-history":[{"count":19,"href":"https:\/\/pumpuruvsk.jurmala.lv\/index.php?rest_route=\/wp\/v2\/pages\/1839\/revisions"}],"predecessor-version":[{"id":6704,"href":"https:\/\/pumpuruvsk.jurmala.lv\/index.php?rest_route=\/wp\/v2\/pages\/1839\/revisions\/6704"}],"wp:attachment":[{"href":"https:\/\/pumpuruvsk.jurmala.lv\/index.php?rest_route=%2Fwp%2Fv2%2Fmedia&parent=1839"}],"curies":[{"name":"wp","href":"https:\/\/api.w.org\/{rel}","templated":true}]}}