{"id":1871,"date":"2024-08-12T15:47:59","date_gmt":"2024-08-12T13:47:59","guid":{"rendered":"https:\/\/pumpuruvsk.jurmala.lv\/wordpress\/?page_id=1871"},"modified":"2024-10-27T19:43:15","modified_gmt":"2024-10-27T17:43:15","slug":"programma-kiva","status":"publish","type":"page","link":"https:\/\/pumpuruvsk.jurmala.lv\/?page_id=1871","title":{"rendered":"PROGRAMMA KIVA"},"content":{"rendered":"\t\t<div data-elementor-type=\"wp-page\" data-elementor-id=\"1871\" class=\"elementor elementor-1871\">\n\t\t\t\t<div class=\"elementor-element elementor-element-97b0e92 e-flex e-con-boxed e-con e-parent\" data-id=\"97b0e92\" data-element_type=\"container\">\n\t\t\t\t\t<div class=\"e-con-inner\">\n\t\t\t\t<div class=\"elementor-element elementor-element-489fc17 elementor-widget-divider--view-line_text elementor-widget-divider--element-align-center elementor-widget elementor-widget-divider\" data-id=\"489fc17\" data-element_type=\"widget\" data-widget_type=\"divider.default\">\n\t\t\t\t<div class=\"elementor-widget-container\">\n\t\t\t\t\t\t\t<div class=\"elementor-divider\">\n\t\t\t<span class=\"elementor-divider-separator\">\n\t\t\t\t\t\t\t<span class=\"elementor-divider__text elementor-divider__element\">\n\t\t\t\tKiVa\t\t\t\t<\/span>\n\t\t\t\t\t\t<\/span>\n\t\t<\/div>\n\t\t\t\t\t\t<\/div>\n\t\t\t\t<\/div>\n\t\t\t\t\t<\/div>\n\t\t\t\t<\/div>\n\t\t<div class=\"elementor-element elementor-element-e18aec6 e-flex e-con-boxed e-con e-parent\" data-id=\"e18aec6\" data-element_type=\"container\">\n\t\t\t\t\t<div class=\"e-con-inner\">\n\t\t\t\t<div class=\"elementor-element elementor-element-c84585b elementor-widget elementor-widget-text-editor\" data-id=\"c84585b\" data-element_type=\"widget\" data-widget_type=\"text-editor.default\">\n\t\t\t\t<div class=\"elementor-widget-container\">\n\t\t\t\t\t\t\t\t\t<p><img decoding=\"async\" class=\"wp-image-1875 alignleft\" src=\"https:\/\/pumpuruvsk.jurmala.lv\/wordpress\/wp-content\/uploads\/2024\/08\/kiva-removebg-preview-300x239.png\" alt=\"\" width=\"72\" height=\"57\" srcset=\"https:\/\/pumpuruvsk.jurmala.lv\/wp-content\/uploads\/2024\/08\/kiva-removebg-preview-300x239.png 300w, https:\/\/pumpuruvsk.jurmala.lv\/wp-content\/uploads\/2024\/08\/kiva-removebg-preview.png 450w\" sizes=\"(max-width: 72px) 100vw, 72px\" \/>2023.\/2024. m\u0101c\u012bbu gad\u0101 J\u016brmalas Pumpuru vidusskola uzs\u0101ka KiVa programmas ievie\u0161anu skol\u0101.\u00a0<br \/>KiVa ir p\u0113t\u012bjumos un pier\u0101d\u012bjumos balst\u012bta antibulinga programma, kas ir izstr\u0101d\u0101ta Turku Universit\u0101t\u0113 ar Somijas Izgl\u012bt\u012bbas un kult\u016bras ministrijas finans\u0113jumu. KiVa iespaid\u012bg\u0101 efektivit\u0101te ir zin\u0101tniski pier\u0101d\u012bta pla\u0161os randomiz\u0113tos un kontrol\u0113tos p\u0113t\u012bjumos, k\u0101 ar\u012b daudzos citos p\u0113t\u012bjumos. KiVa tiek izmantota daudz\u0101s pasaules valst\u012bs, un t\u0101 ir pasaul\u0113 visbie\u017e\u0101k p\u0113t\u012bt\u0101 antibulinga programma. (Uzved\u012bba.lv)<\/p>\t\t\t\t\t\t\t\t<\/div>\n\t\t\t\t<\/div>\n\t\t\t\t\t<\/div>\n\t\t\t\t<\/div>\n\t\t<div class=\"elementor-element elementor-element-4fa27fe e-flex e-con-boxed e-con e-parent\" data-id=\"4fa27fe\" data-element_type=\"container\">\n\t\t\t\t\t<div class=\"e-con-inner\">\n\t\t\t\t<div class=\"elementor-element elementor-element-43facb2 elementor-widget-divider--view-line_text elementor-widget-divider--element-align-center elementor-widget elementor-widget-divider\" data-id=\"43facb2\" data-element_type=\"widget\" data-widget_type=\"divider.default\">\n\t\t\t\t<div class=\"elementor-widget-container\">\n\t\t\t\t\t\t\t<div class=\"elementor-divider\">\n\t\t\t<span class=\"elementor-divider-separator\">\n\t\t\t\t\t\t\t<span class=\"elementor-divider__text elementor-divider__element\">\n\t\t\t\tVEBIN\u0100RI\t\t\t\t<\/span>\n\t\t\t\t\t\t<\/span>\n\t\t<\/div>\n\t\t\t\t\t\t<\/div>\n\t\t\t\t<\/div>\n\t\t\t\t\t<\/div>\n\t\t\t\t<\/div>\n\t\t<div class=\"elementor-element elementor-element-221c5dd e-flex e-con-boxed e-con e-parent\" data-id=\"221c5dd\" data-element_type=\"container\">\n\t\t\t\t\t<div class=\"e-con-inner\">\n\t\t\t\t<div class=\"elementor-element elementor-element-89780a2 elementor-widget elementor-widget-text-editor\" data-id=\"89780a2\" data-element_type=\"widget\" data-widget_type=\"text-editor.default\">\n\t\t\t\t<div class=\"elementor-widget-container\">\n\t\t\t\t\t\t\t\t\t<p>Iesp\u0113ja noklaus\u012bties vebin\u0101rus par bulinga t\u0113m\u0101m.<\/p>\t\t\t\t\t\t\t\t<\/div>\n\t\t\t\t<\/div>\n\t\t\t\t\t<\/div>\n\t\t\t\t<\/div>\n\t\t<div class=\"elementor-element elementor-element-f2b9772 e-flex e-con-boxed e-con e-parent\" data-id=\"f2b9772\" data-element_type=\"container\">\n\t\t\t\t\t<div class=\"e-con-inner\">\n\t\t\t\t<div class=\"elementor-element elementor-element-170dd37 elementor-widget elementor-widget-button\" data-id=\"170dd37\" data-element_type=\"widget\" data-widget_type=\"button.default\">\n\t\t\t\t<div class=\"elementor-widget-container\">\n\t\t\t\t\t\t\t\t\t<div class=\"elementor-button-wrapper\">\n\t\t\t\t\t<a class=\"elementor-button elementor-button-link elementor-size-sm\" href=\"https:\/\/www.uzvediba.lv\/kiva\/\">\n\t\t\t\t\t\t<span class=\"elementor-button-content-wrapper\">\n\t\t\t\t\t\t\t\t\t<span class=\"elementor-button-text\">SPIED \u0160EIT<\/span>\n\t\t\t\t\t<\/span>\n\t\t\t\t\t<\/a>\n\t\t\t\t<\/div>\n\t\t\t\t\t\t\t\t<\/div>\n\t\t\t\t<\/div>\n\t\t\t\t\t<\/div>\n\t\t\t\t<\/div>\n\t\t\t\t<\/div>\n\t\t","protected":false},"excerpt":{"rendered":"<p>KiVa 2023.\/2024. m\u0101c\u012bbu gad\u0101 J\u016brmalas Pumpuru vidusskola uzs\u0101ka KiVa programmas ievie\u0161anu skol\u0101.\u00a0KiVa ir p\u0113t\u012bjumos un pier\u0101d\u012bjumos balst\u012bta antibulinga programma, kas ir izstr\u0101d\u0101ta Turku Universit\u0101t\u0113 ar Somijas Izgl\u012bt\u012bbas un kult\u016bras ministrijas finans\u0113jumu. KiVa iespaid\u012bg\u0101 efektivit\u0101te ir zin\u0101tniski pier\u0101d\u012bta pla\u0161os randomiz\u0113tos un kontrol\u0113tos p\u0113t\u012bjumos, k\u0101 ar\u012b daudzos citos p\u0113t\u012bjumos. KiVa tiek izmantota daudz\u0101s pasaules valst\u012bs, un t\u0101&#8230;<\/p>\n","protected":false},"author":1,"featured_media":0,"parent":0,"menu_order":0,"comment_status":"closed","ping_status":"closed","template":"","meta":{"footnotes":""},"class_list":["post-1871","page","type-page","status-publish","hentry"],"yoast_head":"<!-- This site is optimized with the Yoast SEO plugin v23.1 - https:\/\/yoast.com\/wordpress\/plugins\/seo\/ -->\n<title>PROGRAMMA KIVA - J\u016aRMALAS VALSTSPILS\u0112TAS PUMPURU VIDUSSKOLA<\/title>\n<meta name=\"robots\" content=\"index, follow, max-snippet:-1, max-image-preview:large, max-video-preview:-1\" \/>\n<link rel=\"canonical\" href=\"https:\/\/pumpuruvsk.jurmala.lv\/?page_id=1871\" \/>\n<meta property=\"og:locale\" content=\"lv_LV\" \/>\n<meta property=\"og:type\" content=\"article\" \/>\n<meta property=\"og:title\" content=\"PROGRAMMA KIVA - J\u016aRMALAS VALSTSPILS\u0112TAS PUMPURU VIDUSSKOLA\" \/>\n<meta property=\"og:description\" content=\"KiVa 2023.\/2024. m\u0101c\u012bbu gad\u0101 J\u016brmalas Pumpuru vidusskola uzs\u0101ka KiVa programmas ievie\u0161anu skol\u0101.\u00a0KiVa ir p\u0113t\u012bjumos un pier\u0101d\u012bjumos balst\u012bta antibulinga programma, kas ir izstr\u0101d\u0101ta Turku Universit\u0101t\u0113 ar Somijas Izgl\u012bt\u012bbas un kult\u016bras ministrijas finans\u0113jumu. KiVa iespaid\u012bg\u0101 efektivit\u0101te ir zin\u0101tniski pier\u0101d\u012bta pla\u0161os randomiz\u0113tos un kontrol\u0113tos p\u0113t\u012bjumos, k\u0101 ar\u012b daudzos citos p\u0113t\u012bjumos. KiVa tiek izmantota daudz\u0101s pasaules valst\u012bs, un t\u0101...\" \/>\n<meta property=\"og:url\" content=\"https:\/\/pumpuruvsk.jurmala.lv\/?page_id=1871\" \/>\n<meta property=\"og:site_name\" content=\"J\u016aRMALAS VALSTSPILS\u0112TAS PUMPURU VIDUSSKOLA\" \/>\n<meta property=\"article:publisher\" content=\"https:\/\/www.facebook.com\/people\/Jrmalas-valstspilstas-Pumpuru-vidusskola\/61565829730579\/\" \/>\n<meta property=\"article:modified_time\" content=\"2024-10-27T17:43:15+00:00\" \/>\n<meta property=\"og:image\" content=\"https:\/\/pumpuruvsk.jurmala.lv\/wordpress\/wp-content\/uploads\/2024\/08\/kiva-removebg-preview-300x239.png\" \/>\n<meta name=\"twitter:card\" content=\"summary_large_image\" \/>\n<meta name=\"twitter:label1\" content=\"Est. reading time\" \/>\n\t<meta name=\"twitter:data1\" content=\"1 min\u016bte\" \/>\n<script type=\"application\/ld+json\" class=\"yoast-schema-graph\">{\"@context\":\"https:\/\/schema.org\",\"@graph\":[{\"@type\":\"WebPage\",\"@id\":\"https:\/\/pumpuruvsk.jurmala.lv\/?page_id=1871\",\"url\":\"https:\/\/pumpuruvsk.jurmala.lv\/?page_id=1871\",\"name\":\"PROGRAMMA KIVA - J\u016aRMALAS VALSTSPILS\u0112TAS PUMPURU VIDUSSKOLA\",\"isPartOf\":{\"@id\":\"https:\/\/pumpuruvsk.jurmala.lv\/#website\"},\"primaryImageOfPage\":{\"@id\":\"https:\/\/pumpuruvsk.jurmala.lv\/?page_id=1871#primaryimage\"},\"image\":{\"@id\":\"https:\/\/pumpuruvsk.jurmala.lv\/?page_id=1871#primaryimage\"},\"thumbnailUrl\":\"https:\/\/pumpuruvsk.jurmala.lv\/wordpress\/wp-content\/uploads\/2024\/08\/kiva-removebg-preview-300x239.png\",\"datePublished\":\"2024-08-12T13:47:59+00:00\",\"dateModified\":\"2024-10-27T17:43:15+00:00\",\"breadcrumb\":{\"@id\":\"https:\/\/pumpuruvsk.jurmala.lv\/?page_id=1871#breadcrumb\"},\"inLanguage\":\"lv-LV\",\"potentialAction\":[{\"@type\":\"ReadAction\",\"target\":[\"https:\/\/pumpuruvsk.jurmala.lv\/?page_id=1871\"]}]},{\"@type\":\"ImageObject\",\"inLanguage\":\"lv-LV\",\"@id\":\"https:\/\/pumpuruvsk.jurmala.lv\/?page_id=1871#primaryimage\",\"url\":\"https:\/\/pumpuruvsk.jurmala.lv\/wp-content\/uploads\/2024\/08\/kiva-removebg-preview.png\",\"contentUrl\":\"https:\/\/pumpuruvsk.jurmala.lv\/wp-content\/uploads\/2024\/08\/kiva-removebg-preview.png\",\"width\":450,\"height\":359},{\"@type\":\"BreadcrumbList\",\"@id\":\"https:\/\/pumpuruvsk.jurmala.lv\/?page_id=1871#breadcrumb\",\"itemListElement\":[{\"@type\":\"ListItem\",\"position\":1,\"name\":\"Home\",\"item\":\"https:\/\/pumpuruvsk.jurmala.lv\/\"},{\"@type\":\"ListItem\",\"position\":2,\"name\":\"PROGRAMMA KIVA\"}]},{\"@type\":\"WebSite\",\"@id\":\"https:\/\/pumpuruvsk.jurmala.lv\/#website\",\"url\":\"https:\/\/pumpuruvsk.jurmala.lv\/\",\"name\":\"J\u016aRMALAS VALSTSPILS\u0112TAS PUMPURU VIDUSSKOLA.\",\"description\":\"SKOLA IZAUGSMEI\",\"publisher\":{\"@id\":\"https:\/\/pumpuruvsk.jurmala.lv\/#organization\"},\"potentialAction\":[{\"@type\":\"SearchAction\",\"target\":{\"@type\":\"EntryPoint\",\"urlTemplate\":\"https:\/\/pumpuruvsk.jurmala.lv\/?s={search_term_string}\"},\"query-input\":\"required name=search_term_string\"}],\"inLanguage\":\"lv-LV\"},{\"@type\":\"Organization\",\"@id\":\"https:\/\/pumpuruvsk.jurmala.lv\/#organization\",\"name\":\"J\u016aRMALAS VALSTSPILS\u0112TAS PUMPURU VIDUSSKOLA\",\"url\":\"https:\/\/pumpuruvsk.jurmala.lv\/\",\"logo\":{\"@type\":\"ImageObject\",\"inLanguage\":\"lv-LV\",\"@id\":\"https:\/\/pumpuruvsk.jurmala.lv\/#\/schema\/logo\/image\/\",\"url\":\"https:\/\/pumpuruvsk.jurmala.lv\/wp-content\/uploads\/2024\/02\/cropped-cropped-JPV-mazais-1-2.png\",\"contentUrl\":\"https:\/\/pumpuruvsk.jurmala.lv\/wp-content\/uploads\/2024\/02\/cropped-cropped-JPV-mazais-1-2.png\",\"width\":4500,\"height\":4500,\"caption\":\"J\u016aRMALAS VALSTSPILS\u0112TAS PUMPURU VIDUSSKOLA\"},\"image\":{\"@id\":\"https:\/\/pumpuruvsk.jurmala.lv\/#\/schema\/logo\/image\/\"},\"sameAs\":[\"https:\/\/www.facebook.com\/people\/Jrmalas-valstspilstas-Pumpuru-vidusskola\/61565829730579\/\"]}]}<\/script>\n<!-- \/ Yoast SEO plugin. -->","yoast_head_json":{"title":"PROGRAMMA KIVA - J\u016aRMALAS VALSTSPILS\u0112TAS PUMPURU VIDUSSKOLA","robots":{"index":"index","follow":"follow","max-snippet":"max-snippet:-1","max-image-preview":"max-image-preview:large","max-video-preview":"max-video-preview:-1"},"canonical":"https:\/\/pumpuruvsk.jurmala.lv\/?page_id=1871","og_locale":"lv_LV","og_type":"article","og_title":"PROGRAMMA KIVA - J\u016aRMALAS VALSTSPILS\u0112TAS PUMPURU VIDUSSKOLA","og_description":"KiVa 2023.\/2024. m\u0101c\u012bbu gad\u0101 J\u016brmalas Pumpuru vidusskola uzs\u0101ka KiVa programmas ievie\u0161anu skol\u0101.\u00a0KiVa ir p\u0113t\u012bjumos un pier\u0101d\u012bjumos balst\u012bta antibulinga programma, kas ir izstr\u0101d\u0101ta Turku Universit\u0101t\u0113 ar Somijas Izgl\u012bt\u012bbas un kult\u016bras ministrijas finans\u0113jumu. KiVa iespaid\u012bg\u0101 efektivit\u0101te ir zin\u0101tniski pier\u0101d\u012bta pla\u0161os randomiz\u0113tos un kontrol\u0113tos p\u0113t\u012bjumos, k\u0101 ar\u012b daudzos citos p\u0113t\u012bjumos. KiVa tiek izmantota daudz\u0101s pasaules valst\u012bs, un t\u0101...","og_url":"https:\/\/pumpuruvsk.jurmala.lv\/?page_id=1871","og_site_name":"J\u016aRMALAS VALSTSPILS\u0112TAS PUMPURU VIDUSSKOLA","article_publisher":"https:\/\/www.facebook.com\/people\/Jrmalas-valstspilstas-Pumpuru-vidusskola\/61565829730579\/","article_modified_time":"2024-10-27T17:43:15+00:00","og_image":[{"url":"https:\/\/pumpuruvsk.jurmala.lv\/wordpress\/wp-content\/uploads\/2024\/08\/kiva-removebg-preview-300x239.png"}],"twitter_card":"summary_large_image","twitter_misc":{"Est. reading time":"1 min\u016bte"},"schema":{"@context":"https:\/\/schema.org","@graph":[{"@type":"WebPage","@id":"https:\/\/pumpuruvsk.jurmala.lv\/?page_id=1871","url":"https:\/\/pumpuruvsk.jurmala.lv\/?page_id=1871","name":"PROGRAMMA KIVA - J\u016aRMALAS VALSTSPILS\u0112TAS PUMPURU VIDUSSKOLA","isPartOf":{"@id":"https:\/\/pumpuruvsk.jurmala.lv\/#website"},"primaryImageOfPage":{"@id":"https:\/\/pumpuruvsk.jurmala.lv\/?page_id=1871#primaryimage"},"image":{"@id":"https:\/\/pumpuruvsk.jurmala.lv\/?page_id=1871#primaryimage"},"thumbnailUrl":"https:\/\/pumpuruvsk.jurmala.lv\/wordpress\/wp-content\/uploads\/2024\/08\/kiva-removebg-preview-300x239.png","datePublished":"2024-08-12T13:47:59+00:00","dateModified":"2024-10-27T17:43:15+00:00","breadcrumb":{"@id":"https:\/\/pumpuruvsk.jurmala.lv\/?page_id=1871#breadcrumb"},"inLanguage":"lv-LV","potentialAction":[{"@type":"ReadAction","target":["https:\/\/pumpuruvsk.jurmala.lv\/?page_id=1871"]}]},{"@type":"ImageObject","inLanguage":"lv-LV","@id":"https:\/\/pumpuruvsk.jurmala.lv\/?page_id=1871#primaryimage","url":"https:\/\/pumpuruvsk.jurmala.lv\/wp-content\/uploads\/2024\/08\/kiva-removebg-preview.png","contentUrl":"https:\/\/pumpuruvsk.jurmala.lv\/wp-content\/uploads\/2024\/08\/kiva-removebg-preview.png","width":450,"height":359},{"@type":"BreadcrumbList","@id":"https:\/\/pumpuruvsk.jurmala.lv\/?page_id=1871#breadcrumb","itemListElement":[{"@type":"ListItem","position":1,"name":"Home","item":"https:\/\/pumpuruvsk.jurmala.lv\/"},{"@type":"ListItem","position":2,"name":"PROGRAMMA KIVA"}]},{"@type":"WebSite","@id":"https:\/\/pumpuruvsk.jurmala.lv\/#website","url":"https:\/\/pumpuruvsk.jurmala.lv\/","name":"J\u016aRMALAS VALSTSPILS\u0112TAS PUMPURU VIDUSSKOLA.","description":"SKOLA IZAUGSMEI","publisher":{"@id":"https:\/\/pumpuruvsk.jurmala.lv\/#organization"},"potentialAction":[{"@type":"SearchAction","target":{"@type":"EntryPoint","urlTemplate":"https:\/\/pumpuruvsk.jurmala.lv\/?s={search_term_string}"},"query-input":"required name=search_term_string"}],"inLanguage":"lv-LV"},{"@type":"Organization","@id":"https:\/\/pumpuruvsk.jurmala.lv\/#organization","name":"J\u016aRMALAS VALSTSPILS\u0112TAS PUMPURU VIDUSSKOLA","url":"https:\/\/pumpuruvsk.jurmala.lv\/","logo":{"@type":"ImageObject","inLanguage":"lv-LV","@id":"https:\/\/pumpuruvsk.jurmala.lv\/#\/schema\/logo\/image\/","url":"https:\/\/pumpuruvsk.jurmala.lv\/wp-content\/uploads\/2024\/02\/cropped-cropped-JPV-mazais-1-2.png","contentUrl":"https:\/\/pumpuruvsk.jurmala.lv\/wp-content\/uploads\/2024\/02\/cropped-cropped-JPV-mazais-1-2.png","width":4500,"height":4500,"caption":"J\u016aRMALAS VALSTSPILS\u0112TAS PUMPURU VIDUSSKOLA"},"image":{"@id":"https:\/\/pumpuruvsk.jurmala.lv\/#\/schema\/logo\/image\/"},"sameAs":["https:\/\/www.facebook.com\/people\/Jrmalas-valstspilstas-Pumpuru-vidusskola\/61565829730579\/"]}]}},"_links":{"self":[{"href":"https:\/\/pumpuruvsk.jurmala.lv\/index.php?rest_route=\/wp\/v2\/pages\/1871","targetHints":{"allow":["GET"]}}],"collection":[{"href":"https:\/\/pumpuruvsk.jurmala.lv\/index.php?rest_route=\/wp\/v2\/pages"}],"about":[{"href":"https:\/\/pumpuruvsk.jurmala.lv\/index.php?rest_route=\/wp\/v2\/types\/page"}],"author":[{"embeddable":true,"href":"https:\/\/pumpuruvsk.jurmala.lv\/index.php?rest_route=\/wp\/v2\/users\/1"}],"replies":[{"embeddable":true,"href":"https:\/\/pumpuruvsk.jurmala.lv\/index.php?rest_route=%2Fwp%2Fv2%2Fcomments&post=1871"}],"version-history":[{"count":34,"href":"https:\/\/pumpuruvsk.jurmala.lv\/index.php?rest_route=\/wp\/v2\/pages\/1871\/revisions"}],"predecessor-version":[{"id":3459,"href":"https:\/\/pumpuruvsk.jurmala.lv\/index.php?rest_route=\/wp\/v2\/pages\/1871\/revisions\/3459"}],"wp:attachment":[{"href":"https:\/\/pumpuruvsk.jurmala.lv\/index.php?rest_route=%2Fwp%2Fv2%2Fmedia&parent=1871"}],"curies":[{"name":"wp","href":"https:\/\/api.w.org\/{rel}","templated":true}]}}