{"id":4737,"date":"2025-06-03T13:01:09","date_gmt":"2025-06-03T11:01:09","guid":{"rendered":"https:\/\/pumpuruvsk.jurmala.lv\/?page_id=4737"},"modified":"2025-06-03T14:13:33","modified_gmt":"2025-06-03T12:13:33","slug":"iteicamas-literaturas-saraksts","status":"publish","type":"page","link":"https:\/\/pumpuruvsk.jurmala.lv\/?page_id=4737","title":{"rendered":"IETEICAM\u0100S LITERAT\u016aRAS SARAKSTS 4. &#8211; 12. KLASEI"},"content":{"rendered":"\n<figure class=\"wp-block-table\"><table class=\"has-fixed-layout\"><tbody><tr><td class=\"has-text-align-left\" data-align=\"left\"><strong>4.KLASE<\/strong><\/td><\/tr><tr><td class=\"has-text-align-left\" data-align=\"left\">1. A.A.Milns \u201cVinnijs P\u016bks un vi\u0146a draugi\u201d vai S.L\u0101gerl\u0113va \u201cNilsa Holgersona br\u012bni\u0161\u0137\u012bgais ce\u013cojums\u201d.<\/td><\/tr><tr><td class=\"has-text-align-left\" data-align=\"left\">2. Astr\u012bda Lindgr\u0113ne \u201cGr\u0101mata par Pepiju Garze\u0137i\u201d.<\/td><\/tr><tr><td class=\"has-text-align-left\" data-align=\"left\">3. I.Ziedonis \u201cBl\u0113\u0146as un pasakas\u201d.<\/td><\/tr><tr><td class=\"has-text-align-left\" data-align=\"left\">4. I.Samauska \u201cSka\u013c\u0101 klase\u201d.<\/td><\/tr><tr><td class=\"has-text-align-left\" data-align=\"left\">5. I.Samauska \u201cSka\u013c\u0101 klase\u201d.<\/td><\/tr><tr><td class=\"has-text-align-left\" data-align=\"left\"><\/td><\/tr><tr><td class=\"has-text-align-left\" data-align=\"left\"><strong>5.KLASE<\/strong><\/td><\/tr><tr><td class=\"has-text-align-left\" data-align=\"left\">1. A.Lindgr\u0113ne \u201cKarlsons, kas dz\u012bvo uz jumta\u201d vai cita A.Lindgr\u0113nes gr\u0101mata.<\/td><\/tr><tr><td class=\"has-text-align-left\" data-align=\"left\">2. V.Bel\u0161evica \u201cBille\u201d.<\/td><\/tr><tr><td class=\"has-text-align-left\" data-align=\"left\">3. M.Rungulis \u201cKa\u0137u \u0123ener\u0101lis: \u0160arlaks no Br\u012bv\u012bbas ielas mekl\u0113 Herkulesu\u201d vai cita M.Rungu\u013ca gr\u0101mata.<\/td><\/tr><tr><td class=\"has-text-align-left\" data-align=\"left\">4. D.Ozoli\u0146a\u00a0\u201cIzgl\u0101bt vasaras br\u012bvlaiku\u201d.<\/td><\/tr><tr><td class=\"has-text-align-left\" data-align=\"left\">5. Gr\u0101mata p\u0113c izv\u0113les.<\/td><\/tr><tr><td class=\"has-text-align-left\" data-align=\"left\"><\/td><\/tr><tr><td class=\"has-text-align-left\" data-align=\"left\"><strong>6. KLASE<\/strong><\/td><\/tr><tr><td class=\"has-text-align-left\" data-align=\"left\">1. D\u017e.Svifts \u201cGulivera ce\u013cojumi\u201d.<\/td><\/tr><tr><td class=\"has-text-align-left\" data-align=\"left\">2. D.Valjams \u201cGangsterom\u012bte\u201d vai T.Lolness \u201cDz\u012bve uz na\u017ea asmens\u201d.<\/td><\/tr><tr><td class=\"has-text-align-left\" data-align=\"left\">3. A.Brigadere \u201cMaija un Paija\u201d.<\/td><\/tr><tr><td class=\"has-text-align-left\" data-align=\"left\">4. K. Olsone ,,Stikla b\u0113rni\u201d.<\/td><\/tr><tr><td class=\"has-text-align-left\" data-align=\"left\">5. L.Pastore\u00a0\u201cMaska\u010dkas st\u0101sts\u201d.<\/td><\/tr><tr><td class=\"has-text-align-left\" data-align=\"left\">6. Gr\u0101mata p\u0113c izv\u0113les.<\/td><\/tr><tr><td class=\"has-text-align-left\" data-align=\"left\"><\/td><\/tr><tr><td class=\"has-text-align-left\" data-align=\"left\"><strong>7.KLASE<\/strong><\/td><\/tr><tr><td class=\"has-text-align-left\" data-align=\"left\">1. A.Konans Doils \u201cB\u0101skervilu suns\u201d vai cita gr\u0101mata no s\u0113rijas par \u0160erloku Holmsu.<\/td><\/tr><tr><td class=\"has-text-align-left\" data-align=\"left\">2. M.Tvens \u201cToma Sojera piedz\u012bvojumi\u201d vai D.Defo \u201cRobinsons Kr\u016bzo\u201d, vai Roberts L\u016biss St\u012bvensons \u201c<em>Bag\u0101t\u012bbu sala\u201d<\/em>.<\/td><\/tr><tr><td class=\"has-text-align-left\" data-align=\"left\">3. J.Kl\u012bdz\u0113js \u201cCilv\u0113ka b\u0113rns\u201d.<\/td><\/tr><tr><td class=\"has-text-align-left\" data-align=\"left\">4. A.K\u013cavis\u00a0\u201cMelnais akmens\u201d (1.da\u013ca).<\/td><\/tr><tr><td class=\"has-text-align-left\" data-align=\"left\">5. Markuss Zusakss \u201cGr\u0101matu zagle\u201d.<\/td><\/tr><tr><td class=\"has-text-align-left\" data-align=\"left\">6. Gr\u0101mata p\u0113c izv\u0113les.<\/td><\/tr><tr><td class=\"has-text-align-left\" data-align=\"left\"><\/td><\/tr><tr><td class=\"has-text-align-left\" data-align=\"left\"><strong>8.KLASE<\/strong><\/td><\/tr><tr><td class=\"has-text-align-left\" data-align=\"left\">1. M.R\u012bds \u201cJ\u0101tnieks bez galvas\u201d vai A.Dim\u0101 \u201cGr\u0101fs Monte &#8211; Kristo\u201d, vai cita A.Dim\u0101 gr\u0101mata.<\/td><\/tr><tr><td class=\"has-text-align-left\" data-align=\"left\">2. G.Rep\u0161e \u201cAlvas kliedziens\u201d.<\/td><\/tr><tr><td class=\"has-text-align-left\" data-align=\"left\">3. R.Ezera \u201cCilv\u0113kam vajag suni\u201d.<\/td><\/tr><tr><td class=\"has-text-align-left\" data-align=\"left\">4. A.Kristi \u201cAustrumu ekspresis\u201d vai cita detekt\u012bva \u017eanra gr\u0101mata.<\/td><\/tr><tr><td class=\"has-text-align-left\" data-align=\"left\">5. Lorija Holsa Andersone\u00a0\u201cRun\u0101t\u201d.<\/td><\/tr><tr><td class=\"has-text-align-left\" data-align=\"left\">6. Rasa Bugavi\u010dute- P\u0113ce \u201cPuika, kur\u0161 redz\u0113ja tums\u0101\u201d.<\/td><\/tr><tr><td class=\"has-text-align-left\" data-align=\"left\">7. Gr\u0101mata p\u0113c izv\u0113les.<\/td><\/tr><tr><td class=\"has-text-align-left\" data-align=\"left\"><\/td><\/tr><tr><td class=\"has-text-align-left\" data-align=\"left\"><strong>9.KLASE<\/strong><\/td><\/tr><tr><td class=\"has-text-align-left\" data-align=\"left\">1. S.Kolinsa \u201cBada sp\u0113les\u201d vai D\u017e.Gr\u012bns \u201cM\u016bsu zvaig\u017e\u0146u vaina\u201d vai cita \u0101rzemju autora gr\u0101mata.<\/td><\/tr><tr><td class=\"has-text-align-left\" data-align=\"left\">2. A.Pumpurs \u201cL\u0101\u010dpl\u0113sis\u201d.<\/td><\/tr><tr><td class=\"has-text-align-left\" data-align=\"left\">3. A.Pumpurs \u201cL\u0101\u010dpl\u0113sis\u201d.<\/td><\/tr><tr><td class=\"has-text-align-left\" data-align=\"left\">4.<strong> <\/strong>And\u017eela Naneti\u00a0\u201cMans vect\u0113vs bija \u0137ir\u0161u koks\u201d.<\/td><\/tr><tr><td class=\"has-text-align-left\" data-align=\"left\">5. J.Jo\u0146evs \u201cJelgava 94\u201d.<\/td><\/tr><tr><td class=\"has-text-align-left\" data-align=\"left\">6. R.\u0160epetis \u201cStarp pel\u0113kiem to\u0146iem\u201d.<\/td><\/tr><tr><td class=\"has-text-align-left\" data-align=\"left\">7. Z.Daudzi\u0146a \u201cB\u0113rnu dienas komun\u0101lij\u0101\u201d.<\/td><\/tr><tr><td class=\"has-text-align-left\" data-align=\"left\">8. Gr\u0101mata p\u0113c izv\u0113les.<\/td><\/tr><tr><td class=\"has-text-align-left\" data-align=\"left\"><\/td><\/tr><tr><td class=\"has-text-align-left\" data-align=\"left\"><strong>10.KLASE<\/strong><\/td><\/tr><tr><td class=\"has-text-align-left\" data-align=\"left\">1. M.Z\u0101l\u012bte \u201cPieci pirksti\u201d (j\u0101izlasa uz septembra s\u0101kumu).<\/td><\/tr><tr><td class=\"has-text-align-left\" data-align=\"left\">2. R.Blaumanis un \u201cRaudupiete\u201d, \u201dSalna pavasar\u012b\u201d un \u201cPazudu\u0161ais d\u0113ls\u201d.<\/td><\/tr><tr><td class=\"has-text-align-left\" data-align=\"left\">3. Eirip\u012bds \u201cM\u0113deja\u201d.<\/td><\/tr><tr><td class=\"has-text-align-left\" data-align=\"left\">4. I.Ezeri\u0146a noveles (3-4).<\/td><\/tr><tr><td class=\"has-text-align-left\" data-align=\"left\">5. \u0112.\u0100damsona noveles(2-3).<\/td><\/tr><tr><td class=\"has-text-align-left\" data-align=\"left\">6. V.\u0160eksp\u012brs \u201cRomeo un D\u017euljeta\u201d.<\/td><\/tr><tr><td class=\"has-text-align-left\" data-align=\"left\">7. Boka\u010do \u201cDekamerons\u201d 1-2 noveles.<\/td><\/tr><tr><td class=\"has-text-align-left\" data-align=\"left\">8. K.Skalbe \u201cZiemas pasakas\u201d.<\/td><\/tr><tr><td class=\"has-text-align-left\" data-align=\"left\">9. Jaun\u0101k\u0101 latvie\u0161u autoru gr\u0101mata p\u0113c izv\u0113les.( Piem., N. Ikstena \u201cM\u0101tes piens\u201d, I. \u0100bele \u201cDuna\u201d, A. Manfelde \u201cVirsnieku sievas\u201d, L. Kota \u201cIstaba\u201d, K. Ulberga \u201cTur\u201d, A. Jundze \u201cSarkanais dz\u012bvsudrabs\u201d, A. Akmenti\u0146\u0161 \u201cSkolot\u0101ji\u201d u.c.).<\/td><\/tr><tr><td class=\"has-text-align-left\" data-align=\"left\"><\/td><\/tr><tr><td class=\"has-text-align-left\" data-align=\"left\"><strong>11.KLASE<\/strong><\/td><\/tr><tr><td class=\"has-text-align-left\" data-align=\"left\">1. M.Z\u0101l\u012bte \u201cParad\u012bzes putni\u201d (j\u0101izlasa uz septembra s\u0101kumu).<\/td><\/tr><tr><td class=\"has-text-align-left\" data-align=\"left\">2. G.Mer\u0137elis \u201cLatvie\u0161i\u201d.<\/td><\/tr><tr><td class=\"has-text-align-left\" data-align=\"left\">3. Br\u0101\u013ci Kaudz\u012btes \u201cM\u0113rnieku laiki\u201d.<\/td><\/tr><tr><td class=\"has-text-align-left\" data-align=\"left\">4. R.Blaumanis \u201cPurva brid\u0113js\u201d,\u201cIndr\u0101ni\u201d.<\/td><\/tr><tr><td class=\"has-text-align-left\" data-align=\"left\">5. Aspazija \u201cSidraba \u0161\u0137idrauts\u201d.<\/td><\/tr><tr><td class=\"has-text-align-left\" data-align=\"left\">6. A.\u010caks \u201cM\u016b\u017e\u012bbas skartie\u201d un 1 dzejo\u013cu kr\u0101jums.<\/td><\/tr><tr><td class=\"has-text-align-left\" data-align=\"left\">7. A.Gr\u012bns \u201cDv\u0113se\u013cu putenis\u201d.<\/td><\/tr><tr><td class=\"has-text-align-left\" data-align=\"left\">8. A.Egl\u012btis \u201cHomo Novus\u201d.<\/td><\/tr><tr><td class=\"has-text-align-left\" data-align=\"left\">9. Jaun\u0101k\u0101 latvie\u0161u autoru gr\u0101mata p\u0113c izv\u0113les.( Piem., N. Ikstena \u201cM\u0101tes piens\u201d, I. \u0100bele \u201cDuna\u201d, A. Manfelde \u201cVirsnieku sievas\u201d, L. Kota \u201cIstaba\u201d, K. Ulberga \u201cTur\u201d, A. Jundze \u201cSarkanais dz\u012bvsudrabs\u201d, A. Akmenti\u0146\u0161 \u201cSkolot\u0101ji\u201d u.c.).<\/td><\/tr><tr><td class=\"has-text-align-left\" data-align=\"left\"><\/td><\/tr><tr><td class=\"has-text-align-left\" data-align=\"left\"><strong>12.KLASE<\/strong><\/td><\/tr><tr><td class=\"has-text-align-left\" data-align=\"left\">1. M.B\u0113rzi\u0146\u0161 \u201cSvina gar\u0161a\u201d(j\u0101izlasa uz septembra s\u0101kumu).<\/td><\/tr><tr><td class=\"has-text-align-left\" data-align=\"left\">2. D\u017e. Orvels \u201cDz\u012bvnieku ferma\u201d.<\/td><\/tr><tr><td class=\"has-text-align-left\" data-align=\"left\">3. R.Ezera \u201cAka\u201d.<\/td><\/tr><tr><td class=\"has-text-align-left\" data-align=\"left\">4. G.Priede \u201cZil\u0101\u201d vai L.Stumbre \u201cSpalvas\u201d.<\/td><\/tr><tr><td class=\"has-text-align-left\" data-align=\"left\">5. G.Priede \u201cZil\u0101\u201d vai L.Stumbre \u201cSpalvas\u201d.<\/td><\/tr><tr><td class=\"has-text-align-left\" data-align=\"left\">6. Ikstena \u201cDz\u012bves svin\u0113\u0161ana\u201d vai \u201cM\u0101tes piens\u201d, vai cita N.Ikstenas gr\u0101mata.<\/td><\/tr><tr><td class=\"has-text-align-left\" data-align=\"left\">7. G.Rep\u0161e \u201cBogene\u201d.<\/td><\/tr><tr><td class=\"has-text-align-left\" data-align=\"left\">8. A.Bels \u201cB\u016bris\u201d.<\/td><\/tr><tr><td class=\"has-text-align-left\" data-align=\"left\">9. Jaun\u0101k\u0101 latvie\u0161u autoru gr\u0101mata p\u0113c izv\u0113les.( Piem., N. Ikstena \u201cM\u0101tes piens\u201d, I. \u0100bele \u201cDuna\u201d, A. Manfelde \u201cVirsnieku sievas\u201d, L. Kota \u201cIstaba\u201d, K. Ulberga \u201cTur\u201d, A. Jundze \u201cSarkanais dz\u012bvsudrabs\u201d, A. Akmenti\u0146\u0161 \u201cSkolot\u0101ji\u201d u.c.).<\/td><\/tr><\/tbody><\/table><\/figure>\n","protected":false},"excerpt":{"rendered":"<p>4.KLASE 1. A.A.Milns \u201cVinnijs P\u016bks un vi\u0146a draugi\u201d vai S.L\u0101gerl\u0113va \u201cNilsa Holgersona br\u012bni\u0161\u0137\u012bgais ce\u013cojums\u201d. 2. Astr\u012bda Lindgr\u0113ne \u201cGr\u0101mata par Pepiju Garze\u0137i\u201d. 3. I.Ziedonis \u201cBl\u0113\u0146as un pasakas\u201d. 4. I.Samauska \u201cSka\u013c\u0101 klase\u201d. 5. I.Samauska \u201cSka\u013c\u0101 klase\u201d. 5.KLASE 1. A.Lindgr\u0113ne \u201cKarlsons, kas dz\u012bvo uz jumta\u201d vai cita A.Lindgr\u0113nes gr\u0101mata. 2. V.Bel\u0161evica \u201cBille\u201d. 3. M.Rungulis \u201cKa\u0137u \u0123ener\u0101lis: \u0160arlaks no&#8230;<\/p>\n","protected":false},"author":1,"featured_media":0,"parent":77,"menu_order":0,"comment_status":"closed","ping_status":"closed","template":"","meta":{"footnotes":""},"class_list":["post-4737","page","type-page","status-publish","hentry"],"yoast_head":"<!-- This site is optimized with the Yoast SEO plugin v23.1 - https:\/\/yoast.com\/wordpress\/plugins\/seo\/ -->\n<title>IETEICAM\u0100S LITERAT\u016aRAS SARAKSTS 4. - 12. KLASEI - J\u016aRMALAS VALSTSPILS\u0112TAS PUMPURU VIDUSSKOLA<\/title>\n<meta name=\"robots\" content=\"index, follow, max-snippet:-1, max-image-preview:large, max-video-preview:-1\" \/>\n<link rel=\"canonical\" href=\"https:\/\/pumpuruvsk.jurmala.lv\/?page_id=4737\" \/>\n<meta property=\"og:locale\" content=\"lv_LV\" \/>\n<meta property=\"og:type\" content=\"article\" \/>\n<meta property=\"og:title\" content=\"IETEICAM\u0100S LITERAT\u016aRAS SARAKSTS 4. - 12. KLASEI - J\u016aRMALAS VALSTSPILS\u0112TAS PUMPURU VIDUSSKOLA\" \/>\n<meta property=\"og:description\" content=\"4.KLASE 1. A.A.Milns \u201cVinnijs P\u016bks un vi\u0146a draugi\u201d vai S.L\u0101gerl\u0113va \u201cNilsa Holgersona br\u012bni\u0161\u0137\u012bgais ce\u013cojums\u201d. 2. Astr\u012bda Lindgr\u0113ne \u201cGr\u0101mata par Pepiju Garze\u0137i\u201d. 3. I.Ziedonis \u201cBl\u0113\u0146as un pasakas\u201d. 4. I.Samauska \u201cSka\u013c\u0101 klase\u201d. 5. I.Samauska \u201cSka\u013c\u0101 klase\u201d. 5.KLASE 1. A.Lindgr\u0113ne \u201cKarlsons, kas dz\u012bvo uz jumta\u201d vai cita A.Lindgr\u0113nes gr\u0101mata. 2. V.Bel\u0161evica \u201cBille\u201d. 3. M.Rungulis \u201cKa\u0137u \u0123ener\u0101lis: \u0160arlaks no...\" \/>\n<meta property=\"og:url\" content=\"https:\/\/pumpuruvsk.jurmala.lv\/?page_id=4737\" \/>\n<meta property=\"og:site_name\" content=\"J\u016aRMALAS VALSTSPILS\u0112TAS PUMPURU VIDUSSKOLA\" \/>\n<meta property=\"article:publisher\" content=\"https:\/\/www.facebook.com\/people\/Jrmalas-valstspilstas-Pumpuru-vidusskola\/61565829730579\/\" \/>\n<meta property=\"article:modified_time\" content=\"2025-06-03T12:13:33+00:00\" \/>\n<meta name=\"twitter:card\" content=\"summary_large_image\" \/>\n<meta name=\"twitter:label1\" content=\"Est. reading time\" \/>\n\t<meta name=\"twitter:data1\" content=\"3 min\u016btes\" \/>\n<script type=\"application\/ld+json\" class=\"yoast-schema-graph\">{\"@context\":\"https:\/\/schema.org\",\"@graph\":[{\"@type\":\"WebPage\",\"@id\":\"https:\/\/pumpuruvsk.jurmala.lv\/?page_id=4737\",\"url\":\"https:\/\/pumpuruvsk.jurmala.lv\/?page_id=4737\",\"name\":\"IETEICAM\u0100S LITERAT\u016aRAS SARAKSTS 4. - 12. KLASEI - J\u016aRMALAS VALSTSPILS\u0112TAS PUMPURU VIDUSSKOLA\",\"isPartOf\":{\"@id\":\"https:\/\/pumpuruvsk.jurmala.lv\/#website\"},\"datePublished\":\"2025-06-03T11:01:09+00:00\",\"dateModified\":\"2025-06-03T12:13:33+00:00\",\"breadcrumb\":{\"@id\":\"https:\/\/pumpuruvsk.jurmala.lv\/?page_id=4737#breadcrumb\"},\"inLanguage\":\"lv-LV\",\"potentialAction\":[{\"@type\":\"ReadAction\",\"target\":[\"https:\/\/pumpuruvsk.jurmala.lv\/?page_id=4737\"]}]},{\"@type\":\"BreadcrumbList\",\"@id\":\"https:\/\/pumpuruvsk.jurmala.lv\/?page_id=4737#breadcrumb\",\"itemListElement\":[{\"@type\":\"ListItem\",\"position\":1,\"name\":\"Home\",\"item\":\"https:\/\/pumpuruvsk.jurmala.lv\/\"},{\"@type\":\"ListItem\",\"position\":2,\"name\":\"M\u0100C\u012aBU DARBS\",\"item\":\"https:\/\/pumpuruvsk.jurmala.lv\/?page_id=77\"},{\"@type\":\"ListItem\",\"position\":3,\"name\":\"IETEICAM\u0100S LITERAT\u016aRAS SARAKSTS 4. &#8211; 12. KLASEI\"}]},{\"@type\":\"WebSite\",\"@id\":\"https:\/\/pumpuruvsk.jurmala.lv\/#website\",\"url\":\"https:\/\/pumpuruvsk.jurmala.lv\/\",\"name\":\"J\u016aRMALAS VALSTSPILS\u0112TAS PUMPURU VIDUSSKOLA.\",\"description\":\"SKOLA IZAUGSMEI\",\"publisher\":{\"@id\":\"https:\/\/pumpuruvsk.jurmala.lv\/#organization\"},\"potentialAction\":[{\"@type\":\"SearchAction\",\"target\":{\"@type\":\"EntryPoint\",\"urlTemplate\":\"https:\/\/pumpuruvsk.jurmala.lv\/?s={search_term_string}\"},\"query-input\":\"required name=search_term_string\"}],\"inLanguage\":\"lv-LV\"},{\"@type\":\"Organization\",\"@id\":\"https:\/\/pumpuruvsk.jurmala.lv\/#organization\",\"name\":\"J\u016aRMALAS VALSTSPILS\u0112TAS PUMPURU VIDUSSKOLA\",\"url\":\"https:\/\/pumpuruvsk.jurmala.lv\/\",\"logo\":{\"@type\":\"ImageObject\",\"inLanguage\":\"lv-LV\",\"@id\":\"https:\/\/pumpuruvsk.jurmala.lv\/#\/schema\/logo\/image\/\",\"url\":\"https:\/\/pumpuruvsk.jurmala.lv\/wp-content\/uploads\/2024\/02\/cropped-cropped-JPV-mazais-1-2.png\",\"contentUrl\":\"https:\/\/pumpuruvsk.jurmala.lv\/wp-content\/uploads\/2024\/02\/cropped-cropped-JPV-mazais-1-2.png\",\"width\":4500,\"height\":4500,\"caption\":\"J\u016aRMALAS VALSTSPILS\u0112TAS PUMPURU VIDUSSKOLA\"},\"image\":{\"@id\":\"https:\/\/pumpuruvsk.jurmala.lv\/#\/schema\/logo\/image\/\"},\"sameAs\":[\"https:\/\/www.facebook.com\/people\/Jrmalas-valstspilstas-Pumpuru-vidusskola\/61565829730579\/\"]}]}<\/script>\n<!-- \/ Yoast SEO plugin. -->","yoast_head_json":{"title":"IETEICAM\u0100S LITERAT\u016aRAS SARAKSTS 4. - 12. KLASEI - J\u016aRMALAS VALSTSPILS\u0112TAS PUMPURU VIDUSSKOLA","robots":{"index":"index","follow":"follow","max-snippet":"max-snippet:-1","max-image-preview":"max-image-preview:large","max-video-preview":"max-video-preview:-1"},"canonical":"https:\/\/pumpuruvsk.jurmala.lv\/?page_id=4737","og_locale":"lv_LV","og_type":"article","og_title":"IETEICAM\u0100S LITERAT\u016aRAS SARAKSTS 4. - 12. KLASEI - J\u016aRMALAS VALSTSPILS\u0112TAS PUMPURU VIDUSSKOLA","og_description":"4.KLASE 1. A.A.Milns \u201cVinnijs P\u016bks un vi\u0146a draugi\u201d vai S.L\u0101gerl\u0113va \u201cNilsa Holgersona br\u012bni\u0161\u0137\u012bgais ce\u013cojums\u201d. 2. Astr\u012bda Lindgr\u0113ne \u201cGr\u0101mata par Pepiju Garze\u0137i\u201d. 3. I.Ziedonis \u201cBl\u0113\u0146as un pasakas\u201d. 4. I.Samauska \u201cSka\u013c\u0101 klase\u201d. 5. I.Samauska \u201cSka\u013c\u0101 klase\u201d. 5.KLASE 1. A.Lindgr\u0113ne \u201cKarlsons, kas dz\u012bvo uz jumta\u201d vai cita A.Lindgr\u0113nes gr\u0101mata. 2. V.Bel\u0161evica \u201cBille\u201d. 3. M.Rungulis \u201cKa\u0137u \u0123ener\u0101lis: \u0160arlaks no...","og_url":"https:\/\/pumpuruvsk.jurmala.lv\/?page_id=4737","og_site_name":"J\u016aRMALAS VALSTSPILS\u0112TAS PUMPURU VIDUSSKOLA","article_publisher":"https:\/\/www.facebook.com\/people\/Jrmalas-valstspilstas-Pumpuru-vidusskola\/61565829730579\/","article_modified_time":"2025-06-03T12:13:33+00:00","twitter_card":"summary_large_image","twitter_misc":{"Est. reading time":"3 min\u016btes"},"schema":{"@context":"https:\/\/schema.org","@graph":[{"@type":"WebPage","@id":"https:\/\/pumpuruvsk.jurmala.lv\/?page_id=4737","url":"https:\/\/pumpuruvsk.jurmala.lv\/?page_id=4737","name":"IETEICAM\u0100S LITERAT\u016aRAS SARAKSTS 4. - 12. KLASEI - J\u016aRMALAS VALSTSPILS\u0112TAS PUMPURU VIDUSSKOLA","isPartOf":{"@id":"https:\/\/pumpuruvsk.jurmala.lv\/#website"},"datePublished":"2025-06-03T11:01:09+00:00","dateModified":"2025-06-03T12:13:33+00:00","breadcrumb":{"@id":"https:\/\/pumpuruvsk.jurmala.lv\/?page_id=4737#breadcrumb"},"inLanguage":"lv-LV","potentialAction":[{"@type":"ReadAction","target":["https:\/\/pumpuruvsk.jurmala.lv\/?page_id=4737"]}]},{"@type":"BreadcrumbList","@id":"https:\/\/pumpuruvsk.jurmala.lv\/?page_id=4737#breadcrumb","itemListElement":[{"@type":"ListItem","position":1,"name":"Home","item":"https:\/\/pumpuruvsk.jurmala.lv\/"},{"@type":"ListItem","position":2,"name":"M\u0100C\u012aBU DARBS","item":"https:\/\/pumpuruvsk.jurmala.lv\/?page_id=77"},{"@type":"ListItem","position":3,"name":"IETEICAM\u0100S LITERAT\u016aRAS SARAKSTS 4. &#8211; 12. KLASEI"}]},{"@type":"WebSite","@id":"https:\/\/pumpuruvsk.jurmala.lv\/#website","url":"https:\/\/pumpuruvsk.jurmala.lv\/","name":"J\u016aRMALAS VALSTSPILS\u0112TAS PUMPURU VIDUSSKOLA.","description":"SKOLA IZAUGSMEI","publisher":{"@id":"https:\/\/pumpuruvsk.jurmala.lv\/#organization"},"potentialAction":[{"@type":"SearchAction","target":{"@type":"EntryPoint","urlTemplate":"https:\/\/pumpuruvsk.jurmala.lv\/?s={search_term_string}"},"query-input":"required name=search_term_string"}],"inLanguage":"lv-LV"},{"@type":"Organization","@id":"https:\/\/pumpuruvsk.jurmala.lv\/#organization","name":"J\u016aRMALAS VALSTSPILS\u0112TAS PUMPURU VIDUSSKOLA","url":"https:\/\/pumpuruvsk.jurmala.lv\/","logo":{"@type":"ImageObject","inLanguage":"lv-LV","@id":"https:\/\/pumpuruvsk.jurmala.lv\/#\/schema\/logo\/image\/","url":"https:\/\/pumpuruvsk.jurmala.lv\/wp-content\/uploads\/2024\/02\/cropped-cropped-JPV-mazais-1-2.png","contentUrl":"https:\/\/pumpuruvsk.jurmala.lv\/wp-content\/uploads\/2024\/02\/cropped-cropped-JPV-mazais-1-2.png","width":4500,"height":4500,"caption":"J\u016aRMALAS VALSTSPILS\u0112TAS PUMPURU VIDUSSKOLA"},"image":{"@id":"https:\/\/pumpuruvsk.jurmala.lv\/#\/schema\/logo\/image\/"},"sameAs":["https:\/\/www.facebook.com\/people\/Jrmalas-valstspilstas-Pumpuru-vidusskola\/61565829730579\/"]}]}},"_links":{"self":[{"href":"https:\/\/pumpuruvsk.jurmala.lv\/index.php?rest_route=\/wp\/v2\/pages\/4737","targetHints":{"allow":["GET"]}}],"collection":[{"href":"https:\/\/pumpuruvsk.jurmala.lv\/index.php?rest_route=\/wp\/v2\/pages"}],"about":[{"href":"https:\/\/pumpuruvsk.jurmala.lv\/index.php?rest_route=\/wp\/v2\/types\/page"}],"author":[{"embeddable":true,"href":"https:\/\/pumpuruvsk.jurmala.lv\/index.php?rest_route=\/wp\/v2\/users\/1"}],"replies":[{"embeddable":true,"href":"https:\/\/pumpuruvsk.jurmala.lv\/index.php?rest_route=%2Fwp%2Fv2%2Fcomments&post=4737"}],"version-history":[{"count":5,"href":"https:\/\/pumpuruvsk.jurmala.lv\/index.php?rest_route=\/wp\/v2\/pages\/4737\/revisions"}],"predecessor-version":[{"id":4748,"href":"https:\/\/pumpuruvsk.jurmala.lv\/index.php?rest_route=\/wp\/v2\/pages\/4737\/revisions\/4748"}],"up":[{"embeddable":true,"href":"https:\/\/pumpuruvsk.jurmala.lv\/index.php?rest_route=\/wp\/v2\/pages\/77"}],"wp:attachment":[{"href":"https:\/\/pumpuruvsk.jurmala.lv\/index.php?rest_route=%2Fwp%2Fv2%2Fmedia&parent=4737"}],"curies":[{"name":"wp","href":"https:\/\/api.w.org\/{rel}","templated":true}]}}