{"id":4744,"date":"2025-06-03T14:10:46","date_gmt":"2025-06-03T12:10:46","guid":{"rendered":"https:\/\/pumpuruvsk.jurmala.lv\/?page_id=4744"},"modified":"2025-06-04T07:27:47","modified_gmt":"2025-06-04T05:27:47","slug":"ieteicamas-literaturas-saraksts-4-12-klasei","status":"publish","type":"page","link":"https:\/\/pumpuruvsk.jurmala.lv\/?page_id=4744","title":{"rendered":"IETEICAM\u0100S LITERAT\u016aRAS SARAKSTS 1. &#8211; 3. KLASEI"},"content":{"rendered":"\t\t<div data-elementor-type=\"wp-page\" data-elementor-id=\"4744\" class=\"elementor elementor-4744\">\n\t\t\t\t<div class=\"elementor-element elementor-element-2e4a409 e-flex e-con-boxed e-con e-parent\" data-id=\"2e4a409\" data-element_type=\"container\">\n\t\t\t\t\t<div class=\"e-con-inner\">\n\t\t\t\t<div class=\"elementor-element elementor-element-8a2a791 elementor-widget elementor-widget-image\" data-id=\"8a2a791\" data-element_type=\"widget\" data-widget_type=\"image.default\">\n\t\t\t\t<div class=\"elementor-widget-container\">\n\t\t\t\t\t\t\t\t\t\t\t\t\t\t\t<img fetchpriority=\"high\" decoding=\"async\" width=\"640\" height=\"905\" src=\"https:\/\/pumpuruvsk.jurmala.lv\/wp-content\/uploads\/2025\/06\/Aiziet-1-2-724x1024.png\" class=\"attachment-large size-large wp-image-4756\" alt=\"Gr\u0101matas 1. - 3.klasei\" srcset=\"https:\/\/pumpuruvsk.jurmala.lv\/wp-content\/uploads\/2025\/06\/Aiziet-1-2-724x1024.png 724w, https:\/\/pumpuruvsk.jurmala.lv\/wp-content\/uploads\/2025\/06\/Aiziet-1-2-212x300.png 212w, https:\/\/pumpuruvsk.jurmala.lv\/wp-content\/uploads\/2025\/06\/Aiziet-1-2-768x1086.png 768w, https:\/\/pumpuruvsk.jurmala.lv\/wp-content\/uploads\/2025\/06\/Aiziet-1-2-1086x1536.png 1086w, https:\/\/pumpuruvsk.jurmala.lv\/wp-content\/uploads\/2025\/06\/Aiziet-1-2-1448x2048.png 1448w, https:\/\/pumpuruvsk.jurmala.lv\/wp-content\/uploads\/2025\/06\/Aiziet-1-2.png 1587w\" sizes=\"(max-width: 640px) 100vw, 640px\" \/>\t\t\t\t\t\t\t\t\t\t\t\t\t\t\t<\/div>\n\t\t\t\t<\/div>\n\t\t\t\t\t<\/div>\n\t\t\t\t<\/div>\n\t\t\t\t<\/div>\n\t\t","protected":false},"excerpt":{"rendered":"","protected":false},"author":1,"featured_media":0,"parent":0,"menu_order":0,"comment_status":"closed","ping_status":"closed","template":"","meta":{"footnotes":""},"class_list":["post-4744","page","type-page","status-publish","hentry"],"yoast_head":"<!-- This site is optimized with the Yoast SEO plugin v23.1 - https:\/\/yoast.com\/wordpress\/plugins\/seo\/ -->\n<title>IETEICAM\u0100S LITERAT\u016aRAS SARAKSTS 1. - 3. KLASEI - J\u016aRMALAS VALSTSPILS\u0112TAS PUMPURU VIDUSSKOLA<\/title>\n<meta name=\"robots\" content=\"index, follow, max-snippet:-1, max-image-preview:large, max-video-preview:-1\" \/>\n<link rel=\"canonical\" href=\"https:\/\/pumpuruvsk.jurmala.lv\/?page_id=4744\" \/>\n<meta property=\"og:locale\" content=\"lv_LV\" \/>\n<meta property=\"og:type\" content=\"article\" \/>\n<meta property=\"og:title\" content=\"IETEICAM\u0100S LITERAT\u016aRAS SARAKSTS 1. - 3. KLASEI - J\u016aRMALAS VALSTSPILS\u0112TAS PUMPURU VIDUSSKOLA\" \/>\n<meta property=\"og:url\" content=\"https:\/\/pumpuruvsk.jurmala.lv\/?page_id=4744\" \/>\n<meta property=\"og:site_name\" content=\"J\u016aRMALAS VALSTSPILS\u0112TAS PUMPURU VIDUSSKOLA\" \/>\n<meta property=\"article:publisher\" content=\"https:\/\/www.facebook.com\/people\/Jrmalas-valstspilstas-Pumpuru-vidusskola\/61565829730579\/\" \/>\n<meta property=\"article:modified_time\" content=\"2025-06-04T05:27:47+00:00\" \/>\n<meta property=\"og:image\" content=\"https:\/\/pumpuruvsk.jurmala.lv\/wp-content\/uploads\/2025\/06\/Aiziet-1-2-724x1024.png\" \/>\n<meta name=\"twitter:card\" content=\"summary_large_image\" \/>\n<meta name=\"twitter:label1\" content=\"Est. reading time\" \/>\n\t<meta name=\"twitter:data1\" content=\"1 min\u016bte\" \/>\n<script type=\"application\/ld+json\" class=\"yoast-schema-graph\">{\"@context\":\"https:\/\/schema.org\",\"@graph\":[{\"@type\":\"WebPage\",\"@id\":\"https:\/\/pumpuruvsk.jurmala.lv\/?page_id=4744\",\"url\":\"https:\/\/pumpuruvsk.jurmala.lv\/?page_id=4744\",\"name\":\"IETEICAM\u0100S LITERAT\u016aRAS SARAKSTS 1. - 3. KLASEI - J\u016aRMALAS VALSTSPILS\u0112TAS PUMPURU VIDUSSKOLA\",\"isPartOf\":{\"@id\":\"https:\/\/pumpuruvsk.jurmala.lv\/#website\"},\"primaryImageOfPage\":{\"@id\":\"https:\/\/pumpuruvsk.jurmala.lv\/?page_id=4744#primaryimage\"},\"image\":{\"@id\":\"https:\/\/pumpuruvsk.jurmala.lv\/?page_id=4744#primaryimage\"},\"thumbnailUrl\":\"https:\/\/pumpuruvsk.jurmala.lv\/wp-content\/uploads\/2025\/06\/Aiziet-1-2-724x1024.png\",\"datePublished\":\"2025-06-03T12:10:46+00:00\",\"dateModified\":\"2025-06-04T05:27:47+00:00\",\"breadcrumb\":{\"@id\":\"https:\/\/pumpuruvsk.jurmala.lv\/?page_id=4744#breadcrumb\"},\"inLanguage\":\"lv-LV\",\"potentialAction\":[{\"@type\":\"ReadAction\",\"target\":[\"https:\/\/pumpuruvsk.jurmala.lv\/?page_id=4744\"]}]},{\"@type\":\"ImageObject\",\"inLanguage\":\"lv-LV\",\"@id\":\"https:\/\/pumpuruvsk.jurmala.lv\/?page_id=4744#primaryimage\",\"url\":\"https:\/\/pumpuruvsk.jurmala.lv\/wp-content\/uploads\/2025\/06\/Aiziet-1-2.png\",\"contentUrl\":\"https:\/\/pumpuruvsk.jurmala.lv\/wp-content\/uploads\/2025\/06\/Aiziet-1-2.png\",\"width\":1587,\"height\":2245,\"caption\":\"Gr\u0101matas 1. - 3.klasei\"},{\"@type\":\"BreadcrumbList\",\"@id\":\"https:\/\/pumpuruvsk.jurmala.lv\/?page_id=4744#breadcrumb\",\"itemListElement\":[{\"@type\":\"ListItem\",\"position\":1,\"name\":\"Home\",\"item\":\"https:\/\/pumpuruvsk.jurmala.lv\/\"},{\"@type\":\"ListItem\",\"position\":2,\"name\":\"IETEICAM\u0100S LITERAT\u016aRAS SARAKSTS 1. &#8211; 3. KLASEI\"}]},{\"@type\":\"WebSite\",\"@id\":\"https:\/\/pumpuruvsk.jurmala.lv\/#website\",\"url\":\"https:\/\/pumpuruvsk.jurmala.lv\/\",\"name\":\"J\u016aRMALAS VALSTSPILS\u0112TAS PUMPURU VIDUSSKOLA.\",\"description\":\"SKOLA IZAUGSMEI\",\"publisher\":{\"@id\":\"https:\/\/pumpuruvsk.jurmala.lv\/#organization\"},\"potentialAction\":[{\"@type\":\"SearchAction\",\"target\":{\"@type\":\"EntryPoint\",\"urlTemplate\":\"https:\/\/pumpuruvsk.jurmala.lv\/?s={search_term_string}\"},\"query-input\":\"required name=search_term_string\"}],\"inLanguage\":\"lv-LV\"},{\"@type\":\"Organization\",\"@id\":\"https:\/\/pumpuruvsk.jurmala.lv\/#organization\",\"name\":\"J\u016aRMALAS VALSTSPILS\u0112TAS PUMPURU VIDUSSKOLA\",\"url\":\"https:\/\/pumpuruvsk.jurmala.lv\/\",\"logo\":{\"@type\":\"ImageObject\",\"inLanguage\":\"lv-LV\",\"@id\":\"https:\/\/pumpuruvsk.jurmala.lv\/#\/schema\/logo\/image\/\",\"url\":\"https:\/\/pumpuruvsk.jurmala.lv\/wp-content\/uploads\/2024\/02\/cropped-cropped-JPV-mazais-1-2.png\",\"contentUrl\":\"https:\/\/pumpuruvsk.jurmala.lv\/wp-content\/uploads\/2024\/02\/cropped-cropped-JPV-mazais-1-2.png\",\"width\":4500,\"height\":4500,\"caption\":\"J\u016aRMALAS VALSTSPILS\u0112TAS PUMPURU VIDUSSKOLA\"},\"image\":{\"@id\":\"https:\/\/pumpuruvsk.jurmala.lv\/#\/schema\/logo\/image\/\"},\"sameAs\":[\"https:\/\/www.facebook.com\/people\/Jrmalas-valstspilstas-Pumpuru-vidusskola\/61565829730579\/\"]}]}<\/script>\n<!-- \/ Yoast SEO plugin. -->","yoast_head_json":{"title":"IETEICAM\u0100S LITERAT\u016aRAS SARAKSTS 1. - 3. KLASEI - J\u016aRMALAS VALSTSPILS\u0112TAS PUMPURU VIDUSSKOLA","robots":{"index":"index","follow":"follow","max-snippet":"max-snippet:-1","max-image-preview":"max-image-preview:large","max-video-preview":"max-video-preview:-1"},"canonical":"https:\/\/pumpuruvsk.jurmala.lv\/?page_id=4744","og_locale":"lv_LV","og_type":"article","og_title":"IETEICAM\u0100S LITERAT\u016aRAS SARAKSTS 1. - 3. KLASEI - J\u016aRMALAS VALSTSPILS\u0112TAS PUMPURU VIDUSSKOLA","og_url":"https:\/\/pumpuruvsk.jurmala.lv\/?page_id=4744","og_site_name":"J\u016aRMALAS VALSTSPILS\u0112TAS PUMPURU VIDUSSKOLA","article_publisher":"https:\/\/www.facebook.com\/people\/Jrmalas-valstspilstas-Pumpuru-vidusskola\/61565829730579\/","article_modified_time":"2025-06-04T05:27:47+00:00","og_image":[{"url":"https:\/\/pumpuruvsk.jurmala.lv\/wp-content\/uploads\/2025\/06\/Aiziet-1-2-724x1024.png"}],"twitter_card":"summary_large_image","twitter_misc":{"Est. reading time":"1 min\u016bte"},"schema":{"@context":"https:\/\/schema.org","@graph":[{"@type":"WebPage","@id":"https:\/\/pumpuruvsk.jurmala.lv\/?page_id=4744","url":"https:\/\/pumpuruvsk.jurmala.lv\/?page_id=4744","name":"IETEICAM\u0100S LITERAT\u016aRAS SARAKSTS 1. - 3. KLASEI - J\u016aRMALAS VALSTSPILS\u0112TAS PUMPURU VIDUSSKOLA","isPartOf":{"@id":"https:\/\/pumpuruvsk.jurmala.lv\/#website"},"primaryImageOfPage":{"@id":"https:\/\/pumpuruvsk.jurmala.lv\/?page_id=4744#primaryimage"},"image":{"@id":"https:\/\/pumpuruvsk.jurmala.lv\/?page_id=4744#primaryimage"},"thumbnailUrl":"https:\/\/pumpuruvsk.jurmala.lv\/wp-content\/uploads\/2025\/06\/Aiziet-1-2-724x1024.png","datePublished":"2025-06-03T12:10:46+00:00","dateModified":"2025-06-04T05:27:47+00:00","breadcrumb":{"@id":"https:\/\/pumpuruvsk.jurmala.lv\/?page_id=4744#breadcrumb"},"inLanguage":"lv-LV","potentialAction":[{"@type":"ReadAction","target":["https:\/\/pumpuruvsk.jurmala.lv\/?page_id=4744"]}]},{"@type":"ImageObject","inLanguage":"lv-LV","@id":"https:\/\/pumpuruvsk.jurmala.lv\/?page_id=4744#primaryimage","url":"https:\/\/pumpuruvsk.jurmala.lv\/wp-content\/uploads\/2025\/06\/Aiziet-1-2.png","contentUrl":"https:\/\/pumpuruvsk.jurmala.lv\/wp-content\/uploads\/2025\/06\/Aiziet-1-2.png","width":1587,"height":2245,"caption":"Gr\u0101matas 1. - 3.klasei"},{"@type":"BreadcrumbList","@id":"https:\/\/pumpuruvsk.jurmala.lv\/?page_id=4744#breadcrumb","itemListElement":[{"@type":"ListItem","position":1,"name":"Home","item":"https:\/\/pumpuruvsk.jurmala.lv\/"},{"@type":"ListItem","position":2,"name":"IETEICAM\u0100S LITERAT\u016aRAS SARAKSTS 1. &#8211; 3. KLASEI"}]},{"@type":"WebSite","@id":"https:\/\/pumpuruvsk.jurmala.lv\/#website","url":"https:\/\/pumpuruvsk.jurmala.lv\/","name":"J\u016aRMALAS VALSTSPILS\u0112TAS PUMPURU VIDUSSKOLA.","description":"SKOLA IZAUGSMEI","publisher":{"@id":"https:\/\/pumpuruvsk.jurmala.lv\/#organization"},"potentialAction":[{"@type":"SearchAction","target":{"@type":"EntryPoint","urlTemplate":"https:\/\/pumpuruvsk.jurmala.lv\/?s={search_term_string}"},"query-input":"required name=search_term_string"}],"inLanguage":"lv-LV"},{"@type":"Organization","@id":"https:\/\/pumpuruvsk.jurmala.lv\/#organization","name":"J\u016aRMALAS VALSTSPILS\u0112TAS PUMPURU VIDUSSKOLA","url":"https:\/\/pumpuruvsk.jurmala.lv\/","logo":{"@type":"ImageObject","inLanguage":"lv-LV","@id":"https:\/\/pumpuruvsk.jurmala.lv\/#\/schema\/logo\/image\/","url":"https:\/\/pumpuruvsk.jurmala.lv\/wp-content\/uploads\/2024\/02\/cropped-cropped-JPV-mazais-1-2.png","contentUrl":"https:\/\/pumpuruvsk.jurmala.lv\/wp-content\/uploads\/2024\/02\/cropped-cropped-JPV-mazais-1-2.png","width":4500,"height":4500,"caption":"J\u016aRMALAS VALSTSPILS\u0112TAS PUMPURU VIDUSSKOLA"},"image":{"@id":"https:\/\/pumpuruvsk.jurmala.lv\/#\/schema\/logo\/image\/"},"sameAs":["https:\/\/www.facebook.com\/people\/Jrmalas-valstspilstas-Pumpuru-vidusskola\/61565829730579\/"]}]}},"_links":{"self":[{"href":"https:\/\/pumpuruvsk.jurmala.lv\/index.php?rest_route=\/wp\/v2\/pages\/4744","targetHints":{"allow":["GET"]}}],"collection":[{"href":"https:\/\/pumpuruvsk.jurmala.lv\/index.php?rest_route=\/wp\/v2\/pages"}],"about":[{"href":"https:\/\/pumpuruvsk.jurmala.lv\/index.php?rest_route=\/wp\/v2\/types\/page"}],"author":[{"embeddable":true,"href":"https:\/\/pumpuruvsk.jurmala.lv\/index.php?rest_route=\/wp\/v2\/users\/1"}],"replies":[{"embeddable":true,"href":"https:\/\/pumpuruvsk.jurmala.lv\/index.php?rest_route=%2Fwp%2Fv2%2Fcomments&post=4744"}],"version-history":[{"count":6,"href":"https:\/\/pumpuruvsk.jurmala.lv\/index.php?rest_route=\/wp\/v2\/pages\/4744\/revisions"}],"predecessor-version":[{"id":4759,"href":"https:\/\/pumpuruvsk.jurmala.lv\/index.php?rest_route=\/wp\/v2\/pages\/4744\/revisions\/4759"}],"wp:attachment":[{"href":"https:\/\/pumpuruvsk.jurmala.lv\/index.php?rest_route=%2Fwp%2Fv2%2Fmedia&parent=4744"}],"curies":[{"name":"wp","href":"https:\/\/api.w.org\/{rel}","templated":true}]}}