{"id":55,"date":"2024-02-16T12:19:06","date_gmt":"2024-02-16T10:19:06","guid":{"rendered":"https:\/\/pumpuruvsk.jurmala.lv\/wordpress\/?page_id=55"},"modified":"2025-12-01T18:06:59","modified_gmt":"2025-12-01T16:06:59","slug":"skola-sodien","status":"publish","type":"page","link":"https:\/\/pumpuruvsk.jurmala.lv\/?page_id=55","title":{"rendered":"SKOLA \u0160ODIEN"},"content":{"rendered":"\t\t<div data-elementor-type=\"wp-page\" data-elementor-id=\"55\" class=\"elementor elementor-55\">\n\t\t\t\t<div class=\"elementor-element elementor-element-ad5825f e-flex e-con-boxed e-con e-parent\" data-id=\"ad5825f\" data-element_type=\"container\">\n\t\t\t\t\t<div class=\"e-con-inner\">\n\t\t\t\t<div class=\"elementor-element elementor-element-0691b51 elementor-widget-divider--view-line_text elementor-widget-divider--element-align-center elementor-widget elementor-widget-divider\" data-id=\"0691b51\" data-element_type=\"widget\" data-widget_type=\"divider.default\">\n\t\t\t\t<div class=\"elementor-widget-container\">\n\t\t\t\t\t\t\t<div class=\"elementor-divider\">\n\t\t\t<span class=\"elementor-divider-separator\">\n\t\t\t\t\t\t\t<span class=\"elementor-divider__text elementor-divider__element\">\n\t\t\t\tMISIJA\t\t\t\t<\/span>\n\t\t\t\t\t\t<\/span>\n\t\t<\/div>\n\t\t\t\t\t\t<\/div>\n\t\t\t\t<\/div>\n\t\t\t\t\t<\/div>\n\t\t\t\t<\/div>\n\t\t<div class=\"elementor-element elementor-element-1e4d3d9 e-flex e-con-boxed e-con e-parent\" data-id=\"1e4d3d9\" data-element_type=\"container\">\n\t\t\t\t\t<div class=\"e-con-inner\">\n\t\t\t\t<div class=\"elementor-element elementor-element-889b5de elementor-widget elementor-widget-text-editor\" data-id=\"889b5de\" data-element_type=\"widget\" data-widget_type=\"text-editor.default\">\n\t\t\t\t<div class=\"elementor-widget-container\">\n\t\t\t\t\t\t\t\t\t<p><span data-olk-copy-source=\"MessageBody\">M\u016bsdien\u012bga, inovat\u012bva un trad\u012bcij\u0101m bag\u0101ta izgl\u012bt\u012bbas iest\u0101de, kas nodro\u0161ina kvalitat\u012bvas izgl\u012bt\u012bbas ieg\u016b\u0161anu, kur\u0101 ir atbalsts individu\u0101lai izaugsmei, valda cie\u0146pilnas attiec\u012bbas, uz sadarb\u012bbu un v\u0113rt\u012bb\u0101m balst\u012bts daudzveid\u012bgs m\u0101c\u012bbu process, nodro\u0161inot konkur\u0113tsp\u0113j\u012bgu t\u0101l\u0101kizgl\u012bt\u012bbas ieguvi m\u016bsdienu pasaul\u0113.<\/span><\/p>\t\t\t\t\t\t\t\t<\/div>\n\t\t\t\t<\/div>\n\t\t\t\t\t<\/div>\n\t\t\t\t<\/div>\n\t\t<div class=\"elementor-element elementor-element-877d431 e-flex e-con-boxed e-con e-parent\" data-id=\"877d431\" data-element_type=\"container\">\n\t\t\t\t\t<div class=\"e-con-inner\">\n\t\t\t\t<div class=\"elementor-element elementor-element-b3fb2dd elementor-widget-divider--view-line_text elementor-widget-divider--element-align-center elementor-widget elementor-widget-divider\" data-id=\"b3fb2dd\" data-element_type=\"widget\" data-widget_type=\"divider.default\">\n\t\t\t\t<div class=\"elementor-widget-container\">\n\t\t\t\t\t\t\t<div class=\"elementor-divider\">\n\t\t\t<span class=\"elementor-divider-separator\">\n\t\t\t\t\t\t\t<span class=\"elementor-divider__text elementor-divider__element\">\n\t\t\t\tV\u012aZIJA\t\t\t\t<\/span>\n\t\t\t\t\t\t<\/span>\n\t\t<\/div>\n\t\t\t\t\t\t<\/div>\n\t\t\t\t<\/div>\n\t\t\t\t\t<\/div>\n\t\t\t\t<\/div>\n\t\t<div class=\"elementor-element elementor-element-adc4a05 e-flex e-con-boxed e-con e-parent\" data-id=\"adc4a05\" data-element_type=\"container\">\n\t\t\t\t\t<div class=\"e-con-inner\">\n\t\t\t\t<div class=\"elementor-element elementor-element-2e1ed2e elementor-widget elementor-widget-text-editor\" data-id=\"2e1ed2e\" data-element_type=\"widget\" data-widget_type=\"text-editor.default\">\n\t\t\t\t<div class=\"elementor-widget-container\">\n\t\t\t\t\t\t\t\t\t<p><span data-olk-copy-source=\"MessageBody\">Jaunietis ir jaunrad\u012bt\u0101js, kur\u0161 apzin\u0101s paties\u0101s dz\u012bves v\u0113rt\u012bbas, pieder\u012bbu savai valstij, prot lietot ieg\u016bt\u0101s zin\u0101\u0161anas un prasmes atbilsto\u0161i saviem m\u0113r\u0137iem un sabiedr\u012bbas vajadz\u012bb\u0101m, ir ieinters\u0113ts valsts aizsardz\u012bb\u0101, vides ilgtsp\u0113j\u012bg\u0101 att\u012bst\u012bb\u0101, labiek\u0101rto\u0161an\u0101 un vides saglab\u0101\u0161an\u0101.<\/span><\/p>\t\t\t\t\t\t\t\t<\/div>\n\t\t\t\t<\/div>\n\t\t\t\t\t<\/div>\n\t\t\t\t<\/div>\n\t\t<div class=\"elementor-element elementor-element-a3c36cc e-flex e-con-boxed e-con e-parent\" data-id=\"a3c36cc\" data-element_type=\"container\">\n\t\t\t\t\t<div class=\"e-con-inner\">\n\t\t\t\t<div class=\"elementor-element elementor-element-1bf541f elementor-widget-divider--view-line_text elementor-widget-divider--element-align-center elementor-widget elementor-widget-divider\" data-id=\"1bf541f\" data-element_type=\"widget\" data-widget_type=\"divider.default\">\n\t\t\t\t<div class=\"elementor-widget-container\">\n\t\t\t\t\t\t\t<div class=\"elementor-divider\">\n\t\t\t<span class=\"elementor-divider-separator\">\n\t\t\t\t\t\t\t<span class=\"elementor-divider__text elementor-divider__element\">\n\t\t\t\tV\u0112RT\u012aBAS\t\t\t\t<\/span>\n\t\t\t\t\t\t<\/span>\n\t\t<\/div>\n\t\t\t\t\t\t<\/div>\n\t\t\t\t<\/div>\n\t\t\t\t\t<\/div>\n\t\t\t\t<\/div>\n\t\t<div class=\"elementor-element elementor-element-4518106 e-flex e-con-boxed e-con e-parent\" data-id=\"4518106\" data-element_type=\"container\">\n\t\t\t\t\t<div class=\"e-con-inner\">\n\t\t\t\t<div class=\"elementor-element elementor-element-8a1f12e elementor-widget elementor-widget-text-editor\" data-id=\"8a1f12e\" data-element_type=\"widget\" data-widget_type=\"text-editor.default\">\n\t\t\t\t<div class=\"elementor-widget-container\">\n\t\t\t\t\t\t\t\t\t<p>M\u0113r\u0137tiec\u012bba. Sadarb\u012bba. Izaugsme.<\/p>\t\t\t\t\t\t\t\t<\/div>\n\t\t\t\t<\/div>\n\t\t\t\t\t<\/div>\n\t\t\t\t<\/div>\n\t\t<div class=\"elementor-element elementor-element-6d79a9e e-flex e-con-boxed e-con e-parent\" data-id=\"6d79a9e\" data-element_type=\"container\">\n\t\t\t\t\t<div class=\"e-con-inner\">\n\t\t\t\t<div class=\"elementor-element elementor-element-003eb0f elementor-widget-divider--view-line_text elementor-widget-divider--element-align-center elementor-widget elementor-widget-divider\" data-id=\"003eb0f\" data-element_type=\"widget\" data-widget_type=\"divider.default\">\n\t\t\t\t<div class=\"elementor-widget-container\">\n\t\t\t\t\t\t\t<div class=\"elementor-divider\">\n\t\t\t<span class=\"elementor-divider-separator\">\n\t\t\t\t\t\t\t<span class=\"elementor-divider__text elementor-divider__element\">\n\t\t\t\t2025.\/2026. M\u0100C\u012aBU GADS\t\t\t\t<\/span>\n\t\t\t\t\t\t<\/span>\n\t\t<\/div>\n\t\t\t\t\t\t<\/div>\n\t\t\t\t<\/div>\n\t\t\t\t\t<\/div>\n\t\t\t\t<\/div>\n\t\t<div class=\"elementor-element elementor-element-b7b3c28 e-flex e-con-boxed e-con e-parent\" data-id=\"b7b3c28\" data-element_type=\"container\">\n\t\t\t\t\t<div class=\"e-con-inner\">\n\t\t\t\t<div class=\"elementor-element elementor-element-aca5694 elementor-widget elementor-widget-text-editor\" data-id=\"aca5694\" data-element_type=\"widget\" data-widget_type=\"text-editor.default\">\n\t\t\t\t<div class=\"elementor-widget-container\">\n\t\t\t\t\t\t\t\t\t<p>2025.\/2026. m\u0101c\u012bbu gad\u0101 J\u016brmalas valstspils\u0113tas Pumpuru vidusskol\u0101 m\u0101c\u0101s 1184 izgl\u012btojamie. Izgl\u012bt\u012bbas iest\u0101des direktore Santa Kr\u016bmi\u0146a.<br \/>No 1. &#8211; 3. klasei (295 izgl\u012btojamie, 13 klases)\u00a0<span style=\"color: var( --e-global-color-text ); background-color: var(--inner-container-bk);\">m\u0101c\u012bbas notiek Lielupes iel\u0101 21, J\u016brmal\u0101.<br \/>No 4. &#8211; 9. klasei (266<\/span><span style=\"color: var( --e-global-color-text ); background-color: var(--inner-container-bk);\">\u00a0izgl\u012btojamie, 12 klases<\/span><span style=\"color: var( --e-global-color-text ); background-color: var(--inner-container-bk);\">)\u00a0<\/span><span style=\"color: var( --e-global-color-text ); background-color: var(--inner-container-bk);\">m\u0101c\u012bbas notiek Lielupes iel\u0101 21, J\u016brmal\u0101.<br \/><\/span><span style=\"color: var( --e-global-color-text ); background-color: var(--inner-container-bk);\">No 5. &#8211; 9. klasei\u00a0<\/span><span style=\"color: var( --e-global-color-text ); background-color: var(--inner-container-bk);\">\u00a0(<\/span><span style=\"color: var( --e-global-color-text ); background-color: var(--inner-container-bk);\">384\u00a0<\/span><span style=\"color: var( --e-global-color-text ); background-color: var(--inner-container-bk);\">izgl\u012btojamie, 16 klases<\/span><span style=\"color: var( --e-global-color-text ); background-color: var(--inner-container-bk);\">)\u00a0<\/span><span style=\"color: var( --e-global-color-text ); background-color: var(--inner-container-bk);\">m\u0101c\u012bbas notiek\u00a0Kronvalda iel\u0101 8, J\u016brmal\u0101.<br \/><\/span><span style=\"color: var( --e-global-color-text ); background-color: var(--inner-container-bk);\">No 10. &#8211; 12. klasei\u00a0<\/span><span style=\"color: var( --e-global-color-text ); background-color: var(--inner-container-bk);\">&#8211; (239\u00a0<\/span><span style=\"color: var( --e-global-color-text ); background-color: var(--inner-container-bk);\">izgl\u012btojamie, 12 klases)\u00a0<\/span><span style=\"color: var( --e-global-color-text ); background-color: var(--inner-container-bk);\">m\u0101c\u012bbas notiek<\/span><span style=\"color: var( --e-global-color-text ); background-color: var(--inner-container-bk);\">\u00a0<\/span><span style=\"color: var( --e-global-color-text ); background-color: var(--inner-container-bk);\">Kronvalda iel\u0101 8, J\u016brmal\u0101.<br \/><\/span><span style=\"background-color: var(--inner-container-bk); color: var( --e-global-color-text );\">2025.\/2026. m\u0101c\u012bbu gad\u0101 J\u016brmalas valstspils\u0113tas Pumpuru vidusskol\u0101 str\u0101d\u0101 93 pedagogi.<\/span><\/p>\t\t\t\t\t\t\t\t<\/div>\n\t\t\t\t<\/div>\n\t\t\t\t\t<\/div>\n\t\t\t\t<\/div>\n\t\t<div class=\"elementor-element elementor-element-e464470 e-flex e-con-boxed e-con e-parent\" data-id=\"e464470\" data-element_type=\"container\">\n\t\t\t\t\t<div class=\"e-con-inner\">\n\t\t<div class=\"elementor-element elementor-element-35f5eb6 e-con-full e-flex e-con e-child\" data-id=\"35f5eb6\" data-element_type=\"container\">\n\t\t\t\t<div class=\"elementor-element elementor-element-3effec7 elementor-widget-divider--view-line_text elementor-widget-divider--element-align-center elementor-widget elementor-widget-divider\" data-id=\"3effec7\" data-element_type=\"widget\" data-widget_type=\"divider.default\">\n\t\t\t\t<div class=\"elementor-widget-container\">\n\t\t\t\t\t\t\t<div class=\"elementor-divider\">\n\t\t\t<span class=\"elementor-divider-separator\">\n\t\t\t\t\t\t\t<span class=\"elementor-divider__text elementor-divider__element\">\n\t\t\t\tKRONVALDA IELA 8\t\t\t\t<\/span>\n\t\t\t\t\t\t<\/span>\n\t\t<\/div>\n\t\t\t\t\t\t<\/div>\n\t\t\t\t<\/div>\n\t\t\t\t<\/div>\n\t\t<div class=\"elementor-element elementor-element-3a1dcdb e-con-full e-flex e-con e-child\" data-id=\"3a1dcdb\" data-element_type=\"container\">\n\t\t\t\t<div class=\"elementor-element elementor-element-65266b5 elementor-widget-divider--view-line_text elementor-widget-divider--element-align-center elementor-widget elementor-widget-divider\" data-id=\"65266b5\" data-element_type=\"widget\" data-widget_type=\"divider.default\">\n\t\t\t\t<div class=\"elementor-widget-container\">\n\t\t\t\t\t\t\t<div class=\"elementor-divider\">\n\t\t\t<span class=\"elementor-divider-separator\">\n\t\t\t\t\t\t\t<span class=\"elementor-divider__text elementor-divider__element\">\n\t\t\t\tLIELUPES IELA 21\t\t\t\t<\/span>\n\t\t\t\t\t\t<\/span>\n\t\t<\/div>\n\t\t\t\t\t\t<\/div>\n\t\t\t\t<\/div>\n\t\t\t\t<\/div>\n\t\t\t\t\t<\/div>\n\t\t\t\t<\/div>\n\t\t<div class=\"elementor-element elementor-element-d67c90b e-flex e-con-boxed e-con e-parent\" data-id=\"d67c90b\" data-element_type=\"container\">\n\t\t\t\t\t<div class=\"e-con-inner\">\n\t\t<div class=\"elementor-element elementor-element-7a056e4 e-con-full e-flex e-con e-child\" data-id=\"7a056e4\" data-element_type=\"container\">\n\t\t\t\t<div class=\"elementor-element elementor-element-71098ef elementor-widget elementor-widget-image\" data-id=\"71098ef\" data-element_type=\"widget\" data-widget_type=\"image.default\">\n\t\t\t\t<div class=\"elementor-widget-container\">\n\t\t\t\t\t\t\t\t\t\t\t\t\t\t\t<img fetchpriority=\"high\" decoding=\"async\" width=\"640\" height=\"360\" src=\"https:\/\/pumpuruvsk.jurmala.lv\/wp-content\/uploads\/2024\/06\/1200px-Pumpuru_vidusskola_Jurmala-1024x576.jpg\" class=\"attachment-large size-large wp-image-633\" alt=\"\" srcset=\"https:\/\/pumpuruvsk.jurmala.lv\/wp-content\/uploads\/2024\/06\/1200px-Pumpuru_vidusskola_Jurmala-1024x576.jpg 1024w, https:\/\/pumpuruvsk.jurmala.lv\/wp-content\/uploads\/2024\/06\/1200px-Pumpuru_vidusskola_Jurmala-300x169.jpg 300w, https:\/\/pumpuruvsk.jurmala.lv\/wp-content\/uploads\/2024\/06\/1200px-Pumpuru_vidusskola_Jurmala-768x432.jpg 768w, https:\/\/pumpuruvsk.jurmala.lv\/wp-content\/uploads\/2024\/06\/1200px-Pumpuru_vidusskola_Jurmala.jpg 1200w\" sizes=\"(max-width: 640px) 100vw, 640px\" \/>\t\t\t\t\t\t\t\t\t\t\t\t\t\t\t<\/div>\n\t\t\t\t<\/div>\n\t\t\t\t<\/div>\n\t\t<div class=\"elementor-element elementor-element-64edf59 e-con-full e-flex e-con e-child\" data-id=\"64edf59\" data-element_type=\"container\">\n\t\t\t\t<div class=\"elementor-element elementor-element-417b4aa elementor-widget elementor-widget-image\" data-id=\"417b4aa\" data-element_type=\"widget\" data-widget_type=\"image.default\">\n\t\t\t\t<div class=\"elementor-widget-container\">\n\t\t\t\t\t\t\t\t\t\t\t\t\t\t\t<img decoding=\"async\" width=\"400\" height=\"266\" src=\"https:\/\/pumpuruvsk.jurmala.lv\/wp-content\/uploads\/2024\/07\/jaundubultu_vidusskola.jpg\" class=\"attachment-large size-large wp-image-1017\" alt=\"Lielupes iela 21\" srcset=\"https:\/\/pumpuruvsk.jurmala.lv\/wp-content\/uploads\/2024\/07\/jaundubultu_vidusskola.jpg 400w, https:\/\/pumpuruvsk.jurmala.lv\/wp-content\/uploads\/2024\/07\/jaundubultu_vidusskola-300x200.jpg 300w\" sizes=\"(max-width: 400px) 100vw, 400px\" \/>\t\t\t\t\t\t\t\t\t\t\t\t\t\t\t<\/div>\n\t\t\t\t<\/div>\n\t\t\t\t<\/div>\n\t\t\t\t\t<\/div>\n\t\t\t\t<\/div>\n\t\t\t\t<\/div>\n\t\t","protected":false},"excerpt":{"rendered":"<p>MISIJA M\u016bsdien\u012bga, inovat\u012bva un trad\u012bcij\u0101m bag\u0101ta izgl\u012bt\u012bbas iest\u0101de, kas nodro\u0161ina kvalitat\u012bvas izgl\u012bt\u012bbas ieg\u016b\u0161anu, kur\u0101 ir atbalsts individu\u0101lai izaugsmei, valda cie\u0146pilnas attiec\u012bbas, uz sadarb\u012bbu un v\u0113rt\u012bb\u0101m balst\u012bts daudzveid\u012bgs m\u0101c\u012bbu process, nodro\u0161inot konkur\u0113tsp\u0113j\u012bgu t\u0101l\u0101kizgl\u012bt\u012bbas ieguvi m\u016bsdienu pasaul\u0113. V\u012aZIJA Jaunietis ir jaunrad\u012bt\u0101js, kur\u0161 apzin\u0101s paties\u0101s dz\u012bves v\u0113rt\u012bbas, pieder\u012bbu savai valstij, prot lietot ieg\u016bt\u0101s zin\u0101\u0161anas un prasmes atbilsto\u0161i saviem&#8230;<\/p>\n","protected":false},"author":1,"featured_media":0,"parent":0,"menu_order":0,"comment_status":"closed","ping_status":"closed","template":"","meta":{"footnotes":""},"class_list":["post-55","page","type-page","status-publish","hentry"],"yoast_head":"<!-- This site is optimized with the Yoast SEO plugin v23.1 - https:\/\/yoast.com\/wordpress\/plugins\/seo\/ -->\n<title>SKOLA \u0160ODIEN - J\u016aRMALAS VALSTSPILS\u0112TAS PUMPURU VIDUSSKOLA<\/title>\n<meta name=\"robots\" content=\"index, follow, max-snippet:-1, max-image-preview:large, max-video-preview:-1\" \/>\n<link rel=\"canonical\" href=\"https:\/\/pumpuruvsk.jurmala.lv\/?page_id=55\" \/>\n<meta property=\"og:locale\" content=\"lv_LV\" \/>\n<meta property=\"og:type\" content=\"article\" \/>\n<meta property=\"og:title\" content=\"SKOLA \u0160ODIEN - J\u016aRMALAS VALSTSPILS\u0112TAS PUMPURU VIDUSSKOLA\" \/>\n<meta property=\"og:description\" content=\"MISIJA M\u016bsdien\u012bga, inovat\u012bva un trad\u012bcij\u0101m bag\u0101ta izgl\u012bt\u012bbas iest\u0101de, kas nodro\u0161ina kvalitat\u012bvas izgl\u012bt\u012bbas ieg\u016b\u0161anu, kur\u0101 ir atbalsts individu\u0101lai izaugsmei, valda cie\u0146pilnas attiec\u012bbas, uz sadarb\u012bbu un v\u0113rt\u012bb\u0101m balst\u012bts daudzveid\u012bgs m\u0101c\u012bbu process, nodro\u0161inot konkur\u0113tsp\u0113j\u012bgu t\u0101l\u0101kizgl\u012bt\u012bbas ieguvi m\u016bsdienu pasaul\u0113. V\u012aZIJA Jaunietis ir jaunrad\u012bt\u0101js, kur\u0161 apzin\u0101s paties\u0101s dz\u012bves v\u0113rt\u012bbas, pieder\u012bbu savai valstij, prot lietot ieg\u016bt\u0101s zin\u0101\u0161anas un prasmes atbilsto\u0161i saviem...\" \/>\n<meta property=\"og:url\" content=\"https:\/\/pumpuruvsk.jurmala.lv\/?page_id=55\" \/>\n<meta property=\"og:site_name\" content=\"J\u016aRMALAS VALSTSPILS\u0112TAS PUMPURU VIDUSSKOLA\" \/>\n<meta property=\"article:publisher\" content=\"https:\/\/www.facebook.com\/people\/Jrmalas-valstspilstas-Pumpuru-vidusskola\/61565829730579\/\" \/>\n<meta property=\"article:modified_time\" content=\"2025-12-01T16:06:59+00:00\" \/>\n<meta property=\"og:image\" content=\"https:\/\/pumpuruvsk.jurmala.lv\/wp-content\/uploads\/2024\/06\/1200px-Pumpuru_vidusskola_Jurmala-1024x576.jpg\" \/>\n<meta name=\"twitter:card\" content=\"summary_large_image\" \/>\n<meta name=\"twitter:label1\" content=\"Est. reading time\" \/>\n\t<meta name=\"twitter:data1\" content=\"2 min\u016btes\" \/>\n<script type=\"application\/ld+json\" class=\"yoast-schema-graph\">{\"@context\":\"https:\/\/schema.org\",\"@graph\":[{\"@type\":\"WebPage\",\"@id\":\"https:\/\/pumpuruvsk.jurmala.lv\/?page_id=55\",\"url\":\"https:\/\/pumpuruvsk.jurmala.lv\/?page_id=55\",\"name\":\"SKOLA \u0160ODIEN - J\u016aRMALAS VALSTSPILS\u0112TAS PUMPURU VIDUSSKOLA\",\"isPartOf\":{\"@id\":\"https:\/\/pumpuruvsk.jurmala.lv\/#website\"},\"primaryImageOfPage\":{\"@id\":\"https:\/\/pumpuruvsk.jurmala.lv\/?page_id=55#primaryimage\"},\"image\":{\"@id\":\"https:\/\/pumpuruvsk.jurmala.lv\/?page_id=55#primaryimage\"},\"thumbnailUrl\":\"https:\/\/pumpuruvsk.jurmala.lv\/wp-content\/uploads\/2024\/06\/1200px-Pumpuru_vidusskola_Jurmala-1024x576.jpg\",\"datePublished\":\"2024-02-16T10:19:06+00:00\",\"dateModified\":\"2025-12-01T16:06:59+00:00\",\"breadcrumb\":{\"@id\":\"https:\/\/pumpuruvsk.jurmala.lv\/?page_id=55#breadcrumb\"},\"inLanguage\":\"lv-LV\",\"potentialAction\":[{\"@type\":\"ReadAction\",\"target\":[\"https:\/\/pumpuruvsk.jurmala.lv\/?page_id=55\"]}]},{\"@type\":\"ImageObject\",\"inLanguage\":\"lv-LV\",\"@id\":\"https:\/\/pumpuruvsk.jurmala.lv\/?page_id=55#primaryimage\",\"url\":\"https:\/\/pumpuruvsk.jurmala.lv\/wp-content\/uploads\/2024\/06\/1200px-Pumpuru_vidusskola_Jurmala.jpg\",\"contentUrl\":\"https:\/\/pumpuruvsk.jurmala.lv\/wp-content\/uploads\/2024\/06\/1200px-Pumpuru_vidusskola_Jurmala.jpg\",\"width\":1200,\"height\":675},{\"@type\":\"BreadcrumbList\",\"@id\":\"https:\/\/pumpuruvsk.jurmala.lv\/?page_id=55#breadcrumb\",\"itemListElement\":[{\"@type\":\"ListItem\",\"position\":1,\"name\":\"Home\",\"item\":\"https:\/\/pumpuruvsk.jurmala.lv\/\"},{\"@type\":\"ListItem\",\"position\":2,\"name\":\"SKOLA \u0160ODIEN\"}]},{\"@type\":\"WebSite\",\"@id\":\"https:\/\/pumpuruvsk.jurmala.lv\/#website\",\"url\":\"https:\/\/pumpuruvsk.jurmala.lv\/\",\"name\":\"J\u016aRMALAS VALSTSPILS\u0112TAS PUMPURU VIDUSSKOLA.\",\"description\":\"SKOLA IZAUGSMEI\",\"publisher\":{\"@id\":\"https:\/\/pumpuruvsk.jurmala.lv\/#organization\"},\"potentialAction\":[{\"@type\":\"SearchAction\",\"target\":{\"@type\":\"EntryPoint\",\"urlTemplate\":\"https:\/\/pumpuruvsk.jurmala.lv\/?s={search_term_string}\"},\"query-input\":\"required name=search_term_string\"}],\"inLanguage\":\"lv-LV\"},{\"@type\":\"Organization\",\"@id\":\"https:\/\/pumpuruvsk.jurmala.lv\/#organization\",\"name\":\"J\u016aRMALAS VALSTSPILS\u0112TAS PUMPURU VIDUSSKOLA\",\"url\":\"https:\/\/pumpuruvsk.jurmala.lv\/\",\"logo\":{\"@type\":\"ImageObject\",\"inLanguage\":\"lv-LV\",\"@id\":\"https:\/\/pumpuruvsk.jurmala.lv\/#\/schema\/logo\/image\/\",\"url\":\"https:\/\/pumpuruvsk.jurmala.lv\/wp-content\/uploads\/2024\/02\/cropped-cropped-JPV-mazais-1-2.png\",\"contentUrl\":\"https:\/\/pumpuruvsk.jurmala.lv\/wp-content\/uploads\/2024\/02\/cropped-cropped-JPV-mazais-1-2.png\",\"width\":4500,\"height\":4500,\"caption\":\"J\u016aRMALAS VALSTSPILS\u0112TAS PUMPURU VIDUSSKOLA\"},\"image\":{\"@id\":\"https:\/\/pumpuruvsk.jurmala.lv\/#\/schema\/logo\/image\/\"},\"sameAs\":[\"https:\/\/www.facebook.com\/people\/Jrmalas-valstspilstas-Pumpuru-vidusskola\/61565829730579\/\"]}]}<\/script>\n<!-- \/ Yoast SEO plugin. -->","yoast_head_json":{"title":"SKOLA \u0160ODIEN - J\u016aRMALAS VALSTSPILS\u0112TAS PUMPURU VIDUSSKOLA","robots":{"index":"index","follow":"follow","max-snippet":"max-snippet:-1","max-image-preview":"max-image-preview:large","max-video-preview":"max-video-preview:-1"},"canonical":"https:\/\/pumpuruvsk.jurmala.lv\/?page_id=55","og_locale":"lv_LV","og_type":"article","og_title":"SKOLA \u0160ODIEN - J\u016aRMALAS VALSTSPILS\u0112TAS PUMPURU VIDUSSKOLA","og_description":"MISIJA M\u016bsdien\u012bga, inovat\u012bva un trad\u012bcij\u0101m bag\u0101ta izgl\u012bt\u012bbas iest\u0101de, kas nodro\u0161ina kvalitat\u012bvas izgl\u012bt\u012bbas ieg\u016b\u0161anu, kur\u0101 ir atbalsts individu\u0101lai izaugsmei, valda cie\u0146pilnas attiec\u012bbas, uz sadarb\u012bbu un v\u0113rt\u012bb\u0101m balst\u012bts daudzveid\u012bgs m\u0101c\u012bbu process, nodro\u0161inot konkur\u0113tsp\u0113j\u012bgu t\u0101l\u0101kizgl\u012bt\u012bbas ieguvi m\u016bsdienu pasaul\u0113. V\u012aZIJA Jaunietis ir jaunrad\u012bt\u0101js, kur\u0161 apzin\u0101s paties\u0101s dz\u012bves v\u0113rt\u012bbas, pieder\u012bbu savai valstij, prot lietot ieg\u016bt\u0101s zin\u0101\u0161anas un prasmes atbilsto\u0161i saviem...","og_url":"https:\/\/pumpuruvsk.jurmala.lv\/?page_id=55","og_site_name":"J\u016aRMALAS VALSTSPILS\u0112TAS PUMPURU VIDUSSKOLA","article_publisher":"https:\/\/www.facebook.com\/people\/Jrmalas-valstspilstas-Pumpuru-vidusskola\/61565829730579\/","article_modified_time":"2025-12-01T16:06:59+00:00","og_image":[{"url":"https:\/\/pumpuruvsk.jurmala.lv\/wp-content\/uploads\/2024\/06\/1200px-Pumpuru_vidusskola_Jurmala-1024x576.jpg"}],"twitter_card":"summary_large_image","twitter_misc":{"Est. reading time":"2 min\u016btes"},"schema":{"@context":"https:\/\/schema.org","@graph":[{"@type":"WebPage","@id":"https:\/\/pumpuruvsk.jurmala.lv\/?page_id=55","url":"https:\/\/pumpuruvsk.jurmala.lv\/?page_id=55","name":"SKOLA \u0160ODIEN - J\u016aRMALAS VALSTSPILS\u0112TAS PUMPURU VIDUSSKOLA","isPartOf":{"@id":"https:\/\/pumpuruvsk.jurmala.lv\/#website"},"primaryImageOfPage":{"@id":"https:\/\/pumpuruvsk.jurmala.lv\/?page_id=55#primaryimage"},"image":{"@id":"https:\/\/pumpuruvsk.jurmala.lv\/?page_id=55#primaryimage"},"thumbnailUrl":"https:\/\/pumpuruvsk.jurmala.lv\/wp-content\/uploads\/2024\/06\/1200px-Pumpuru_vidusskola_Jurmala-1024x576.jpg","datePublished":"2024-02-16T10:19:06+00:00","dateModified":"2025-12-01T16:06:59+00:00","breadcrumb":{"@id":"https:\/\/pumpuruvsk.jurmala.lv\/?page_id=55#breadcrumb"},"inLanguage":"lv-LV","potentialAction":[{"@type":"ReadAction","target":["https:\/\/pumpuruvsk.jurmala.lv\/?page_id=55"]}]},{"@type":"ImageObject","inLanguage":"lv-LV","@id":"https:\/\/pumpuruvsk.jurmala.lv\/?page_id=55#primaryimage","url":"https:\/\/pumpuruvsk.jurmala.lv\/wp-content\/uploads\/2024\/06\/1200px-Pumpuru_vidusskola_Jurmala.jpg","contentUrl":"https:\/\/pumpuruvsk.jurmala.lv\/wp-content\/uploads\/2024\/06\/1200px-Pumpuru_vidusskola_Jurmala.jpg","width":1200,"height":675},{"@type":"BreadcrumbList","@id":"https:\/\/pumpuruvsk.jurmala.lv\/?page_id=55#breadcrumb","itemListElement":[{"@type":"ListItem","position":1,"name":"Home","item":"https:\/\/pumpuruvsk.jurmala.lv\/"},{"@type":"ListItem","position":2,"name":"SKOLA \u0160ODIEN"}]},{"@type":"WebSite","@id":"https:\/\/pumpuruvsk.jurmala.lv\/#website","url":"https:\/\/pumpuruvsk.jurmala.lv\/","name":"J\u016aRMALAS VALSTSPILS\u0112TAS PUMPURU VIDUSSKOLA.","description":"SKOLA IZAUGSMEI","publisher":{"@id":"https:\/\/pumpuruvsk.jurmala.lv\/#organization"},"potentialAction":[{"@type":"SearchAction","target":{"@type":"EntryPoint","urlTemplate":"https:\/\/pumpuruvsk.jurmala.lv\/?s={search_term_string}"},"query-input":"required name=search_term_string"}],"inLanguage":"lv-LV"},{"@type":"Organization","@id":"https:\/\/pumpuruvsk.jurmala.lv\/#organization","name":"J\u016aRMALAS VALSTSPILS\u0112TAS PUMPURU VIDUSSKOLA","url":"https:\/\/pumpuruvsk.jurmala.lv\/","logo":{"@type":"ImageObject","inLanguage":"lv-LV","@id":"https:\/\/pumpuruvsk.jurmala.lv\/#\/schema\/logo\/image\/","url":"https:\/\/pumpuruvsk.jurmala.lv\/wp-content\/uploads\/2024\/02\/cropped-cropped-JPV-mazais-1-2.png","contentUrl":"https:\/\/pumpuruvsk.jurmala.lv\/wp-content\/uploads\/2024\/02\/cropped-cropped-JPV-mazais-1-2.png","width":4500,"height":4500,"caption":"J\u016aRMALAS VALSTSPILS\u0112TAS PUMPURU VIDUSSKOLA"},"image":{"@id":"https:\/\/pumpuruvsk.jurmala.lv\/#\/schema\/logo\/image\/"},"sameAs":["https:\/\/www.facebook.com\/people\/Jrmalas-valstspilstas-Pumpuru-vidusskola\/61565829730579\/"]}]}},"_links":{"self":[{"href":"https:\/\/pumpuruvsk.jurmala.lv\/index.php?rest_route=\/wp\/v2\/pages\/55","targetHints":{"allow":["GET"]}}],"collection":[{"href":"https:\/\/pumpuruvsk.jurmala.lv\/index.php?rest_route=\/wp\/v2\/pages"}],"about":[{"href":"https:\/\/pumpuruvsk.jurmala.lv\/index.php?rest_route=\/wp\/v2\/types\/page"}],"author":[{"embeddable":true,"href":"https:\/\/pumpuruvsk.jurmala.lv\/index.php?rest_route=\/wp\/v2\/users\/1"}],"replies":[{"embeddable":true,"href":"https:\/\/pumpuruvsk.jurmala.lv\/index.php?rest_route=%2Fwp%2Fv2%2Fcomments&post=55"}],"version-history":[{"count":259,"href":"https:\/\/pumpuruvsk.jurmala.lv\/index.php?rest_route=\/wp\/v2\/pages\/55\/revisions"}],"predecessor-version":[{"id":6184,"href":"https:\/\/pumpuruvsk.jurmala.lv\/index.php?rest_route=\/wp\/v2\/pages\/55\/revisions\/6184"}],"wp:attachment":[{"href":"https:\/\/pumpuruvsk.jurmala.lv\/index.php?rest_route=%2Fwp%2Fv2%2Fmedia&parent=55"}],"curies":[{"name":"wp","href":"https:\/\/api.w.org\/{rel}","templated":true}]}}