{"id":61,"date":"2024-02-16T12:20:17","date_gmt":"2024-02-16T10:20:17","guid":{"rendered":"https:\/\/pumpuruvsk.jurmala.lv\/wordpress\/?page_id=61"},"modified":"2025-09-20T09:14:49","modified_gmt":"2025-09-20T07:14:49","slug":"skolas-pasparvalde","status":"publish","type":"page","link":"https:\/\/pumpuruvsk.jurmala.lv\/?page_id=61","title":{"rendered":"SKOLAS PA\u0160P\u0100RVALDE"},"content":{"rendered":"\t\t<div data-elementor-type=\"wp-page\" data-elementor-id=\"61\" class=\"elementor elementor-61\">\n\t\t\t\t<div class=\"elementor-element elementor-element-9d175f5 e-flex e-con-boxed e-con e-parent\" data-id=\"9d175f5\" data-element_type=\"container\">\n\t\t\t\t\t<div class=\"e-con-inner\">\n\t\t\t\t<div class=\"elementor-element elementor-element-e2660b5 elementor-widget elementor-widget-text-editor\" data-id=\"e2660b5\" data-element_type=\"widget\" data-widget_type=\"text-editor.default\">\n\t\t\t\t<div class=\"elementor-widget-container\">\n\t\t\t\t\t\t\t\t\t<div dir=\"auto\"><span class=\"html-span xexx8yu xyri2b x18d9i69 x1c1uobl x1hl2dhg x16tdsg8 x1vvkbs x3nfvp2 x1j61x8r x1fcty0u xdj266r xat24cr xm2jcoa x1mpyi22 xxymvpz xlup9mm x1kky2od\"><img decoding=\"async\" class=\"xz74otr x15mokao x1ga7v0g x16uus16 xbiv7yw\" src=\"https:\/\/z-p3-static.xx.fbcdn.net\/images\/emoji.php\/v9\/tac\/1\/16\/1f4cc.png\" alt=\"\ud83d\udccc\" width=\"16\" height=\"16\" \/><\/span>Skol\u0113nu pa\u0161p\u0101rvaldes v\u0113l\u0113\u0161anas!<\/div><div dir=\"auto\">15. septembr\u012b, Starptautiskaj\u0101 demokr\u0101tijas dien\u0101, m\u016bsu skola dz\u012bvoja \u012bpa\u0161\u0101 noska\u0146\u0101 \u2013 notika Skol\u0113nu pa\u0161p\u0101rvaldes v\u0113l\u0113\u0161anas!<\/div><div dir=\"auto\">Par jauno Skol\u0113nu pa\u0161p\u0101rvaldes prezidentu iev\u0113l\u0113ts Em\u012bls Vanags, bet par prezidenta vietnieci \u2013 L\u012bna Sili\u0146a. Apsveicam abus ar ieg\u016bto uztic\u012bbu un nov\u0113lam ener\u0123iju, idejas un drosmi vad\u012bt jauno pa\u0161p\u0101rvaldes komandu, iedvesmojot citus un kop\u0101 veidojot v\u0113l kr\u0101sain\u0101ku skolas ikdienu!<\/div>\t\t\t\t\t\t\t\t<\/div>\n\t\t\t\t<\/div>\n\t\t\t\t\t<\/div>\n\t\t\t\t<\/div>\n\t\t<div class=\"elementor-element elementor-element-857884f e-flex e-con-boxed e-con e-parent\" data-id=\"857884f\" data-element_type=\"container\">\n\t\t\t\t\t<div class=\"e-con-inner\">\n\t\t\t\t<div class=\"elementor-element elementor-element-9d04083 elementor-widget elementor-widget-image\" data-id=\"9d04083\" data-element_type=\"widget\" data-widget_type=\"image.default\">\n\t\t\t\t<div class=\"elementor-widget-container\">\n\t\t\t\t\t\t\t\t\t\t\t\t\t\t\t<img fetchpriority=\"high\" decoding=\"async\" width=\"640\" height=\"360\" src=\"https:\/\/pumpuruvsk.jurmala.lv\/wp-content\/uploads\/2025\/09\/549442545_122170036586527657_8751988338893802518_n-1024x576.jpg\" class=\"attachment-large size-large wp-image-5330\" alt=\"Skol\u0113nu pa\u0161p\u0101rvaldes v\u0113l\u0113\u0161anas!\" srcset=\"https:\/\/pumpuruvsk.jurmala.lv\/wp-content\/uploads\/2025\/09\/549442545_122170036586527657_8751988338893802518_n-1024x576.jpg 1024w, https:\/\/pumpuruvsk.jurmala.lv\/wp-content\/uploads\/2025\/09\/549442545_122170036586527657_8751988338893802518_n-300x169.jpg 300w, https:\/\/pumpuruvsk.jurmala.lv\/wp-content\/uploads\/2025\/09\/549442545_122170036586527657_8751988338893802518_n-768x432.jpg 768w, https:\/\/pumpuruvsk.jurmala.lv\/wp-content\/uploads\/2025\/09\/549442545_122170036586527657_8751988338893802518_n-1536x864.jpg 1536w, https:\/\/pumpuruvsk.jurmala.lv\/wp-content\/uploads\/2025\/09\/549442545_122170036586527657_8751988338893802518_n.jpg 1920w\" sizes=\"(max-width: 640px) 100vw, 640px\" \/>\t\t\t\t\t\t\t\t\t\t\t\t\t\t\t<\/div>\n\t\t\t\t<\/div>\n\t\t\t\t\t<\/div>\n\t\t\t\t<\/div>\n\t\t\t\t<\/div>\n\t\t","protected":false},"excerpt":{"rendered":"<p>Skol\u0113nu pa\u0161p\u0101rvaldes v\u0113l\u0113\u0161anas!15. septembr\u012b, Starptautiskaj\u0101 demokr\u0101tijas dien\u0101, m\u016bsu skola dz\u012bvoja \u012bpa\u0161\u0101 noska\u0146\u0101 \u2013 notika Skol\u0113nu pa\u0161p\u0101rvaldes v\u0113l\u0113\u0161anas!Par jauno Skol\u0113nu pa\u0161p\u0101rvaldes prezidentu iev\u0113l\u0113ts Em\u012bls Vanags, bet par prezidenta vietnieci \u2013 L\u012bna Sili\u0146a. Apsveicam abus ar ieg\u016bto uztic\u012bbu un nov\u0113lam ener\u0123iju, idejas un drosmi vad\u012bt jauno pa\u0161p\u0101rvaldes komandu, iedvesmojot citus un kop\u0101 veidojot v\u0113l kr\u0101sain\u0101ku skolas ikdienu!<\/p>\n","protected":false},"author":1,"featured_media":0,"parent":0,"menu_order":0,"comment_status":"closed","ping_status":"closed","template":"","meta":{"footnotes":""},"class_list":["post-61","page","type-page","status-publish","hentry"],"yoast_head":"<!-- This site is optimized with the Yoast SEO plugin v23.1 - https:\/\/yoast.com\/wordpress\/plugins\/seo\/ -->\n<title>SKOLAS PA\u0160P\u0100RVALDE - J\u016aRMALAS VALSTSPILS\u0112TAS PUMPURU VIDUSSKOLA<\/title>\n<meta name=\"robots\" content=\"index, follow, max-snippet:-1, max-image-preview:large, max-video-preview:-1\" \/>\n<link rel=\"canonical\" href=\"https:\/\/pumpuruvsk.jurmala.lv\/?page_id=61\" \/>\n<meta property=\"og:locale\" content=\"lv_LV\" \/>\n<meta property=\"og:type\" content=\"article\" \/>\n<meta property=\"og:title\" content=\"SKOLAS PA\u0160P\u0100RVALDE - J\u016aRMALAS VALSTSPILS\u0112TAS PUMPURU VIDUSSKOLA\" \/>\n<meta property=\"og:description\" content=\"Skol\u0113nu pa\u0161p\u0101rvaldes v\u0113l\u0113\u0161anas!15. septembr\u012b, Starptautiskaj\u0101 demokr\u0101tijas dien\u0101, m\u016bsu skola dz\u012bvoja \u012bpa\u0161\u0101 noska\u0146\u0101 \u2013 notika Skol\u0113nu pa\u0161p\u0101rvaldes v\u0113l\u0113\u0161anas!Par jauno Skol\u0113nu pa\u0161p\u0101rvaldes prezidentu iev\u0113l\u0113ts Em\u012bls Vanags, bet par prezidenta vietnieci \u2013 L\u012bna Sili\u0146a. Apsveicam abus ar ieg\u016bto uztic\u012bbu un nov\u0113lam ener\u0123iju, idejas un drosmi vad\u012bt jauno pa\u0161p\u0101rvaldes komandu, iedvesmojot citus un kop\u0101 veidojot v\u0113l kr\u0101sain\u0101ku skolas ikdienu!\" \/>\n<meta property=\"og:url\" content=\"https:\/\/pumpuruvsk.jurmala.lv\/?page_id=61\" \/>\n<meta property=\"og:site_name\" content=\"J\u016aRMALAS VALSTSPILS\u0112TAS PUMPURU VIDUSSKOLA\" \/>\n<meta property=\"article:publisher\" content=\"https:\/\/www.facebook.com\/people\/Jrmalas-valstspilstas-Pumpuru-vidusskola\/61565829730579\/\" \/>\n<meta property=\"article:modified_time\" content=\"2025-09-20T07:14:49+00:00\" \/>\n<meta property=\"og:image\" content=\"https:\/\/z-p3-static.xx.fbcdn.net\/images\/emoji.php\/v9\/tac\/1\/16\/1f4cc.png\" \/>\n<meta name=\"twitter:card\" content=\"summary_large_image\" \/>\n<meta name=\"twitter:label1\" content=\"Est. reading time\" \/>\n\t<meta name=\"twitter:data1\" content=\"1 min\u016bte\" \/>\n<script type=\"application\/ld+json\" class=\"yoast-schema-graph\">{\"@context\":\"https:\/\/schema.org\",\"@graph\":[{\"@type\":\"WebPage\",\"@id\":\"https:\/\/pumpuruvsk.jurmala.lv\/?page_id=61\",\"url\":\"https:\/\/pumpuruvsk.jurmala.lv\/?page_id=61\",\"name\":\"SKOLAS PA\u0160P\u0100RVALDE - J\u016aRMALAS VALSTSPILS\u0112TAS PUMPURU VIDUSSKOLA\",\"isPartOf\":{\"@id\":\"https:\/\/pumpuruvsk.jurmala.lv\/#website\"},\"primaryImageOfPage\":{\"@id\":\"https:\/\/pumpuruvsk.jurmala.lv\/?page_id=61#primaryimage\"},\"image\":{\"@id\":\"https:\/\/pumpuruvsk.jurmala.lv\/?page_id=61#primaryimage\"},\"thumbnailUrl\":\"https:\/\/z-p3-static.xx.fbcdn.net\/images\/emoji.php\/v9\/tac\/1\/16\/1f4cc.png\",\"datePublished\":\"2024-02-16T10:20:17+00:00\",\"dateModified\":\"2025-09-20T07:14:49+00:00\",\"breadcrumb\":{\"@id\":\"https:\/\/pumpuruvsk.jurmala.lv\/?page_id=61#breadcrumb\"},\"inLanguage\":\"lv-LV\",\"potentialAction\":[{\"@type\":\"ReadAction\",\"target\":[\"https:\/\/pumpuruvsk.jurmala.lv\/?page_id=61\"]}]},{\"@type\":\"ImageObject\",\"inLanguage\":\"lv-LV\",\"@id\":\"https:\/\/pumpuruvsk.jurmala.lv\/?page_id=61#primaryimage\",\"url\":\"https:\/\/z-p3-static.xx.fbcdn.net\/images\/emoji.php\/v9\/tac\/1\/16\/1f4cc.png\",\"contentUrl\":\"https:\/\/z-p3-static.xx.fbcdn.net\/images\/emoji.php\/v9\/tac\/1\/16\/1f4cc.png\"},{\"@type\":\"BreadcrumbList\",\"@id\":\"https:\/\/pumpuruvsk.jurmala.lv\/?page_id=61#breadcrumb\",\"itemListElement\":[{\"@type\":\"ListItem\",\"position\":1,\"name\":\"Home\",\"item\":\"https:\/\/pumpuruvsk.jurmala.lv\/\"},{\"@type\":\"ListItem\",\"position\":2,\"name\":\"SKOLAS PA\u0160P\u0100RVALDE\"}]},{\"@type\":\"WebSite\",\"@id\":\"https:\/\/pumpuruvsk.jurmala.lv\/#website\",\"url\":\"https:\/\/pumpuruvsk.jurmala.lv\/\",\"name\":\"J\u016aRMALAS VALSTSPILS\u0112TAS PUMPURU VIDUSSKOLA.\",\"description\":\"SKOLA IZAUGSMEI\",\"publisher\":{\"@id\":\"https:\/\/pumpuruvsk.jurmala.lv\/#organization\"},\"potentialAction\":[{\"@type\":\"SearchAction\",\"target\":{\"@type\":\"EntryPoint\",\"urlTemplate\":\"https:\/\/pumpuruvsk.jurmala.lv\/?s={search_term_string}\"},\"query-input\":\"required name=search_term_string\"}],\"inLanguage\":\"lv-LV\"},{\"@type\":\"Organization\",\"@id\":\"https:\/\/pumpuruvsk.jurmala.lv\/#organization\",\"name\":\"J\u016aRMALAS VALSTSPILS\u0112TAS PUMPURU VIDUSSKOLA\",\"url\":\"https:\/\/pumpuruvsk.jurmala.lv\/\",\"logo\":{\"@type\":\"ImageObject\",\"inLanguage\":\"lv-LV\",\"@id\":\"https:\/\/pumpuruvsk.jurmala.lv\/#\/schema\/logo\/image\/\",\"url\":\"https:\/\/pumpuruvsk.jurmala.lv\/wp-content\/uploads\/2024\/02\/cropped-cropped-JPV-mazais-1-2.png\",\"contentUrl\":\"https:\/\/pumpuruvsk.jurmala.lv\/wp-content\/uploads\/2024\/02\/cropped-cropped-JPV-mazais-1-2.png\",\"width\":4500,\"height\":4500,\"caption\":\"J\u016aRMALAS VALSTSPILS\u0112TAS PUMPURU VIDUSSKOLA\"},\"image\":{\"@id\":\"https:\/\/pumpuruvsk.jurmala.lv\/#\/schema\/logo\/image\/\"},\"sameAs\":[\"https:\/\/www.facebook.com\/people\/Jrmalas-valstspilstas-Pumpuru-vidusskola\/61565829730579\/\"]}]}<\/script>\n<!-- \/ Yoast SEO plugin. -->","yoast_head_json":{"title":"SKOLAS PA\u0160P\u0100RVALDE - J\u016aRMALAS VALSTSPILS\u0112TAS PUMPURU VIDUSSKOLA","robots":{"index":"index","follow":"follow","max-snippet":"max-snippet:-1","max-image-preview":"max-image-preview:large","max-video-preview":"max-video-preview:-1"},"canonical":"https:\/\/pumpuruvsk.jurmala.lv\/?page_id=61","og_locale":"lv_LV","og_type":"article","og_title":"SKOLAS PA\u0160P\u0100RVALDE - J\u016aRMALAS VALSTSPILS\u0112TAS PUMPURU VIDUSSKOLA","og_description":"Skol\u0113nu pa\u0161p\u0101rvaldes v\u0113l\u0113\u0161anas!15. septembr\u012b, Starptautiskaj\u0101 demokr\u0101tijas dien\u0101, m\u016bsu skola dz\u012bvoja \u012bpa\u0161\u0101 noska\u0146\u0101 \u2013 notika Skol\u0113nu pa\u0161p\u0101rvaldes v\u0113l\u0113\u0161anas!Par jauno Skol\u0113nu pa\u0161p\u0101rvaldes prezidentu iev\u0113l\u0113ts Em\u012bls Vanags, bet par prezidenta vietnieci \u2013 L\u012bna Sili\u0146a. Apsveicam abus ar ieg\u016bto uztic\u012bbu un nov\u0113lam ener\u0123iju, idejas un drosmi vad\u012bt jauno pa\u0161p\u0101rvaldes komandu, iedvesmojot citus un kop\u0101 veidojot v\u0113l kr\u0101sain\u0101ku skolas ikdienu!","og_url":"https:\/\/pumpuruvsk.jurmala.lv\/?page_id=61","og_site_name":"J\u016aRMALAS VALSTSPILS\u0112TAS PUMPURU VIDUSSKOLA","article_publisher":"https:\/\/www.facebook.com\/people\/Jrmalas-valstspilstas-Pumpuru-vidusskola\/61565829730579\/","article_modified_time":"2025-09-20T07:14:49+00:00","og_image":[{"url":"https:\/\/z-p3-static.xx.fbcdn.net\/images\/emoji.php\/v9\/tac\/1\/16\/1f4cc.png"}],"twitter_card":"summary_large_image","twitter_misc":{"Est. reading time":"1 min\u016bte"},"schema":{"@context":"https:\/\/schema.org","@graph":[{"@type":"WebPage","@id":"https:\/\/pumpuruvsk.jurmala.lv\/?page_id=61","url":"https:\/\/pumpuruvsk.jurmala.lv\/?page_id=61","name":"SKOLAS PA\u0160P\u0100RVALDE - J\u016aRMALAS VALSTSPILS\u0112TAS PUMPURU VIDUSSKOLA","isPartOf":{"@id":"https:\/\/pumpuruvsk.jurmala.lv\/#website"},"primaryImageOfPage":{"@id":"https:\/\/pumpuruvsk.jurmala.lv\/?page_id=61#primaryimage"},"image":{"@id":"https:\/\/pumpuruvsk.jurmala.lv\/?page_id=61#primaryimage"},"thumbnailUrl":"https:\/\/z-p3-static.xx.fbcdn.net\/images\/emoji.php\/v9\/tac\/1\/16\/1f4cc.png","datePublished":"2024-02-16T10:20:17+00:00","dateModified":"2025-09-20T07:14:49+00:00","breadcrumb":{"@id":"https:\/\/pumpuruvsk.jurmala.lv\/?page_id=61#breadcrumb"},"inLanguage":"lv-LV","potentialAction":[{"@type":"ReadAction","target":["https:\/\/pumpuruvsk.jurmala.lv\/?page_id=61"]}]},{"@type":"ImageObject","inLanguage":"lv-LV","@id":"https:\/\/pumpuruvsk.jurmala.lv\/?page_id=61#primaryimage","url":"https:\/\/z-p3-static.xx.fbcdn.net\/images\/emoji.php\/v9\/tac\/1\/16\/1f4cc.png","contentUrl":"https:\/\/z-p3-static.xx.fbcdn.net\/images\/emoji.php\/v9\/tac\/1\/16\/1f4cc.png"},{"@type":"BreadcrumbList","@id":"https:\/\/pumpuruvsk.jurmala.lv\/?page_id=61#breadcrumb","itemListElement":[{"@type":"ListItem","position":1,"name":"Home","item":"https:\/\/pumpuruvsk.jurmala.lv\/"},{"@type":"ListItem","position":2,"name":"SKOLAS PA\u0160P\u0100RVALDE"}]},{"@type":"WebSite","@id":"https:\/\/pumpuruvsk.jurmala.lv\/#website","url":"https:\/\/pumpuruvsk.jurmala.lv\/","name":"J\u016aRMALAS VALSTSPILS\u0112TAS PUMPURU VIDUSSKOLA.","description":"SKOLA IZAUGSMEI","publisher":{"@id":"https:\/\/pumpuruvsk.jurmala.lv\/#organization"},"potentialAction":[{"@type":"SearchAction","target":{"@type":"EntryPoint","urlTemplate":"https:\/\/pumpuruvsk.jurmala.lv\/?s={search_term_string}"},"query-input":"required name=search_term_string"}],"inLanguage":"lv-LV"},{"@type":"Organization","@id":"https:\/\/pumpuruvsk.jurmala.lv\/#organization","name":"J\u016aRMALAS VALSTSPILS\u0112TAS PUMPURU VIDUSSKOLA","url":"https:\/\/pumpuruvsk.jurmala.lv\/","logo":{"@type":"ImageObject","inLanguage":"lv-LV","@id":"https:\/\/pumpuruvsk.jurmala.lv\/#\/schema\/logo\/image\/","url":"https:\/\/pumpuruvsk.jurmala.lv\/wp-content\/uploads\/2024\/02\/cropped-cropped-JPV-mazais-1-2.png","contentUrl":"https:\/\/pumpuruvsk.jurmala.lv\/wp-content\/uploads\/2024\/02\/cropped-cropped-JPV-mazais-1-2.png","width":4500,"height":4500,"caption":"J\u016aRMALAS VALSTSPILS\u0112TAS PUMPURU VIDUSSKOLA"},"image":{"@id":"https:\/\/pumpuruvsk.jurmala.lv\/#\/schema\/logo\/image\/"},"sameAs":["https:\/\/www.facebook.com\/people\/Jrmalas-valstspilstas-Pumpuru-vidusskola\/61565829730579\/"]}]}},"_links":{"self":[{"href":"https:\/\/pumpuruvsk.jurmala.lv\/index.php?rest_route=\/wp\/v2\/pages\/61","targetHints":{"allow":["GET"]}}],"collection":[{"href":"https:\/\/pumpuruvsk.jurmala.lv\/index.php?rest_route=\/wp\/v2\/pages"}],"about":[{"href":"https:\/\/pumpuruvsk.jurmala.lv\/index.php?rest_route=\/wp\/v2\/types\/page"}],"author":[{"embeddable":true,"href":"https:\/\/pumpuruvsk.jurmala.lv\/index.php?rest_route=\/wp\/v2\/users\/1"}],"replies":[{"embeddable":true,"href":"https:\/\/pumpuruvsk.jurmala.lv\/index.php?rest_route=%2Fwp%2Fv2%2Fcomments&post=61"}],"version-history":[{"count":41,"href":"https:\/\/pumpuruvsk.jurmala.lv\/index.php?rest_route=\/wp\/v2\/pages\/61\/revisions"}],"predecessor-version":[{"id":5372,"href":"https:\/\/pumpuruvsk.jurmala.lv\/index.php?rest_route=\/wp\/v2\/pages\/61\/revisions\/5372"}],"wp:attachment":[{"href":"https:\/\/pumpuruvsk.jurmala.lv\/index.php?rest_route=%2Fwp%2Fv2%2Fmedia&parent=61"}],"curies":[{"name":"wp","href":"https:\/\/api.w.org\/{rel}","templated":true}]}}