{"id":897,"date":"2024-07-26T17:48:38","date_gmt":"2024-07-26T15:48:38","guid":{"rendered":"https:\/\/pumpuruvsk.jurmala.lv\/wordpress\/?page_id=897"},"modified":"2026-03-25T11:45:39","modified_gmt":"2026-03-25T09:45:39","slug":"normativie-dokumenti-2","status":"publish","type":"page","link":"https:\/\/pumpuruvsk.jurmala.lv\/?page_id=897","title":{"rendered":"NORMAT\u012aVIE DOKUMENTI"},"content":{"rendered":"\n<figure class=\"wp-block-table is-style-regular has-medium-font-size\"><table><tbody><tr><td><a href=\"https:\/\/dokumenti.jurmala.lv\/hugo.php?file=\/docs\/m24\/d\/m24d013.htm\"><img decoding=\"async\" style=\"width: 70px;\" src=\"https:\/\/pumpuruvsk.jurmala.lv\/wp-content\/uploads\/2024\/07\/PDF-removebg-preview-1.png\" alt=\"\"><\/a><\/td><td><strong><a href=\"https:\/\/dokumenti.jurmala.lv\/hugo.php?file=\/docs\/m24\/d\/m24d013.htm\"><br>J\u016brmalas valstspils\u0113tas Pumpuru vidusskolas nolikums<\/a><\/strong><\/td><\/tr><tr><td><img decoding=\"async\" width=\"70\" height=\"83\" class=\"wp-image-902\" style=\"width: 70px;\" src=\"https:\/\/pumpuruvsk.jurmala.lv\/wp-content\/uploads\/2024\/07\/PDF-removebg-preview-1.png\" alt=\"\"><\/td><td><strong><a href=\"https:\/\/pumpuruvsk.jurmala.lv\/wp-content\/uploads\/2025\/09\/1.15-10_Ieksejas_kartibas_noteikumi_25_JVPV.pdf\">J\u016brmalas valstspils\u0113tas Pumpuru vidusskolas iek\u0161\u0113j\u0101s k\u0101rt\u012bbas noteikumi<\/a><\/strong><br><a href=\"https:\/\/pumpuruvsk.jurmala.lv\/wp-content\/uploads\/2024\/11\/2024-11_grozijumi_Ieksejas-kartibas-noteikumi_24.pdf\"><strong>Groz\u012bjumi &#8220;J\u016brmalas valstspils\u0113tas Pumpuru vidusskolas iek\u0161\u0113j\u0101s k\u0101rt\u012bbas noteikumi&#8221; (turniketi)<\/strong><\/a><br><a href=\"https:\/\/pumpuruvsk.jurmala.lv\/wp-content\/uploads\/2025\/10\/1.15-14_grozijumi_Ieksejas-kartibas-noteikumi_25.pdf\"><strong>Groz\u012bjumi &#8220;J\u016brmalas valstspils\u0113tas Pumpuru vidusskolas iek\u0161\u0113j\u0101s k\u0101rt\u012bbas noteikumu&#8221;<\/strong><\/a><\/td><\/tr><tr><td><a href=\"https:\/\/pumpuruvsk.jurmala.lv\/wp-content\/uploads\/2026\/03\/1-15-16-Ieksejas_noteikumi_25_JVPv.pdf\"><img decoding=\"async\" width=\"70\" height=\"83\" class=\"wp-image-902\" style=\"width: 70px;\" src=\"https:\/\/pumpuruvsk.jurmala.lv\/wp-content\/uploads\/2024\/07\/PDF-removebg-preview-1.png\" alt=\"\"><\/a><\/td><td><strong><a href=\"https:\/\/pumpuruvsk.jurmala.lv\/wp-content\/uploads\/2026\/03\/1-15-16-Ieksejas_noteikumi_25_JVPv.pdf\">Izgl\u012btojamo un t\u0101 likumisk\u0101 p\u0101rst\u0101vja s\u016bdz\u012bbu iesnieg\u0161anas un izskat\u012b\u0161anas k\u0101rt\u012bba<\/a><\/strong><\/td><\/tr><tr><td><img decoding=\"async\" width=\"70\" height=\"83\" class=\"wp-image-902\" style=\"width: 70px;\" src=\"https:\/\/pumpuruvsk.jurmala.lv\/wp-content\/uploads\/2024\/07\/PDF-removebg-preview-1.png\" alt=\"\"><\/td><td><a href=\"https:\/\/pumpuruvsk.jurmala.lv\/wp-content\/uploads\/2025\/11\/JVPV-2024.-2025.-macibu-gada-pasnovertejuma-zinojums.pdf\"><strong>Pa\u0161nov\u0113rt\u0113juma zi\u0146ojums 2024. &#8211; 2025 m\u0101c\u012bbu gads<\/strong><\/a><\/td><\/tr><tr><td><a href=\"https:\/\/pumpuruvsk.jurmala.lv\/wp-content\/uploads\/2024\/07\/Atbalsta-kom_darb_reglaments-JPV-1.pdf\"><img decoding=\"async\" style=\"width: 70px;\" src=\"https:\/\/pumpuruvsk.jurmala.lv\/wp-content\/uploads\/2024\/07\/PDF-removebg-preview-1.png\" alt=\"\"><\/a><\/td><td><a href=\"https:\/\/pumpuruvsk.jurmala.lv\/wp-content\/uploads\/2024\/12\/2024-5_Atbalsta-kom-reglaments.pdf\"><strong>J\u016brmalas valstspils\u0113tas Pumpuru vidusskolas atbalsta komandas darb\u012bbas reglaments<\/strong><\/a><\/td><\/tr><tr><td><img decoding=\"async\" width=\"70\" height=\"83\" class=\"wp-image-902\" style=\"width: 70px;\" src=\"https:\/\/pumpuruvsk.jurmala.lv\/wp-content\/uploads\/2024\/07\/PDF-removebg-preview-1.png\" alt=\"\"><\/td><td><a href=\"https:\/\/pumpuruvsk.jurmala.lv\/wp-content\/uploads\/2026\/03\/1.15-2-26.g_Garderobes-skapisu-lietosanas-kartiba.pdf\"><strong>Garderobes skap\u012b\u0161u lieto\u0161anas k\u0101rt\u012bba<\/strong><\/a><\/td><\/tr><tr><td><a href=\"https:\/\/pumpuruvsk.jurmala.lv\/wp-content\/uploads\/2024\/11\/Kartiba-par-izglitojamo-vecaku-un-citu-personu-uzturesanos_labots2611-1.pdf\"><img decoding=\"async\" style=\"width: 70px;\" src=\"https:\/\/pumpuruvsk.jurmala.lv\/wp-content\/uploads\/2024\/07\/PDF-removebg-preview-1.png\" alt=\"\"><\/a><\/td><td><a href=\"https:\/\/pumpuruvsk.jurmala.lv\/wp-content\/uploads\/2024\/11\/Kartiba-par-izglitojamo-vecaku-un-citu-personu-uzturesanos_labots2611-1.pdf\"><strong>&nbsp;K\u0101rt\u012bba par izgl\u012btojamo vec\u0101ku un citu personu uztur\u0113\u0161anos<\/strong><br><strong>J\u016brmalas Valstspils\u0113tas Pumpuru vidusskol\u0101<\/strong><\/a><\/td><\/tr><tr><td><a href=\"https:\/\/pumpuruvsk.jurmala.lv\/wp-content\/uploads\/2025\/01\/2024-4_kavejumi_2024_ieksejie-noteikumi.pdf\"><img decoding=\"async\" style=\"width: 70px;\" src=\"https:\/\/pumpuruvsk.jurmala.lv\/wp-content\/uploads\/2024\/07\/PDF-removebg-preview-1.png\" alt=\"\"><\/a><\/td><td><a href=\"https:\/\/pumpuruvsk.jurmala.lv\/wp-content\/uploads\/2025\/01\/2024-4_kavejumi_2024_ieksejie-noteikumi.pdf\"><strong>J\u016brmalas valstspils\u0113tas Pumpuru vidusskolas k\u0101rt\u012bba, k\u0101d\u0101 re\u0123istr\u0113 izgl\u012btojamo neiera\u0161anos izgl\u012bt\u012bbas iest\u0101d\u0113 un r\u012bc\u012bba neattaisnotu kav\u0113jumu nov\u0113r\u0161anai<\/strong><\/a><\/td><\/tr><tr><td><img decoding=\"async\" width=\"70\" height=\"83\" class=\"wp-image-902\" style=\"width: 70px;\" src=\"https:\/\/pumpuruvsk.jurmala.lv\/wp-content\/uploads\/2024\/07\/PDF-removebg-preview-1.png\" alt=\"\"><\/td><td><a href=\"https:\/\/pumpuruvsk.jurmala.lv\/wp-content\/uploads\/2026\/03\/1.15-17_Pagarin-dienas-grupas-reglaments-2026.pdf\"><strong>J\u016brmalas valstspils\u0113tas Pumpuru vidusskolas<br>pagarin\u0101t\u0101s dienas grupas reglaments<\/strong><\/a><\/td><\/tr><tr><td><a href=\"https:\/\/pumpuruvsk.jurmala.lv\/wp-content\/uploads\/2024\/09\/JVPV-skolenu-macibu-sasnieguma-vertesanas-kartiba.pdf\"><img decoding=\"async\" style=\"width: 70px;\" src=\"https:\/\/pumpuruvsk.jurmala.lv\/wp-content\/uploads\/2024\/07\/PDF-removebg-preview-1.png\" alt=\"\"><\/a><\/td><td><a href=\"https:\/\/pumpuruvsk.jurmala.lv\/wp-content\/uploads\/2025\/09\/1.15-9_JVPV-skolenu-macibu-sasnieguma-vertesanas-kartiba.pdf\"><strong>Skol\u0113nu m\u0101c\u012bbu sniegumu v\u0113rt\u0113\u0161anas k\u0101rt\u012bba<\/strong><\/a><\/td><\/tr><tr><td><a href=\"https:\/\/pumpuruvsk.jurmala.lv\/wp-content\/uploads\/2025\/01\/1.15-3_Metodiskas-padomes_jomu-reglaments.pdf\"><img decoding=\"async\" style=\"width: 70px;\" src=\"https:\/\/pumpuruvsk.jurmala.lv\/wp-content\/uploads\/2024\/07\/PDF-removebg-preview-1.png\" alt=\"\"><\/a><\/td><td><a href=\"https:\/\/pumpuruvsk.jurmala.lv\/wp-content\/uploads\/2025\/01\/1.15-3_Metodiskas-padomes_jomu-reglaments.pdf\"><strong>Metodisk\u0101s padomes un metodisko jomu reglaments<\/strong><\/a><\/td><\/tr><tr><td><a href=\"https:\/\/pumpuruvsk.jurmala.lv\/wp-content\/uploads\/2024\/08\/met_pad_reg_2019-1.pdf\"><img decoding=\"async\" style=\"width: 70px;\" src=\"https:\/\/pumpuruvsk.jurmala.lv\/wp-content\/uploads\/2024\/07\/PDF-removebg-preview-1.png\" alt=\"\"><\/a><\/td><td><strong><a href=\"https:\/\/pumpuruvsk.jurmala.lv\/wordpress\/wp-content\/uploads\/2024\/08\/infekcija.pdf\">J\u016brmalas valstspils\u0113tas Pumpuru vidusskolas k\u0101rt\u012bba, k\u0101d\u0101 r\u012bkojas b\u0113rna infekcijas slim\u012bbu gad\u012bjumos<\/a><\/strong><\/td><\/tr><tr><td><a href=\"https:\/\/pumpuruvsk.jurmala.lv\/wp-content\/uploads\/2024\/10\/zpd_vadlinijas_04_10.docx\"><img decoding=\"async\" style=\"width: 70px;\" src=\"https:\/\/pumpuruvsk.jurmala.lv\/wp-content\/uploads\/2024\/07\/PDF-removebg-preview-1.png\" alt=\"\"><\/a><\/td><td><a href=\"https:\/\/pumpuruvsk.jurmala.lv\/wp-content\/uploads\/2024\/10\/zpd_vadlinijas_04_10.docx\" target=\"_blank\" rel=\"noreferrer noopener\"><strong>Vadl\u012bnijas skol\u0113nu zin\u0101tnisk\u0101s p\u0113tniec\u012bbas darbu izstr\u0101dei un v\u0113rt\u0113\u0161anai<\/strong><\/a><\/td><\/tr><tr><td><a href=\"https:\/\/pumpuruvsk.jurmala.lv\/wp-content\/uploads\/2024\/10\/zpd_49_nolikums_01_10_1.docx\"><img decoding=\"async\" style=\"width: 70px;\" src=\"https:\/\/pumpuruvsk.jurmala.lv\/wp-content\/uploads\/2024\/07\/PDF-removebg-preview-1.png\" alt=\"\"><\/a><\/td><td><a href=\"https:\/\/pumpuruvsk.jurmala.lv\/wp-content\/uploads\/2024\/10\/zpd_49_nolikums_01_10_1.docx\"><strong>Latvijas skol\u0113nu 49. zin\u0101tnisk\u0101s p\u0113tniec\u012bbas darbu konferences<\/strong><br><strong>nolikums<\/strong><\/a><\/td><\/tr><tr><td><a href=\"https:\/\/pumpuruvsk.jurmala.lv\/wp-content\/uploads\/2024\/10\/2024-9_sporta-laukums_ieksejie-noteikumi.pdf\"><img decoding=\"async\" style=\"width: 70px;\" src=\"https:\/\/pumpuruvsk.jurmala.lv\/wp-content\/uploads\/2024\/07\/PDF-removebg-preview-1.png\" alt=\"\"><\/a><\/td><td><a href=\"https:\/\/pumpuruvsk.jurmala.lv\/wp-content\/uploads\/2024\/10\/2024-9_sporta-laukums_ieksejie-noteikumi.pdf\"><strong>J\u016brmalas valstspils\u0113tas Pumpuru vidusskolas sporta laukuma uztur\u0113\u0161an\u0101s noteikumi<\/strong><\/a><\/td><\/tr><tr><td><a href=\"https:\/\/www.jc.gov.lv\/lv\/valsts-aizsardzibas-maciba\"><img decoding=\"async\" style=\"width: 70px;\" src=\"https:\/\/pumpuruvsk.jurmala.lv\/wp-content\/uploads\/2024\/07\/PDF-removebg-preview-1.png\" alt=\"\"><\/a><\/td><td><a href=\"https:\/\/www.jc.gov.lv\/lv\/valsts-aizsardzibas-maciba\"><strong>Valsts aizsardz\u012bbas m\u0101c\u012bba<\/strong><\/a><\/td><\/tr><tr><td><a href=\"https:\/\/pumpuruvsk.jurmala.lv\/wp-content\/uploads\/2024\/12\/Maksas_pakalp_L0657.pdf\"><img decoding=\"async\" width=\"70\" height=\"83\" class=\"wp-image-902\" style=\"width: 70px;\" src=\"https:\/\/pumpuruvsk.jurmala.lv\/wp-content\/uploads\/2024\/07\/PDF-removebg-preview-1.png\" alt=\"\"><\/a><\/td><td><a href=\"https:\/\/pumpuruvsk.jurmala.lv\/wp-content\/uploads\/2024\/12\/Maksas_pakalp_L0657.pdf\"><strong>Par J\u016brmalas valstspils\u0113tas Pumpuru vidusskolas maksas pakalpojumiem<\/strong><\/a><\/td><\/tr><tr><td><a href=\"https:\/\/pumpuruvsk.jurmala.lv\/wp-content\/uploads\/2025\/01\/1.15-1_Skolas-padomes-reglam.pdf\"><img decoding=\"async\" width=\"70\" height=\"83\" class=\"wp-image-902\" style=\"width: 70px;\" src=\"https:\/\/pumpuruvsk.jurmala.lv\/wp-content\/uploads\/2024\/07\/PDF-removebg-preview-1.png\" alt=\"\"><\/a><\/td><td><strong><a href=\"https:\/\/pumpuruvsk.jurmala.lv\/wp-content\/uploads\/2025\/01\/1.15-1_Skolas-padomes-reglam.pdf\">Skolas padomes reglaments<\/a><\/strong><\/td><\/tr><tr><td><a href=\"https:\/\/pumpuruvsk.jurmala.lv\/wp-content\/uploads\/2025\/01\/1.15-2_ieksejas-kartibas-noteikumi-Sporta-laukumos.pdf\"><img decoding=\"async\" width=\"70\" height=\"83\" class=\"wp-image-902\" style=\"width: 70px;\" src=\"https:\/\/pumpuruvsk.jurmala.lv\/wp-content\/uploads\/2024\/07\/PDF-removebg-preview-1.png\" alt=\"\"><\/a><\/td><td><a href=\"https:\/\/pumpuruvsk.jurmala.lv\/wp-content\/uploads\/2025\/01\/1.15-2_ieksejas-kartibas-noteikumi-Sporta-laukumos.pdf\"><strong>J\u016brmalas valstspils\u0113tas Pumpuru vidusskolas<\/strong> <strong>iek\u0161\u0113j\u0101s k\u0101rt\u012bbas noteikumi sporta laukumos Lielupes iel\u0101 21<\/strong><\/a><\/td><\/tr><tr><td><a href=\"https:\/\/pumpuruvsk.jurmala.lv\/wp-content\/uploads\/2025\/06\/Stundu-plans.pdf\"><img decoding=\"async\" width=\"70\" height=\"83\" class=\"wp-image-902\" style=\"width: 70px;\" src=\"https:\/\/pumpuruvsk.jurmala.lv\/wp-content\/uploads\/2024\/07\/PDF-removebg-preview-1.png\" alt=\"\"><\/a><\/td><td><a href=\"https:\/\/pumpuruvsk.jurmala.lv\/wp-content\/uploads\/2025\/06\/Stundu-plans.pdf\"><strong>J\u016brmalas valstspils\u0113tas Pumpuru vidusskolas m\u0101c\u012bbu priek\u0161metu un m\u0101c\u012bbu stundu pl\u0101ns no 2025.gada 1.septembra<\/strong><\/a><\/td><\/tr><tr><td><img decoding=\"async\" style=\"width: 70px;\" src=\"https:\/\/pumpuruvsk.jurmala.lv\/wp-content\/uploads\/2024\/07\/PDF-removebg-preview-1.png\" alt=\"\"><\/td><td><strong><a href=\"https:\/\/pumpuruvsk.jurmala.lv\/wp-content\/uploads\/2025\/10\/1.15-12_E_klases_lietosanas_noteikumi_JvPv_2025.pdf\">E-klases (elektronisk\u0101 \u017eurn\u0101la) lieto\u0161anas un aizpild\u012b\u0161anas k\u0101rt\u012bba<\/a><\/strong><\/td><\/tr><tr><td><img decoding=\"async\" width=\"70\" height=\"83\" class=\"wp-image-902\" style=\"width: 70px;\" src=\"https:\/\/pumpuruvsk.jurmala.lv\/wp-content\/uploads\/2024\/07\/PDF-removebg-preview-1.png\" alt=\"\"><\/td><td><a href=\"https:\/\/pumpuruvsk.jurmala.lv\/wp-content\/uploads\/2025\/10\/1.15-7_JvPv_bibliotekas_reglaments.pdf\"><strong>J\u016brmalas valstspils\u0113tas Pumpuru vidusskolas bibliot\u0113kas<\/strong> <strong>reglaments<\/strong><\/a><\/td><\/tr><tr><td><img decoding=\"async\" width=\"70\" height=\"83\" class=\"wp-image-902\" style=\"width: 70px;\" src=\"https:\/\/pumpuruvsk.jurmala.lv\/wp-content\/uploads\/2024\/07\/PDF-removebg-preview-1.png\" alt=\"\"><\/td><td><a href=\"https:\/\/pumpuruvsk.jurmala.lv\/wp-content\/uploads\/2025\/10\/1.15-15_Bibliotekas-un-lasitavas-lietosanas-noteikumi_Projekts.pdf\"><strong>J\u016brmalas valstspils\u0113tas Pumpuru vidusskolas<\/strong> <strong>bibliot\u0113kas un las\u012btavas lieto\u0161anas noteikumi<\/strong><\/a><\/td><\/tr><\/tbody><\/table><\/figure>\n","protected":false},"excerpt":{"rendered":"<p>J\u016brmalas valstspils\u0113tas Pumpuru vidusskolas nolikums J\u016brmalas valstspils\u0113tas Pumpuru vidusskolas iek\u0161\u0113j\u0101s k\u0101rt\u012bbas noteikumiGroz\u012bjumi &#8220;J\u016brmalas valstspils\u0113tas Pumpuru vidusskolas iek\u0161\u0113j\u0101s k\u0101rt\u012bbas noteikumi&#8221; (turniketi)Groz\u012bjumi &#8220;J\u016brmalas valstspils\u0113tas Pumpuru vidusskolas iek\u0161\u0113j\u0101s k\u0101rt\u012bbas noteikumu&#8221; Izgl\u012btojamo un t\u0101 likumisk\u0101 p\u0101rst\u0101vja s\u016bdz\u012bbu iesnieg\u0161anas un izskat\u012b\u0161anas k\u0101rt\u012bba Pa\u0161nov\u0113rt\u0113juma zi\u0146ojums 2024. &#8211; 2025 m\u0101c\u012bbu gads J\u016brmalas valstspils\u0113tas Pumpuru vidusskolas atbalsta komandas darb\u012bbas reglaments Garderobes skap\u012b\u0161u lieto\u0161anas&#8230;<\/p>\n","protected":false},"author":1,"featured_media":0,"parent":0,"menu_order":0,"comment_status":"closed","ping_status":"closed","template":"","meta":{"footnotes":""},"class_list":["post-897","page","type-page","status-publish","hentry"],"yoast_head":"<!-- This site is optimized with the Yoast SEO plugin v23.1 - https:\/\/yoast.com\/wordpress\/plugins\/seo\/ -->\n<title>NORMAT\u012aVIE DOKUMENTI - J\u016aRMALAS VALSTSPILS\u0112TAS PUMPURU VIDUSSKOLA<\/title>\n<meta name=\"robots\" content=\"index, follow, max-snippet:-1, max-image-preview:large, max-video-preview:-1\" \/>\n<link rel=\"canonical\" href=\"https:\/\/pumpuruvsk.jurmala.lv\/?page_id=897\" \/>\n<meta property=\"og:locale\" content=\"lv_LV\" \/>\n<meta property=\"og:type\" content=\"article\" \/>\n<meta property=\"og:title\" content=\"NORMAT\u012aVIE DOKUMENTI - J\u016aRMALAS VALSTSPILS\u0112TAS PUMPURU VIDUSSKOLA\" \/>\n<meta property=\"og:description\" content=\"J\u016brmalas valstspils\u0113tas Pumpuru vidusskolas nolikums J\u016brmalas valstspils\u0113tas Pumpuru vidusskolas iek\u0161\u0113j\u0101s k\u0101rt\u012bbas noteikumiGroz\u012bjumi &#8220;J\u016brmalas valstspils\u0113tas Pumpuru vidusskolas iek\u0161\u0113j\u0101s k\u0101rt\u012bbas noteikumi&#8221; (turniketi)Groz\u012bjumi &#8220;J\u016brmalas valstspils\u0113tas Pumpuru vidusskolas iek\u0161\u0113j\u0101s k\u0101rt\u012bbas noteikumu&#8221; Izgl\u012btojamo un t\u0101 likumisk\u0101 p\u0101rst\u0101vja s\u016bdz\u012bbu iesnieg\u0161anas un izskat\u012b\u0161anas k\u0101rt\u012bba Pa\u0161nov\u0113rt\u0113juma zi\u0146ojums 2024. &#8211; 2025 m\u0101c\u012bbu gads J\u016brmalas valstspils\u0113tas Pumpuru vidusskolas atbalsta komandas darb\u012bbas reglaments Garderobes skap\u012b\u0161u lieto\u0161anas...\" \/>\n<meta property=\"og:url\" content=\"https:\/\/pumpuruvsk.jurmala.lv\/?page_id=897\" \/>\n<meta property=\"og:site_name\" content=\"J\u016aRMALAS VALSTSPILS\u0112TAS PUMPURU VIDUSSKOLA\" \/>\n<meta property=\"article:publisher\" content=\"https:\/\/www.facebook.com\/people\/Jrmalas-valstspilstas-Pumpuru-vidusskola\/61565829730579\/\" \/>\n<meta property=\"article:modified_time\" content=\"2026-03-25T09:45:39+00:00\" \/>\n<meta property=\"og:image\" content=\"https:\/\/pumpuruvsk.jurmala.lv\/wp-content\/uploads\/2024\/07\/PDF-removebg-preview-1.png\" \/>\n<meta name=\"twitter:card\" content=\"summary_large_image\" \/>\n<meta name=\"twitter:label1\" content=\"Est. reading time\" \/>\n\t<meta name=\"twitter:data1\" content=\"6 min\u016btes\" \/>\n<script type=\"application\/ld+json\" class=\"yoast-schema-graph\">{\"@context\":\"https:\/\/schema.org\",\"@graph\":[{\"@type\":\"WebPage\",\"@id\":\"https:\/\/pumpuruvsk.jurmala.lv\/?page_id=897\",\"url\":\"https:\/\/pumpuruvsk.jurmala.lv\/?page_id=897\",\"name\":\"NORMAT\u012aVIE DOKUMENTI - J\u016aRMALAS VALSTSPILS\u0112TAS PUMPURU VIDUSSKOLA\",\"isPartOf\":{\"@id\":\"https:\/\/pumpuruvsk.jurmala.lv\/#website\"},\"primaryImageOfPage\":{\"@id\":\"https:\/\/pumpuruvsk.jurmala.lv\/?page_id=897#primaryimage\"},\"image\":{\"@id\":\"https:\/\/pumpuruvsk.jurmala.lv\/?page_id=897#primaryimage\"},\"thumbnailUrl\":\"https:\/\/pumpuruvsk.jurmala.lv\/wp-content\/uploads\/2024\/07\/PDF-removebg-preview-1.png\",\"datePublished\":\"2024-07-26T15:48:38+00:00\",\"dateModified\":\"2026-03-25T09:45:39+00:00\",\"breadcrumb\":{\"@id\":\"https:\/\/pumpuruvsk.jurmala.lv\/?page_id=897#breadcrumb\"},\"inLanguage\":\"lv-LV\",\"potentialAction\":[{\"@type\":\"ReadAction\",\"target\":[\"https:\/\/pumpuruvsk.jurmala.lv\/?page_id=897\"]}]},{\"@type\":\"ImageObject\",\"inLanguage\":\"lv-LV\",\"@id\":\"https:\/\/pumpuruvsk.jurmala.lv\/?page_id=897#primaryimage\",\"url\":\"https:\/\/pumpuruvsk.jurmala.lv\/wp-content\/uploads\/2024\/07\/PDF-removebg-preview-1.png\",\"contentUrl\":\"https:\/\/pumpuruvsk.jurmala.lv\/wp-content\/uploads\/2024\/07\/PDF-removebg-preview-1.png\",\"width\":191,\"height\":226},{\"@type\":\"BreadcrumbList\",\"@id\":\"https:\/\/pumpuruvsk.jurmala.lv\/?page_id=897#breadcrumb\",\"itemListElement\":[{\"@type\":\"ListItem\",\"position\":1,\"name\":\"Home\",\"item\":\"https:\/\/pumpuruvsk.jurmala.lv\/\"},{\"@type\":\"ListItem\",\"position\":2,\"name\":\"NORMAT\u012aVIE DOKUMENTI\"}]},{\"@type\":\"WebSite\",\"@id\":\"https:\/\/pumpuruvsk.jurmala.lv\/#website\",\"url\":\"https:\/\/pumpuruvsk.jurmala.lv\/\",\"name\":\"J\u016aRMALAS VALSTSPILS\u0112TAS PUMPURU VIDUSSKOLA.\",\"description\":\"SKOLA IZAUGSMEI\",\"publisher\":{\"@id\":\"https:\/\/pumpuruvsk.jurmala.lv\/#organization\"},\"potentialAction\":[{\"@type\":\"SearchAction\",\"target\":{\"@type\":\"EntryPoint\",\"urlTemplate\":\"https:\/\/pumpuruvsk.jurmala.lv\/?s={search_term_string}\"},\"query-input\":\"required name=search_term_string\"}],\"inLanguage\":\"lv-LV\"},{\"@type\":\"Organization\",\"@id\":\"https:\/\/pumpuruvsk.jurmala.lv\/#organization\",\"name\":\"J\u016aRMALAS VALSTSPILS\u0112TAS PUMPURU VIDUSSKOLA\",\"url\":\"https:\/\/pumpuruvsk.jurmala.lv\/\",\"logo\":{\"@type\":\"ImageObject\",\"inLanguage\":\"lv-LV\",\"@id\":\"https:\/\/pumpuruvsk.jurmala.lv\/#\/schema\/logo\/image\/\",\"url\":\"https:\/\/pumpuruvsk.jurmala.lv\/wp-content\/uploads\/2024\/02\/cropped-cropped-JPV-mazais-1-2.png\",\"contentUrl\":\"https:\/\/pumpuruvsk.jurmala.lv\/wp-content\/uploads\/2024\/02\/cropped-cropped-JPV-mazais-1-2.png\",\"width\":4500,\"height\":4500,\"caption\":\"J\u016aRMALAS VALSTSPILS\u0112TAS PUMPURU VIDUSSKOLA\"},\"image\":{\"@id\":\"https:\/\/pumpuruvsk.jurmala.lv\/#\/schema\/logo\/image\/\"},\"sameAs\":[\"https:\/\/www.facebook.com\/people\/Jrmalas-valstspilstas-Pumpuru-vidusskola\/61565829730579\/\"]}]}<\/script>\n<!-- \/ Yoast SEO plugin. -->","yoast_head_json":{"title":"NORMAT\u012aVIE DOKUMENTI - J\u016aRMALAS VALSTSPILS\u0112TAS PUMPURU VIDUSSKOLA","robots":{"index":"index","follow":"follow","max-snippet":"max-snippet:-1","max-image-preview":"max-image-preview:large","max-video-preview":"max-video-preview:-1"},"canonical":"https:\/\/pumpuruvsk.jurmala.lv\/?page_id=897","og_locale":"lv_LV","og_type":"article","og_title":"NORMAT\u012aVIE DOKUMENTI - J\u016aRMALAS VALSTSPILS\u0112TAS PUMPURU VIDUSSKOLA","og_description":"J\u016brmalas valstspils\u0113tas Pumpuru vidusskolas nolikums J\u016brmalas valstspils\u0113tas Pumpuru vidusskolas iek\u0161\u0113j\u0101s k\u0101rt\u012bbas noteikumiGroz\u012bjumi &#8220;J\u016brmalas valstspils\u0113tas Pumpuru vidusskolas iek\u0161\u0113j\u0101s k\u0101rt\u012bbas noteikumi&#8221; (turniketi)Groz\u012bjumi &#8220;J\u016brmalas valstspils\u0113tas Pumpuru vidusskolas iek\u0161\u0113j\u0101s k\u0101rt\u012bbas noteikumu&#8221; Izgl\u012btojamo un t\u0101 likumisk\u0101 p\u0101rst\u0101vja s\u016bdz\u012bbu iesnieg\u0161anas un izskat\u012b\u0161anas k\u0101rt\u012bba Pa\u0161nov\u0113rt\u0113juma zi\u0146ojums 2024. &#8211; 2025 m\u0101c\u012bbu gads J\u016brmalas valstspils\u0113tas Pumpuru vidusskolas atbalsta komandas darb\u012bbas reglaments Garderobes skap\u012b\u0161u lieto\u0161anas...","og_url":"https:\/\/pumpuruvsk.jurmala.lv\/?page_id=897","og_site_name":"J\u016aRMALAS VALSTSPILS\u0112TAS PUMPURU VIDUSSKOLA","article_publisher":"https:\/\/www.facebook.com\/people\/Jrmalas-valstspilstas-Pumpuru-vidusskola\/61565829730579\/","article_modified_time":"2026-03-25T09:45:39+00:00","og_image":[{"url":"https:\/\/pumpuruvsk.jurmala.lv\/wp-content\/uploads\/2024\/07\/PDF-removebg-preview-1.png"}],"twitter_card":"summary_large_image","twitter_misc":{"Est. reading time":"6 min\u016btes"},"schema":{"@context":"https:\/\/schema.org","@graph":[{"@type":"WebPage","@id":"https:\/\/pumpuruvsk.jurmala.lv\/?page_id=897","url":"https:\/\/pumpuruvsk.jurmala.lv\/?page_id=897","name":"NORMAT\u012aVIE DOKUMENTI - J\u016aRMALAS VALSTSPILS\u0112TAS PUMPURU VIDUSSKOLA","isPartOf":{"@id":"https:\/\/pumpuruvsk.jurmala.lv\/#website"},"primaryImageOfPage":{"@id":"https:\/\/pumpuruvsk.jurmala.lv\/?page_id=897#primaryimage"},"image":{"@id":"https:\/\/pumpuruvsk.jurmala.lv\/?page_id=897#primaryimage"},"thumbnailUrl":"https:\/\/pumpuruvsk.jurmala.lv\/wp-content\/uploads\/2024\/07\/PDF-removebg-preview-1.png","datePublished":"2024-07-26T15:48:38+00:00","dateModified":"2026-03-25T09:45:39+00:00","breadcrumb":{"@id":"https:\/\/pumpuruvsk.jurmala.lv\/?page_id=897#breadcrumb"},"inLanguage":"lv-LV","potentialAction":[{"@type":"ReadAction","target":["https:\/\/pumpuruvsk.jurmala.lv\/?page_id=897"]}]},{"@type":"ImageObject","inLanguage":"lv-LV","@id":"https:\/\/pumpuruvsk.jurmala.lv\/?page_id=897#primaryimage","url":"https:\/\/pumpuruvsk.jurmala.lv\/wp-content\/uploads\/2024\/07\/PDF-removebg-preview-1.png","contentUrl":"https:\/\/pumpuruvsk.jurmala.lv\/wp-content\/uploads\/2024\/07\/PDF-removebg-preview-1.png","width":191,"height":226},{"@type":"BreadcrumbList","@id":"https:\/\/pumpuruvsk.jurmala.lv\/?page_id=897#breadcrumb","itemListElement":[{"@type":"ListItem","position":1,"name":"Home","item":"https:\/\/pumpuruvsk.jurmala.lv\/"},{"@type":"ListItem","position":2,"name":"NORMAT\u012aVIE DOKUMENTI"}]},{"@type":"WebSite","@id":"https:\/\/pumpuruvsk.jurmala.lv\/#website","url":"https:\/\/pumpuruvsk.jurmala.lv\/","name":"J\u016aRMALAS VALSTSPILS\u0112TAS PUMPURU VIDUSSKOLA.","description":"SKOLA IZAUGSMEI","publisher":{"@id":"https:\/\/pumpuruvsk.jurmala.lv\/#organization"},"potentialAction":[{"@type":"SearchAction","target":{"@type":"EntryPoint","urlTemplate":"https:\/\/pumpuruvsk.jurmala.lv\/?s={search_term_string}"},"query-input":"required name=search_term_string"}],"inLanguage":"lv-LV"},{"@type":"Organization","@id":"https:\/\/pumpuruvsk.jurmala.lv\/#organization","name":"J\u016aRMALAS VALSTSPILS\u0112TAS PUMPURU VIDUSSKOLA","url":"https:\/\/pumpuruvsk.jurmala.lv\/","logo":{"@type":"ImageObject","inLanguage":"lv-LV","@id":"https:\/\/pumpuruvsk.jurmala.lv\/#\/schema\/logo\/image\/","url":"https:\/\/pumpuruvsk.jurmala.lv\/wp-content\/uploads\/2024\/02\/cropped-cropped-JPV-mazais-1-2.png","contentUrl":"https:\/\/pumpuruvsk.jurmala.lv\/wp-content\/uploads\/2024\/02\/cropped-cropped-JPV-mazais-1-2.png","width":4500,"height":4500,"caption":"J\u016aRMALAS VALSTSPILS\u0112TAS PUMPURU VIDUSSKOLA"},"image":{"@id":"https:\/\/pumpuruvsk.jurmala.lv\/#\/schema\/logo\/image\/"},"sameAs":["https:\/\/www.facebook.com\/people\/Jrmalas-valstspilstas-Pumpuru-vidusskola\/61565829730579\/"]}]}},"_links":{"self":[{"href":"https:\/\/pumpuruvsk.jurmala.lv\/index.php?rest_route=\/wp\/v2\/pages\/897","targetHints":{"allow":["GET"]}}],"collection":[{"href":"https:\/\/pumpuruvsk.jurmala.lv\/index.php?rest_route=\/wp\/v2\/pages"}],"about":[{"href":"https:\/\/pumpuruvsk.jurmala.lv\/index.php?rest_route=\/wp\/v2\/types\/page"}],"author":[{"embeddable":true,"href":"https:\/\/pumpuruvsk.jurmala.lv\/index.php?rest_route=\/wp\/v2\/users\/1"}],"replies":[{"embeddable":true,"href":"https:\/\/pumpuruvsk.jurmala.lv\/index.php?rest_route=%2Fwp%2Fv2%2Fcomments&post=897"}],"version-history":[{"count":106,"href":"https:\/\/pumpuruvsk.jurmala.lv\/index.php?rest_route=\/wp\/v2\/pages\/897\/revisions"}],"predecessor-version":[{"id":6997,"href":"https:\/\/pumpuruvsk.jurmala.lv\/index.php?rest_route=\/wp\/v2\/pages\/897\/revisions\/6997"}],"wp:attachment":[{"href":"https:\/\/pumpuruvsk.jurmala.lv\/index.php?rest_route=%2Fwp%2Fv2%2Fmedia&parent=897"}],"curies":[{"name":"wp","href":"https:\/\/api.w.org\/{rel}","templated":true}]}}