{"id":991,"date":"2024-07-26T21:52:14","date_gmt":"2024-07-26T19:52:14","guid":{"rendered":"https:\/\/pumpuruvsk.jurmala.lv\/wordpress\/?page_id=991"},"modified":"2026-02-13T09:20:03","modified_gmt":"2026-02-13T07:20:03","slug":"pedagogi-2","status":"publish","type":"page","link":"https:\/\/pumpuruvsk.jurmala.lv\/?page_id=991","title":{"rendered":"PEDAGOGI"},"content":{"rendered":"\n<figure class=\"wp-block-table is-style-stripes\"><table><thead><tr><th>PEDAGOGA V\u0100RDS, UZV\u0100RDS<\/th><th>PRIEK\u0160METS\/I<\/th><\/tr><\/thead><tbody><tr><td>Aizups J\u0101nis<\/td><td>Dizains un tehnolo\u0123ijas, In\u017eenierzin\u012bbas<\/td><\/tr><tr><td>Auz\u0101ne Alita<\/td><td>Latvijas un pasaules v\u0113sture, Soci\u0101l\u0101s zin\u012bbas<\/td><\/tr><tr><td>Avsejenkova Nata\u013cja<\/td><td>Dabaszin\u012bbas, Matem\u0101tika, Latvie\u0161u valoda, Literat\u016bra, Soci\u0101l\u0101s zin\u012bbas, Klases stunda<\/td><\/tr><tr><td>Be\u013c\u0113vi\u010da Irina<\/td><td>Ang\u013cu valoda, Ang\u013cu valoda I<\/td><\/tr><tr><td>Bicjutko Tatjana<\/td><td>Ang\u013cu valoda I, Ang\u013cu valoda II<\/td><\/tr><tr><td>Binders Roberts<\/td><td>Fizika, Fizika I<\/td><\/tr><tr><td>Boldireva Anastasija<\/td><td>Latvie\u0161u valoda, Literat\u016bra, Te\u0101tra m\u0101ksla,  Klases stunda<\/td><\/tr><tr><td>Boldireva Reg\u012bna<\/td><td>Krievu valoda<\/td><\/tr><tr><td>Bru\u0146eniece Ausma<\/td><td>Fizika II, Astronomija, Projekta darbs<\/td><\/tr><tr><td>Br\u016bna Agrita<\/td><td>Latvie\u0161u valoda, Literat\u016bra, Te\u0101tra m\u0101ksla, Kult\u016bra un m\u0101ksla I (Te\u0101tris), Publisk\u0101 uzst\u0101\u0161an\u0101s, Te\u0101tris un dr\u0101ma, Klases stunda<\/td><\/tr><tr><td>Cukura Anemarija<\/td><td>M\u016bzika<\/td><\/tr><tr><td>Dak\u0161a Sanita<\/td><td>Latvie\u0161u valoda, Matem\u0101tika, Dabaszin\u012bbas, Dizains un tehnolo\u0123ijas, Soci\u0101l\u0101s zin\u012bbas, Vizu\u0101l\u0101 m\u0101ksla, Klases stunda<\/td><\/tr><tr><td>Embrekte Irita<\/td><td>Latvie\u0161u valoda, Latvie\u0161u valoda I, Literat\u016bra, Publisk\u0101 uzst\u0101\u0161an\u0101s, Klases stunda<\/td><\/tr><tr><td>Forstmane Inese<\/td><td>M\u016bzika<\/td><\/tr><tr><td>Garkule Simona<\/td><td>Ang\u013cu valoda<\/td><\/tr><tr><td>Gr\u012bsle Madara<\/td><td>Soci\u0101l\u0101s zin\u012bbas un v\u0113sture<\/td><\/tr><tr><td>Gulbe L\u012bga <\/td><td>Dizains un tehnolo\u0123ijas, Dizains un tehnologijas I, II, Ang\u013cu valoda II<\/td><\/tr><tr><td>Heinsbergs Kristaps<\/td><td>Sports un vesel\u012bba<\/td><\/tr><tr><td>Ievi\u0146a Anita<\/td><td>Latvie\u0161u valoda, Literat\u016bra, Matem\u0101tika, Te\u0101tra m\u0101ksla,  Klases stunda<\/td><\/tr><tr><td>Ivanovs Vit\u0101lijs<\/td><td>Datorika, Programm\u0113\u0161ana I<\/td><\/tr><tr><td>Kadi\u0137e Kar\u012bna<\/td><td>Latvie\u0161u valoda, Matem\u0101tika, Dabaszin\u012bbas, Dizains un tehnolo\u0123ijas, Soci\u0101l\u0101s zin\u012bbas un v\u0113sture, Vizu\u0101l\u0101 m\u0101ksla, Klases stunda<\/td><\/tr><tr><td>Kalnpurs Kristians<\/td><td>Fizika<\/td><\/tr><tr><td>Kir\u0161teine Liene<\/td><td>Dizains un tehnolo\u0123ijas, Vizu\u0101l\u0101 m\u0101ksla<\/td><\/tr><tr><td>Kise\u013covs Anatolijs<\/td><td>Fran\u010du valoda<\/td><\/tr><tr><td>Kn\u0101\u0137e Ieva<\/td><td>Klases stunda<\/td><\/tr><tr><td>Kra\u0123e Indra<\/td><td>Kult\u016bra un m\u0101ksla I (M\u016bzika), M\u016bzika, Sp\u0101\u0146u valoda<\/td><\/tr><tr><td>Kravinska Iveta<\/td><td>Soci\u0101l\u0101s zin\u0101tnes I, II (Ekonomika)<\/td><\/tr><tr><td>Kri\u017eus Signija<\/td><td>M\u016bzika, Klases stunda<\/td><\/tr><tr><td>Kronberga Rita<\/td><td>Latvie\u0161u valoda, Matem\u0101tika, Soci\u0101l\u0101s zin\u012bbas un v\u0113sture, Dizains un tehnolo\u0123ijas, Dabaszin\u012bbas,  Klases stunda<\/td><\/tr><tr><td>Kronberga Silva<\/td><td>V\u0101cu valoda, Klases stunda<\/td><\/tr><tr><td>\u0136emere Egija<\/td><td> V\u0101cu valoda, Klases stunda<\/td><\/tr><tr><td>\u0136emere Ligija<\/td><td>\u0122eogr\u0101fija, Soci\u0101l\u0101s zin\u0101tnes I (Politika un ties\u012bbas),  Klases stunda<\/td><\/tr><tr><td><br>\u0136emers M\u0101rti\u0146\u0161<\/td><td>Datorika, \u0122eogr\u0101fija, Klases stunda<\/td><\/tr><tr><td>\u0136irse Ligita<\/td><td>Matem\u0101tika I<\/td><\/tr><tr><td>Lagzdi\u0146a Vita<\/td><td>Latvie\u0161u valoda, Matem\u0101tika, Dabaszin\u012bbas, Dizains un tehnolo\u0123ijas, Vizu\u0101l\u0101 m\u0101ksla, Soci\u0101l\u0101s zin\u012bbas un v\u0113sture, Klases stunda<\/td><\/tr><tr><td>Leisa \u0112rika<\/td><td>Latvie\u0161u valoda, Literat\u016bra, Te\u0101tra m\u0101ksla, Dabaszin\u012bbas, Soci\u0101l\u0101s zin\u012bbas un v\u0113sture, Vizu\u0101l\u0101 m\u0101ksla, Klases stunda<\/td><\/tr><tr><td>Leji\u0146a Kristi\u0101na<\/td><td>Dabaszin\u012bbas, \u0122eogr\u0101fija, Klases stunda<\/td><\/tr><tr><td>Liepa M\u0101ris<\/td><td>Krimin\u0101listika, Iero\u010du un \u0161au\u0161anas apm\u0101c\u012bba<\/td><\/tr><tr><td>Liepi\u0146a Vineta<\/td><td>Latvie\u0161u valoda, Matem\u0101tika, Dabaszin\u012bbas, Dizains un tehnolo\u0123ijas, Vizu\u0101l\u0101 m\u0101ksla, Soci\u0101l\u0101s zin\u012bbas un v\u0113sture, Klases stunda<\/td><\/tr><tr><td>Li\u0123ere Aija<\/td><td>Dabaszin\u012bbas<\/td><\/tr><tr><td>Linde Daila<\/td><td>Latvie\u0161u valoda I, Latvie\u0161u valoda, Literat\u016bra, Te\u0101tra m\u0101ksla, Dizains un tehnolo\u0123ijas, Klases stunda<\/td><\/tr><tr><td>Lo\u010dmele Agnese<\/td><td>Ang\u013cu valoda, Klases stunda<\/td><\/tr><tr><td>Lorence Jana<\/td><td>Ang\u013cu valoda<\/td><\/tr><tr><td>Lufta Elita<\/td><td>Ang\u013cu valoda, Klases stunda<\/td><\/tr><tr><td>Meiere Aija<\/td><td>Latvie\u0161u valoda, Latvie\u0161u valoda I, Literat\u016bra, Literat\u016bra I, Publisk\u0101 uzst\u0101\u0161an\u0101s, Te\u0101tra m\u0101ksla<\/td><\/tr><tr><td>Meiers M\u0101ris<\/td><td>Sports un vesel\u012bba<\/td><\/tr><tr><td>Mierkalne Dace<\/td><td>Matem\u0101tika<\/td><\/tr><tr><td>Migl\u0101ne Inita<\/td><td>Latvie\u0161u valoda, Literat\u016bra, Klases stunda<\/td><\/tr><tr><td>Moisejevs Juris<\/td><td>Sports un vesel\u012bba<\/td><\/tr><tr><td>Morgunova J\u016blija<\/td><td>Datorika, Klases stunda<\/td><\/tr><tr><td>Morozova Anna<\/td><td>Ang\u013cu valoda<\/td><\/tr><tr><td>Nazarova Nelija<\/td><td>Matem\u0101tika, Soci\u0101l\u0101s zin\u012bbas un v\u0113sture, Vizu\u0101l\u0101 m\u0101ksla, Krievu valoda, Dizains un tehnolo\u0123ijas, Dabaszin\u012bbas, Klases stunda<\/td><\/tr><tr><td>Pakse Laure<\/td><td>Soci\u0101l\u0101s zin\u012bbas un v\u0113sture, Lavijas un pasaules, V\u0113sture I, Klases stunda<\/td><\/tr><tr><td>Pa\u013c\u010devska Anna<\/td><td>Ang\u013cu valoda<\/td><\/tr><tr><td>Pankratova Viktorija<\/td><td>Matem\u0101tika, Klases stunda<\/td><\/tr><tr><td>Pauli\u0146a Inta<\/td><td>\u0136\u012bmija, \u0136\u012bmija I, Klases stunda<\/td><\/tr><tr><td>P\u0113tersone Agita<\/td><td>Datorika, Matem\u0101tika, Klases stunda<\/td><\/tr><tr><td>Piotrovska Nat\u0101lija<\/td><td>Ang\u013cu valoda<\/td><\/tr><tr><td>Ponomarenko Ramona<\/td><td>Matem\u0101tika, Dabaszin\u012bbas, Soci\u0101l\u0101s zin\u012bbas un v\u0113sture, Klases stunda<\/td><\/tr><tr><td>Pr\u016bse Mud\u012bte<\/td><td>Biolo\u0123ija, Biolo\u0123ija I, \u0136\u012bmija I, II, Klases stunda<\/td><\/tr><tr><td>Ratniece Agnese<\/td><td>Ang\u013cu valoda I, II<\/td><\/tr><tr><td>Ratniece Dina<\/td><td>Kult\u016bra un m\u0101ksla I (Vizu\u0101l\u0101 m\u0101ksla), Kult\u016bra un m\u0101ksla II, Kult\u016bras pamati\/Vizu\u0101l\u0101 m\u0101ksla, Soci\u0101l\u0101s zin\u0101tnes I (Filozofija), Soci\u0101l\u0101s zin\u0101tnes I (Psiholo\u0123ija), Soci\u0101l\u0101s zin\u0101tnes II (\u0112tika), Soci\u0101l\u0101s zin\u0101tnes II (Filozofija), V\u0113sture I<\/td><\/tr><tr><td>R\u0101felds Edv\u012bns<\/td><td>Latvie\u0161u valoda, Literat\u016bra<\/td><\/tr><tr><td>Reini\u0146a Gita<\/td><td>Matem\u0101tika, Matem\u0101tika I, Matem\u0101tika II<\/td><\/tr><tr><td>Rosvalde Baiba<\/td><td>Matem\u0101tika<\/td><\/tr><tr><td>Rozen\u0161teina Je\u013cena<\/td><td>Ang\u013cu valoda<\/td><\/tr><tr><td>Ro\u0161iara Veronika<\/td><td>M\u016bzika<\/td><\/tr><tr><td>Rubenis P\u0113teris<\/td><td>Dabaszin\u012bbas, Dizains un tehnolo\u0123ijas, In\u017eenierzin\u012bbas<\/td><\/tr><tr><td>Ru\u0161i\u0146a Anita<\/td><td>Latvie\u0161u valoda, Literat\u016bra, Matem\u0101tika, Dabaszin\u012bbas, Dizains un tehnolo\u0123ijas, Soci\u0101l\u0101s zin\u012bbas un v\u0113sture, Te\u0101tra m\u0101ksla, Vizu\u0101l\u0101s m\u0101ksla, Klases stunda<\/td><\/tr><tr><td>Ruzule &#8211; Jaudzeme Agnija<\/td><td>Matem\u0101tika, Matem\u0101tika I, Klases stunda<\/td><\/tr><tr><td>Seme\u0161ina Svetlana<\/td><td>Vizu\u0101l\u0101 m\u0101ksla, Sports un vesel\u012bba, Klases stunda<\/td><\/tr><tr><td>Serkova Solveiga<\/td><td>Datorika<\/td><\/tr><tr><td>Silava Ieva<\/td><td>Dizains un tehnolo\u0123ijas, Dizains un tehnolo\u0123ijas I, Klases stunda<\/td><\/tr><tr><td>S\u012bpola L\u012bga<\/td><td>Klases stunda<\/td><\/tr><tr><td>Staltmanis Nauris<\/td><td>Biolo\u0123ija, \u0122eogr\u0101fija<\/td><\/tr><tr><td>Str\u0113lis Edgars<\/td><td>Sports un vesel\u012bba<\/td><\/tr><tr><td>Strode Maija<\/td><td>Latvie\u0161u valoda, Matem\u0101tika, Dabaszin\u012bbas, Soci\u0101l\u0101s zin\u012bbas un v\u0113sture, Klases stunda<\/td><\/tr><tr><td>\u0160teinberga Austra<\/td><td>Vizu\u0101l\u0101 m\u0101ksla, Soci\u0101l\u0101s zin\u012bbas un v\u0113sture, Klases stunda<\/td><\/tr><tr><td>\u0160tromane Ruta<\/td><td>Matem\u0101tika, Klases stunda<\/td><\/tr><tr><td>T\u0101re Ieva<\/td><td>Sports un  vesel\u012bba<\/td><\/tr><tr><td>Teihmanis Arturs<\/td><td>Matem\u0101tika II<\/td><\/tr><tr><td>Torstere Ilona<\/td><td>Latvie\u0161u valoda, Matem\u0101tika, Dabaszin\u012bbas, Dizains un tehnolo\u0123ijas, Vizu\u0101l\u0101 m\u0101ksla, Soci\u0101l\u0101s zin\u012bbas un v\u0113sture, Klases stunda<\/td><\/tr><tr><td>Urbac\u0101ns Andris <\/td><td>Datorika<\/td><\/tr><tr><td>Valnere Antra<\/td><td>Sports un vesel\u012bba<\/td><\/tr><tr><td>Vanaga J\u016bnija <\/td><td>V\u0113sture I, Latvijas un pasaules v\u0113sture, Soci\u0101l\u0101s  zin\u012bbas, Klases stunda<\/td><\/tr><tr><td>Vanc\u0101ne Dace<\/td><td>Latvie\u0161u valoda, Literat\u016bra, Klases stunda<\/td><\/tr><tr><td>Vanka Treifelds Elm\u0101rs<\/td><td>Biolo\u0123ija, Dabaszin\u012bbas<\/td><\/tr><tr><td>Vijupe V\u0113sma<\/td><td>Biolo\u0123ija, Biolo\u0123ija I, II<\/td><\/tr><tr><td>Vilci\u0146a Jana<\/td><td>Dabaszinibas, Dizains un tehnolo\u0123ijas, Latvie\u0161u valoda, Matem\u0101tika, Soci\u0101l\u0101s zin\u012bbas, Klases stunda<\/td><\/tr><tr><td>Volodjkova Larisa<\/td><td>Krievu valoda, Krievu valoda II<\/td><\/tr><tr><td>Zaikovska Vija<\/td><td>Krievu valoda, Klases stunda<\/td><\/tr><tr><td>Zods Ein\u0101rs<\/td><td>Pa\u0161aizsardz\u012bba un tuvc\u012b\u0146a<\/td><\/tr><tr><td>Zvirgzdi\u0146a Brigita<\/td><td>Latvie\u0161u valoda, Matem\u0101tika, Soci\u0101l\u0101s zin\u012bbas un v\u0113sture, Dabaszin\u012bbas, Klases stunda<\/td><\/tr><\/tbody><\/table><\/figure>\n\n\n\n<p><\/p>\n","protected":false},"excerpt":{"rendered":"<p>PEDAGOGA V\u0100RDS, UZV\u0100RDS PRIEK\u0160METS\/I Aizups J\u0101nis Dizains un tehnolo\u0123ijas, In\u017eenierzin\u012bbas Auz\u0101ne Alita Latvijas un pasaules v\u0113sture, Soci\u0101l\u0101s zin\u012bbas Avsejenkova Nata\u013cja Dabaszin\u012bbas, Matem\u0101tika, Latvie\u0161u valoda, Literat\u016bra, Soci\u0101l\u0101s zin\u012bbas, Klases stunda Be\u013c\u0113vi\u010da Irina Ang\u013cu valoda, Ang\u013cu valoda I Bicjutko Tatjana Ang\u013cu valoda I, Ang\u013cu valoda II Binders Roberts Fizika, Fizika I Boldireva Anastasija Latvie\u0161u valoda, Literat\u016bra, Te\u0101tra&#8230;<\/p>\n","protected":false},"author":1,"featured_media":0,"parent":0,"menu_order":0,"comment_status":"closed","ping_status":"closed","template":"","meta":{"footnotes":""},"class_list":["post-991","page","type-page","status-publish","hentry"],"yoast_head":"<!-- This site is optimized with the Yoast SEO plugin v23.1 - https:\/\/yoast.com\/wordpress\/plugins\/seo\/ -->\n<title>PEDAGOGI - J\u016aRMALAS VALSTSPILS\u0112TAS PUMPURU VIDUSSKOLA<\/title>\n<meta name=\"robots\" content=\"index, follow, max-snippet:-1, max-image-preview:large, max-video-preview:-1\" \/>\n<link rel=\"canonical\" href=\"https:\/\/pumpuruvsk.jurmala.lv\/?page_id=991\" \/>\n<meta property=\"og:locale\" content=\"lv_LV\" \/>\n<meta property=\"og:type\" content=\"article\" \/>\n<meta property=\"og:title\" content=\"PEDAGOGI - J\u016aRMALAS VALSTSPILS\u0112TAS PUMPURU VIDUSSKOLA\" \/>\n<meta property=\"og:description\" content=\"PEDAGOGA V\u0100RDS, UZV\u0100RDS PRIEK\u0160METS\/I Aizups J\u0101nis Dizains un tehnolo\u0123ijas, In\u017eenierzin\u012bbas Auz\u0101ne Alita Latvijas un pasaules v\u0113sture, Soci\u0101l\u0101s zin\u012bbas Avsejenkova Nata\u013cja Dabaszin\u012bbas, Matem\u0101tika, Latvie\u0161u valoda, Literat\u016bra, Soci\u0101l\u0101s zin\u012bbas, Klases stunda Be\u013c\u0113vi\u010da Irina Ang\u013cu valoda, Ang\u013cu valoda I Bicjutko Tatjana Ang\u013cu valoda I, Ang\u013cu valoda II Binders Roberts Fizika, Fizika I Boldireva Anastasija Latvie\u0161u valoda, Literat\u016bra, Te\u0101tra...\" \/>\n<meta property=\"og:url\" content=\"https:\/\/pumpuruvsk.jurmala.lv\/?page_id=991\" \/>\n<meta property=\"og:site_name\" content=\"J\u016aRMALAS VALSTSPILS\u0112TAS PUMPURU VIDUSSKOLA\" \/>\n<meta property=\"article:publisher\" content=\"https:\/\/www.facebook.com\/people\/Jrmalas-valstspilstas-Pumpuru-vidusskola\/61565829730579\/\" \/>\n<meta property=\"article:modified_time\" content=\"2026-02-13T07:20:03+00:00\" \/>\n<meta name=\"twitter:card\" content=\"summary_large_image\" \/>\n<meta name=\"twitter:label1\" content=\"Est. reading time\" \/>\n\t<meta name=\"twitter:data1\" content=\"5 min\u016btes\" \/>\n<script type=\"application\/ld+json\" class=\"yoast-schema-graph\">{\"@context\":\"https:\/\/schema.org\",\"@graph\":[{\"@type\":\"WebPage\",\"@id\":\"https:\/\/pumpuruvsk.jurmala.lv\/?page_id=991\",\"url\":\"https:\/\/pumpuruvsk.jurmala.lv\/?page_id=991\",\"name\":\"PEDAGOGI - J\u016aRMALAS VALSTSPILS\u0112TAS PUMPURU VIDUSSKOLA\",\"isPartOf\":{\"@id\":\"https:\/\/pumpuruvsk.jurmala.lv\/#website\"},\"datePublished\":\"2024-07-26T19:52:14+00:00\",\"dateModified\":\"2026-02-13T07:20:03+00:00\",\"breadcrumb\":{\"@id\":\"https:\/\/pumpuruvsk.jurmala.lv\/?page_id=991#breadcrumb\"},\"inLanguage\":\"lv-LV\",\"potentialAction\":[{\"@type\":\"ReadAction\",\"target\":[\"https:\/\/pumpuruvsk.jurmala.lv\/?page_id=991\"]}]},{\"@type\":\"BreadcrumbList\",\"@id\":\"https:\/\/pumpuruvsk.jurmala.lv\/?page_id=991#breadcrumb\",\"itemListElement\":[{\"@type\":\"ListItem\",\"position\":1,\"name\":\"Home\",\"item\":\"https:\/\/pumpuruvsk.jurmala.lv\/\"},{\"@type\":\"ListItem\",\"position\":2,\"name\":\"PEDAGOGI\"}]},{\"@type\":\"WebSite\",\"@id\":\"https:\/\/pumpuruvsk.jurmala.lv\/#website\",\"url\":\"https:\/\/pumpuruvsk.jurmala.lv\/\",\"name\":\"J\u016aRMALAS VALSTSPILS\u0112TAS PUMPURU VIDUSSKOLA.\",\"description\":\"SKOLA IZAUGSMEI\",\"publisher\":{\"@id\":\"https:\/\/pumpuruvsk.jurmala.lv\/#organization\"},\"potentialAction\":[{\"@type\":\"SearchAction\",\"target\":{\"@type\":\"EntryPoint\",\"urlTemplate\":\"https:\/\/pumpuruvsk.jurmala.lv\/?s={search_term_string}\"},\"query-input\":\"required name=search_term_string\"}],\"inLanguage\":\"lv-LV\"},{\"@type\":\"Organization\",\"@id\":\"https:\/\/pumpuruvsk.jurmala.lv\/#organization\",\"name\":\"J\u016aRMALAS VALSTSPILS\u0112TAS PUMPURU VIDUSSKOLA\",\"url\":\"https:\/\/pumpuruvsk.jurmala.lv\/\",\"logo\":{\"@type\":\"ImageObject\",\"inLanguage\":\"lv-LV\",\"@id\":\"https:\/\/pumpuruvsk.jurmala.lv\/#\/schema\/logo\/image\/\",\"url\":\"https:\/\/pumpuruvsk.jurmala.lv\/wp-content\/uploads\/2024\/02\/cropped-cropped-JPV-mazais-1-2.png\",\"contentUrl\":\"https:\/\/pumpuruvsk.jurmala.lv\/wp-content\/uploads\/2024\/02\/cropped-cropped-JPV-mazais-1-2.png\",\"width\":4500,\"height\":4500,\"caption\":\"J\u016aRMALAS VALSTSPILS\u0112TAS PUMPURU VIDUSSKOLA\"},\"image\":{\"@id\":\"https:\/\/pumpuruvsk.jurmala.lv\/#\/schema\/logo\/image\/\"},\"sameAs\":[\"https:\/\/www.facebook.com\/people\/Jrmalas-valstspilstas-Pumpuru-vidusskola\/61565829730579\/\"]}]}<\/script>\n<!-- \/ Yoast SEO plugin. -->","yoast_head_json":{"title":"PEDAGOGI - J\u016aRMALAS VALSTSPILS\u0112TAS PUMPURU VIDUSSKOLA","robots":{"index":"index","follow":"follow","max-snippet":"max-snippet:-1","max-image-preview":"max-image-preview:large","max-video-preview":"max-video-preview:-1"},"canonical":"https:\/\/pumpuruvsk.jurmala.lv\/?page_id=991","og_locale":"lv_LV","og_type":"article","og_title":"PEDAGOGI - J\u016aRMALAS VALSTSPILS\u0112TAS PUMPURU VIDUSSKOLA","og_description":"PEDAGOGA V\u0100RDS, UZV\u0100RDS PRIEK\u0160METS\/I Aizups J\u0101nis Dizains un tehnolo\u0123ijas, In\u017eenierzin\u012bbas Auz\u0101ne Alita Latvijas un pasaules v\u0113sture, Soci\u0101l\u0101s zin\u012bbas Avsejenkova Nata\u013cja Dabaszin\u012bbas, Matem\u0101tika, Latvie\u0161u valoda, Literat\u016bra, Soci\u0101l\u0101s zin\u012bbas, Klases stunda Be\u013c\u0113vi\u010da Irina Ang\u013cu valoda, Ang\u013cu valoda I Bicjutko Tatjana Ang\u013cu valoda I, Ang\u013cu valoda II Binders Roberts Fizika, Fizika I Boldireva Anastasija Latvie\u0161u valoda, Literat\u016bra, Te\u0101tra...","og_url":"https:\/\/pumpuruvsk.jurmala.lv\/?page_id=991","og_site_name":"J\u016aRMALAS VALSTSPILS\u0112TAS PUMPURU VIDUSSKOLA","article_publisher":"https:\/\/www.facebook.com\/people\/Jrmalas-valstspilstas-Pumpuru-vidusskola\/61565829730579\/","article_modified_time":"2026-02-13T07:20:03+00:00","twitter_card":"summary_large_image","twitter_misc":{"Est. reading time":"5 min\u016btes"},"schema":{"@context":"https:\/\/schema.org","@graph":[{"@type":"WebPage","@id":"https:\/\/pumpuruvsk.jurmala.lv\/?page_id=991","url":"https:\/\/pumpuruvsk.jurmala.lv\/?page_id=991","name":"PEDAGOGI - J\u016aRMALAS VALSTSPILS\u0112TAS PUMPURU VIDUSSKOLA","isPartOf":{"@id":"https:\/\/pumpuruvsk.jurmala.lv\/#website"},"datePublished":"2024-07-26T19:52:14+00:00","dateModified":"2026-02-13T07:20:03+00:00","breadcrumb":{"@id":"https:\/\/pumpuruvsk.jurmala.lv\/?page_id=991#breadcrumb"},"inLanguage":"lv-LV","potentialAction":[{"@type":"ReadAction","target":["https:\/\/pumpuruvsk.jurmala.lv\/?page_id=991"]}]},{"@type":"BreadcrumbList","@id":"https:\/\/pumpuruvsk.jurmala.lv\/?page_id=991#breadcrumb","itemListElement":[{"@type":"ListItem","position":1,"name":"Home","item":"https:\/\/pumpuruvsk.jurmala.lv\/"},{"@type":"ListItem","position":2,"name":"PEDAGOGI"}]},{"@type":"WebSite","@id":"https:\/\/pumpuruvsk.jurmala.lv\/#website","url":"https:\/\/pumpuruvsk.jurmala.lv\/","name":"J\u016aRMALAS VALSTSPILS\u0112TAS PUMPURU VIDUSSKOLA.","description":"SKOLA IZAUGSMEI","publisher":{"@id":"https:\/\/pumpuruvsk.jurmala.lv\/#organization"},"potentialAction":[{"@type":"SearchAction","target":{"@type":"EntryPoint","urlTemplate":"https:\/\/pumpuruvsk.jurmala.lv\/?s={search_term_string}"},"query-input":"required name=search_term_string"}],"inLanguage":"lv-LV"},{"@type":"Organization","@id":"https:\/\/pumpuruvsk.jurmala.lv\/#organization","name":"J\u016aRMALAS VALSTSPILS\u0112TAS PUMPURU VIDUSSKOLA","url":"https:\/\/pumpuruvsk.jurmala.lv\/","logo":{"@type":"ImageObject","inLanguage":"lv-LV","@id":"https:\/\/pumpuruvsk.jurmala.lv\/#\/schema\/logo\/image\/","url":"https:\/\/pumpuruvsk.jurmala.lv\/wp-content\/uploads\/2024\/02\/cropped-cropped-JPV-mazais-1-2.png","contentUrl":"https:\/\/pumpuruvsk.jurmala.lv\/wp-content\/uploads\/2024\/02\/cropped-cropped-JPV-mazais-1-2.png","width":4500,"height":4500,"caption":"J\u016aRMALAS VALSTSPILS\u0112TAS PUMPURU VIDUSSKOLA"},"image":{"@id":"https:\/\/pumpuruvsk.jurmala.lv\/#\/schema\/logo\/image\/"},"sameAs":["https:\/\/www.facebook.com\/people\/Jrmalas-valstspilstas-Pumpuru-vidusskola\/61565829730579\/"]}]}},"_links":{"self":[{"href":"https:\/\/pumpuruvsk.jurmala.lv\/index.php?rest_route=\/wp\/v2\/pages\/991","targetHints":{"allow":["GET"]}}],"collection":[{"href":"https:\/\/pumpuruvsk.jurmala.lv\/index.php?rest_route=\/wp\/v2\/pages"}],"about":[{"href":"https:\/\/pumpuruvsk.jurmala.lv\/index.php?rest_route=\/wp\/v2\/types\/page"}],"author":[{"embeddable":true,"href":"https:\/\/pumpuruvsk.jurmala.lv\/index.php?rest_route=\/wp\/v2\/users\/1"}],"replies":[{"embeddable":true,"href":"https:\/\/pumpuruvsk.jurmala.lv\/index.php?rest_route=%2Fwp%2Fv2%2Fcomments&post=991"}],"version-history":[{"count":62,"href":"https:\/\/pumpuruvsk.jurmala.lv\/index.php?rest_route=\/wp\/v2\/pages\/991\/revisions"}],"predecessor-version":[{"id":6707,"href":"https:\/\/pumpuruvsk.jurmala.lv\/index.php?rest_route=\/wp\/v2\/pages\/991\/revisions\/6707"}],"wp:attachment":[{"href":"https:\/\/pumpuruvsk.jurmala.lv\/index.php?rest_route=%2Fwp%2Fv2%2Fmedia&parent=991"}],"curies":[{"name":"wp","href":"https:\/\/api.w.org\/{rel}","templated":true}]}}